{"id":84718,"date":"2019-06-28T08:19:39","date_gmt":"2019-06-28T08:19:39","guid":{"rendered":"https:\/\/www.mayorhospitality.com\/about-us\/"},"modified":"2024-05-20T15:55:08","modified_gmt":"2024-05-20T15:55:08","slug":"about-us","status":"publish","type":"page","link":"https:\/\/www.mayorhospitality.com\/de\/about-us\/","title":{"rendered":"\u00dcber uns"},"content":{"rendered":"<p>[vc_row unlock_row=&#8220;&#8220; row_height_percent=&#8220;0&#8243; back_color=&#8220;color-xsdn&#8220; back_image=&#8220;82748&#8243; back_repeat=&#8220;no-repeat&#8220; back_position=&#8220;center center&#8220; overlay_color=&#8220;color-wayh&#8220; overlay_alpha=&#8220;50&#8243; gutter_size=&#8220;3&#8243; column_width_percent=&#8220;100&#8243; shift_y=&#8220;0&#8243; z_index=&#8220;0&#8243; top_divider=&#8220;gradient&#8220; bottom_divider=&#8220;step_3_4&#8243; el_class=&#8220;about-wide&#8220;][vc_column column_width_percent=&#8220;100&#8243; position_vertical=&#8220;bottom&#8220; align_horizontal=&#8220;align_center&#8220; gutter_size=&#8220;3&#8243; style=&#8220;dark&#8220; overlay_alpha=&#8220;50&#8243; shift_x=&#8220;0&#8243; shift_y=&#8220;0&#8243; shift_y_down=&#8220;0&#8243; z_index=&#8220;0&#8243; medium_width=&#8220;0&#8243; mobile_width=&#8220;0&#8243; css_animation=&#8220;left-t-right&#8220; animation_speed=&#8220;1000&#8243; animation_delay=&#8220;600&#8243; width=&#8220;1\/1&#8243;][vc_row_inner row_inner_height_percent=&#8220;0&#8243; overlay_alpha=&#8220;50&#8243; gutter_size=&#8220;4&#8243; shift_y=&#8220;0&#8243; z_index=&#8220;0&#8243;][vc_column_inner column_width_percent=&#8220;100&#8243; gutter_size=&#8220;2&#8243; style=&#8220;dark&#8220; overlay_alpha=&#8220;50&#8243; shift_x=&#8220;0&#8243; shift_y=&#8220;0&#8243; shift_y_down=&#8220;0&#8243; z_index=&#8220;0&#8243; medium_width=&#8220;4&#8243; mobile_visibility=&#8220;yes&#8220; mobile_width=&#8220;0&#8243; width=&#8220;4\/12&#8243;][\/vc_column_inner][vc_column_inner column_width_percent=&#8220;100&#8243; position_horizontal=&#8220;right&#8220; align_horizontal=&#8220;align_right&#8220; gutter_size=&#8220;4&#8243; style=&#8220;dark&#8220; overlay_alpha=&#8220;50&#8243; shift_x=&#8220;0&#8243; shift_y=&#8220;0&#8243; shift_y_down=&#8220;0&#8243; z_index=&#8220;0&#8243; medium_width=&#8220;4&#8243; mobile_width=&#8220;0&#8243; css_animation=&#8220;alpha-anim&#8220; width=&#8220;8\/12&#8243;][vc_custom_heading heading_semantic=&#8220;h1&#8243; text_size=&#8220;fontsize-155944&#8243;]Driven by a vision of excellence &amp; a vested interest<br \/>\nin providing indelible holiday experiences.[\/vc_custom_heading][\/vc_column_inner][\/vc_row_inner][\/vc_column][\/vc_row][vc_row row_height_percent=&#8220;0&#8243; overlay_alpha=&#8220;50&#8243; gutter_size=&#8220;3&#8243; column_width_percent=&#8220;85&#8243; shift_y=&#8220;0&#8243; z_index=&#8220;0&#8243;][vc_column column_width_percent=&#8220;100&#8243; gutter_size=&#8220;3&#8243; overlay_alpha=&#8220;50&#8243; shift_x=&#8220;0&#8243; shift_y=&#8220;0&#8243; shift_y_down=&#8220;0&#8243; z_index=&#8220;0&#8243; medium_width=&#8220;0&#8243; mobile_width=&#8220;0&#8243; width=&#8220;1\/1&#8243;][vc_row_inner][vc_column_inner width=&#8220;1\/6&#8243;][vc_custom_heading text_weight=&#8220;300&#8243; text_height=&#8220;fontheight-357766&#8243; text_space=&#8220;fontspace-781688&#8243;]\u00dcber uns[\/vc_custom_heading][\/vc_column_inner][vc_column_inner width=&#8220;5\/6&#8243;][vc_separator sep_color=&#8220;color-gyho&#8220; el_width=&#8220;100%&#8220; el_height=&#8220;10px&#8220; el_class=&#8220;title-divider&#8220;][\/vc_column_inner][\/vc_row_inner][vc_row_inner][vc_column_inner width=&#8220;1\/1&#8243;][vc_column_text]Unser Team von erfahrenen Fachleuten ist die treibende Kraft hinter unserer Vision innovative und konkrete Anweisungen zur Verf\u00fcgung zu stellen, die den Hotels helfen in den Markt einzudringen und wirtschaftliche Ergebnisse zu maximieren, schon aus dem ersten Jahr die Einnahmen zu erh\u00f6hen, w\u00e4hrend gleichzeitig die Zufriedenheitsrate der Hotel -Besucher hochbleiben soll.<\/p>\n<p>Mayor Hospitality Management leistet vielf\u00e4ltige Dienste und Strategien mit umfassendem Ansatz. Der Schl\u00fcssel unserer erfolgreichen Leistungen liegt in der Tatsache, dass wir die F\u00e4higkeit haben, die Einzigartigkeit jedes Hotels zu erkennen und sein Potenzial zu bewerten.<\/p>\n<p>Spezifische Ziele werden abgegrenzt und in der Folge wird ein strategischer Plan f\u00fcr ihre Erzielung formuliert, w\u00e4hrend gleichzeitig die einzigartige Lage des Hotels in dem Tourismus-Markt in jedem Schritt hergestellt wird.[\/vc_column_text][\/vc_column_inner][\/vc_row_inner][\/vc_column][\/vc_row][vc_row row_height_percent=&#8220;0&#8243; overlay_alpha=&#8220;50&#8243; equal_height=&#8220;yes&#8220; gutter_size=&#8220;1&#8243; column_width_percent=&#8220;100&#8243; shift_y=&#8220;0&#8243; z_index=&#8220;0&#8243; el_class=&#8220;fourColumn&#8220;][vc_column width=&#8220;1\/4&#8243;][vc_custom_heading]Multiply<br \/>\nyour Hotel&#8217;s Revenue[\/vc_custom_heading][vc_separator sep_color=&#8220;color-uydo&#8220; el_height=&#8220;3&#8243;][vc_column_text]Einer der gr\u00f6\u00dften Vorteile gewonnen von unseren Kunden aus einer Partnerschaft mit Mayor Hospitality Management ist, dass sie Zugang zu einem Netzwerk von globalen M\u00e4rkten von strategischen Partnern und Vertriebskan\u00e4len mit dem Ziel der Erh\u00f6hung der Hoteleinnahmen gewinnen.[\/vc_column_text][\/vc_column][vc_column width=&#8220;1\/4&#8243;][vc_custom_heading]Expertise &amp; Experience<br \/>\nin the Tourism Industry[\/vc_custom_heading][vc_separator sep_color=&#8220;color-uydo&#8220; el_height=&#8220;3&#8243;][vc_column_text]Nach einer gr\u00fcndlichen Auswertung der einzelnen Hotels, bietet Mayor Hospitality Management eine breite Palette an ma\u00dfgeschneiderten Dienstleistungen und analytischen Organisations-Vorschl\u00e4gen und hilft Hotelbesitzern die gew\u00fcnschten Ergebnisse in der Tourismusbranche zu erreichen, n\u00e4mlich Einnahmen durch eine feste Penetrationsstrategie auf dem Markt zu erh\u00f6hen.[\/vc_column_text][\/vc_column][vc_column width=&#8220;1\/4&#8243;][vc_custom_heading]Successful Strategies<br \/>\nfor Hotel Growth[\/vc_custom_heading][vc_separator sep_color=&#8220;color-uydo&#8220; el_height=&#8220;3&#8243;][vc_column_text]Nach einer gr\u00fcndlichen Auswertung der einzelnen Hotels, bietet Mayor Hospitality Management eine breite Palette an ma\u00dfgeschneiderten Dienstleistungen und analytischen Organisations-Vorschl\u00e4gen und hilft Hotelbesitzern die gew\u00fcnschten Ergebnisse in der Tourismusbranche zu erreichen, n\u00e4mlich Einnahmen durch eine feste Penetrationsstrategie auf dem Markt zu erh\u00f6hen.[\/vc_column_text][\/vc_column][vc_column width=&#8220;1\/4&#8243;][vc_custom_heading]Increase<br \/>\nyour Market Share[\/vc_custom_heading][vc_separator sep_color=&#8220;color-uydo&#8220; el_height=&#8220;3&#8243;][vc_column_text]Das Verkaufsteam des Mayor Hospitality Management zielt auf die Erh\u00f6hung des Marktanteils und Umsatzes jedes Hotels, mit der Vision der Erzielung und \u00dcberschreitung der gesetzten Ziele. Durch st\u00e4ndige \u00dcberwachung und flexible Anpassung werden die individuellen Bed\u00fcrfnisse jedes Hotels erf\u00fcllt und die M\u00f6glichkeiten f\u00fcr Umsatzwachstum und Marktanteil maximiert.[\/vc_column_text][\/vc_column][\/vc_row][vc_row row_height_percent=&#8220;0&#8243; back_color=&#8220;color-xsdn&#8220; overlay_alpha=&#8220;100&#8243; gutter_size=&#8220;100&#8243; column_width_percent=&#8220;100&#8243; shift_y=&#8220;0&#8243; z_index=&#8220;0&#8243; style=&#8220;dark&#8220; row_name=&#8220;Design &amp; Quality&#8220;][vc_column column_width_use_pixel=&#8220;yes&#8220; align_horizontal=&#8220;align_center&#8220; gutter_size=&#8220;3&#8243; override_padding=&#8220;yes&#8220; column_padding=&#8220;0&#8243; overlay_alpha=&#8220;100&#8243; shift_x=&#8220;0&#8243; shift_y=&#8220;0&#8243; shift_y_down=&#8220;0&#8243; z_index=&#8220;0&#8243; medium_width=&#8220;0&#8243; mobile_width=&#8220;0&#8243; zoom_width=&#8220;0&#8243; zoom_height=&#8220;0&#8243; width=&#8220;1\/3&#8243; column_width_pixel=&#8220;800&#8243;][\/vc_column][vc_column width=&#8220;1\/3&#8243;][vc_column_text text_lead=&#8220;yes&#8220; css=&#8220;.vc_custom_1568124334879{margin-left: 0px !important;border-right-width: 0px !important;}&#8220;]<\/p>\n<h1 style=\"text-align: center;\">OUR TEAM<\/h1>\n<p>[\/vc_column_text][vc_separator sep_color=&#8220;color-uydo&#8220; el_width=&#8220;33%&#8220; el_height=&#8220;10px&#8220;][\/vc_column][vc_column width=&#8220;1\/3&#8243;][\/vc_column][\/vc_row][vc_row][vc_column column_width_percent=&#8220;100&#8243; align_horizontal=&#8220;align_right&#8220; gutter_size=&#8220;3&#8243; overlay_alpha=&#8220;50&#8243; shift_x=&#8220;0&#8243; shift_y=&#8220;0&#8243; shift_y_down=&#8220;0&#8243; z_index=&#8220;0&#8243; medium_width=&#8220;0&#8243; mobile_width=&#8220;0&#8243; width=&#8220;1\/6&#8243; el_class=&#8220;nonMobile&#8220;][\/vc_column][vc_column column_width_percent=&#8220;100&#8243; gutter_size=&#8220;3&#8243; overlay_alpha=&#8220;50&#8243; shift_x=&#8220;0&#8243; shift_y=&#8220;0&#8243; shift_y_down=&#8220;0&#8243; z_index=&#8220;0&#8243; medium_width=&#8220;0&#8243; mobile_width=&#8220;0&#8243; width=&#8220;1\/6&#8243; el_class=&#8220;nonMobile&#8220;][vc_single_image media=&#8220;85457&#8243; media_width_use_pixel=&#8220;yes&#8220; media_width_pixel=&#8220;200&#8243;][vc_column_text]<span style=\"color: #808080;\"><em>Linardou Spirella<\/em><\/span><br \/>\n<span style=\"color: #000000;\">CEO<\/span>[\/vc_column_text][\/vc_column][vc_column column_width_percent=&#8220;100&#8243; gutter_size=&#8220;3&#8243; overlay_alpha=&#8220;50&#8243; shift_x=&#8220;0&#8243; shift_y=&#8220;0&#8243; shift_y_down=&#8220;0&#8243; z_index=&#8220;0&#8243; medium_width=&#8220;0&#8243; mobile_width=&#8220;0&#8243; width=&#8220;1\/6&#8243; el_class=&#8220;cvEntry&#8220;][vc_single_image media=&#8220;85442&#8243; media_width_use_pixel=&#8220;yes&#8220; media_width_pixel=&#8220;200&#8243;][vc_column_text uncode_shortcode_id=&#8220;175158&#8243;]<\/p>\n<p style=\"text-align: left;\"><span style=\"color: #808080;\"><em>Gourlias Konstantinos<\/em><\/span><br \/>\n<span style=\"color: #000000;\">Group General Manager<\/span><\/p>\n<p>[\/vc_column_text][\/vc_column][vc_column column_width_percent=&#8220;100&#8243; gutter_size=&#8220;3&#8243; overlay_alpha=&#8220;50&#8243; shift_x=&#8220;0&#8243; shift_y=&#8220;0&#8243; shift_y_down=&#8220;0&#8243; z_index=&#8220;0&#8243; medium_width=&#8220;0&#8243; mobile_width=&#8220;0&#8243; width=&#8220;1\/6&#8243; el_class=&#8220;cvEntry&#8220;][vc_single_image media=&#8220;85422&#8243; media_width_use_pixel=&#8220;yes&#8220; media_width_pixel=&#8220;200&#8243;][vc_column_text]<span style=\"color: #808080;\"><em>Anthi Elena<\/em><\/span><br \/>\n<span style=\"color: #000000;\">Sales &amp; Marketing Director<\/span>[\/vc_column_text][\/vc_column][vc_column column_width_percent=&#8220;100&#8243; gutter_size=&#8220;3&#8243; overlay_alpha=&#8220;50&#8243; shift_x=&#8220;0&#8243; shift_y=&#8220;0&#8243; shift_y_down=&#8220;0&#8243; z_index=&#8220;0&#8243; medium_width=&#8220;0&#8243; mobile_width=&#8220;0&#8243; width=&#8220;1\/6&#8243; el_class=&#8220;nonMobile&#8220;][\/vc_column][\/vc_row][vc_row][vc_column column_width_percent=&#8220;100&#8243; gutter_size=&#8220;3&#8243; overlay_alpha=&#8220;50&#8243; shift_x=&#8220;0&#8243; shift_y=&#8220;0&#8243; shift_y_down=&#8220;0&#8243; z_index=&#8220;0&#8243; medium_width=&#8220;0&#8243; mobile_width=&#8220;0&#8243; width=&#8220;1\/6&#8243; el_class=&#8220;cvEntry&#8220;][\/vc_column][vc_column column_width_percent=&#8220;100&#8243; gutter_size=&#8220;3&#8243; overlay_alpha=&#8220;50&#8243; shift_x=&#8220;0&#8243; shift_y=&#8220;0&#8243; shift_y_down=&#8220;0&#8243; z_index=&#8220;0&#8243; medium_width=&#8220;0&#8243; mobile_width=&#8220;0&#8243; width=&#8220;1\/6&#8243; el_class=&#8220;nonMobile&#8220;][vc_single_image media=&#8220;85477&#8243; media_width_use_pixel=&#8220;yes&#8220; media_width_pixel=&#8220;200&#8243;][vc_column_text]<\/p>\n<p style=\"text-align: left;\"><span style=\"color: #808080;\"><em>Michalis Nikolaos<\/em><\/span><br \/>\n<span style=\"color: #000000;\">Chief Budgeting &amp; Payroll Officer<\/span><\/p>\n<p>[\/vc_column_text][\/vc_column][vc_column column_width_percent=&#8220;100&#8243; gutter_size=&#8220;3&#8243; overlay_alpha=&#8220;50&#8243; shift_x=&#8220;0&#8243; shift_y=&#8220;0&#8243; shift_y_down=&#8220;0&#8243; z_index=&#8220;0&#8243; medium_width=&#8220;0&#8243; mobile_width=&#8220;0&#8243; width=&#8220;1\/6&#8243; el_class=&#8220;cvEntry&#8220;][vc_single_image media=&#8220;87511&#8243; media_width_use_pixel=&#8220;yes&#8220; media_width_pixel=&#8220;200&#8243; uncode_shortcode_id=&#8220;180069&#8243;][vc_column_text uncode_shortcode_id=&#8220;870816&#8243;]<\/p>\n<p style=\"text-align: left;\"><span style=\"color: #808080;\"><em>Miltos Armenis<\/em><\/span><br \/>\n<span style=\"color: #000000;\">Group Executive Chef<\/span><\/p>\n<p>[\/vc_column_text][\/vc_column][vc_column column_width_percent=&#8220;100&#8243; gutter_size=&#8220;3&#8243; overlay_alpha=&#8220;50&#8243; shift_x=&#8220;0&#8243; shift_y=&#8220;0&#8243; shift_y_down=&#8220;0&#8243; z_index=&#8220;0&#8243; medium_width=&#8220;0&#8243; mobile_width=&#8220;0&#8243; width=&#8220;1\/6&#8243; el_class=&#8220;cvEntry&#8220;][vc_single_image media=&#8220;85482&#8243; media_width_use_pixel=&#8220;yes&#8220; media_width_pixel=&#8220;200&#8243;][vc_column_text]<\/p>\n<p style=\"text-align: left;\"><span style=\"color: #808080;\"><em>Nikomanis Spiros<\/em><\/span><br \/>\n<span style=\"color: #000000;\">Constructor &amp; Engineering Manager<\/span><\/p>\n<p>[\/vc_column_text][\/vc_column][vc_column width=&#8220;1\/6&#8243;][\/vc_column][\/vc_row][vc_row row_height_percent=&#8220;0&#8243; overlay_alpha=&#8220;50&#8243; gutter_size=&#8220;3&#8243; column_width_percent=&#8220;85&#8243; shift_y=&#8220;0&#8243; z_index=&#8220;0&#8243;][vc_column column_width_percent=&#8220;100&#8243; gutter_size=&#8220;3&#8243; overlay_alpha=&#8220;50&#8243; shift_x=&#8220;0&#8243; shift_y=&#8220;0&#8243; shift_y_down=&#8220;0&#8243; z_index=&#8220;0&#8243; medium_width=&#8220;0&#8243; mobile_width=&#8220;0&#8243; width=&#8220;1\/1&#8243;][vc_column_text text_lead=&#8220;yes&#8220; css=&#8220;.vc_custom_1716220505207{margin-left: 0px !important;border-right-width: 0px !important;}&#8220; uncode_shortcode_id=&#8220;214273&#8243;]<\/p>\n<h2 style=\"text-align: center; text-decoration: underline;\"><a href=\"\/de\/our-team\/\"><span style=\"color: #999999;\"><em>Meet the rest of Mayor Hospitality Management Team<\/em><\/span><\/a><\/h2>\n<p>[\/vc_column_text][\/vc_column][\/vc_row][vc_row row_height_percent=&#8220;0&#8243; back_color=&#8220;color-xsdn&#8220; overlay_alpha=&#8220;100&#8243; gutter_size=&#8220;100&#8243; column_width_percent=&#8220;100&#8243; shift_y=&#8220;0&#8243; z_index=&#8220;0&#8243; style=&#8220;dark&#8220; row_name=&#8220;Design &amp; Quality&#8220;][vc_column column_width_use_pixel=&#8220;yes&#8220; align_horizontal=&#8220;align_center&#8220; gutter_size=&#8220;3&#8243; override_padding=&#8220;yes&#8220; column_padding=&#8220;0&#8243; overlay_alpha=&#8220;100&#8243; shift_x=&#8220;0&#8243; shift_y=&#8220;0&#8243; shift_y_down=&#8220;0&#8243; z_index=&#8220;0&#8243; medium_width=&#8220;0&#8243; mobile_width=&#8220;0&#8243; zoom_width=&#8220;0&#8243; zoom_height=&#8220;0&#8243; width=&#8220;1\/3&#8243; column_width_pixel=&#8220;800&#8243;][\/vc_column][vc_column width=&#8220;1\/3&#8243;][vc_column_text text_lead=&#8220;yes&#8220; css=&#8220;.vc_custom_1562680064497{margin-left: 0px !important;border-right-width: 0px !important;}&#8220;]<\/p>\n<h1 style=\"text-align: center;\">OUR SERVICES<\/h1>\n<p>[\/vc_column_text][vc_separator sep_color=&#8220;color-uydo&#8220; el_width=&#8220;33%&#8220; el_height=&#8220;10px&#8220;][\/vc_column][vc_column width=&#8220;1\/3&#8243;][\/vc_column][\/vc_row][vc_row row_height_percent=&#8220;0&#8243; override_padding=&#8220;yes&#8220; h_padding=&#8220;2&#8243; top_padding=&#8220;3&#8243; bottom_padding=&#8220;3&#8243; overlay_alpha=&#8220;50&#8243; gutter_size=&#8220;3&#8243; column_width_percent=&#8220;100&#8243; border_color=&#8220;color-gyho&#8220; border_style=&#8220;solid&#8220; shift_y=&#8220;0&#8243; z_index=&#8220;0&#8243; css=&#8220;.vc_custom_1497254753995{border-top-width: 1px !important;}&#8220;][vc_column column_width_percent=&#8220;100&#8243; align_horizontal=&#8220;align_center&#8220; gutter_size=&#8220;3&#8243; overlay_alpha=&#8220;50&#8243; shift_x=&#8220;0&#8243; shift_y=&#8220;0&#8243; z_index=&#8220;0&#8243; medium_width=&#8220;0&#8243; width=&#8220;1\/1&#8243;][vc_custom_heading heading_semantic=&#8220;h5&#8243; text_font=&#8220;font-762333&#8243; text_size=&#8220;fontsize-160000&#8243; text_transform=&#8220;uppercase&#8220; text_space=&#8220;fontspace-502722&#8243;]Related\u00a0Works[\/vc_custom_heading][uncode_block id=&#8220;49597&#8243;][\/vc_column][\/vc_row]<\/p>\n","protected":false},"excerpt":{"rendered":"<p>[vc_row unlock_row=&#8220;&#8220; row_height_percent=&#8220;0&#8243; back_color=&#8220;color-xsdn&#8220; back_image=&#8220;82748&#8243; back_repeat=&#8220;no-repeat&#8220; back_position=&#8220;center center&#8220; overlay_color=&#8220;color-wayh&#8220; overlay_alpha=&#8220;50&#8243; gutter_size=&#8220;3&#8243; column_width_percent=&#8220;100&#8243; shift_y=&#8220;0&#8243; z_index=&#8220;0&#8243; top_divider=&#8220;gradient&#8220; bottom_divider=&#8220;step_3_4&#8243; el_class=&#8220;about-wide&#8220;][vc_column column_width_percent=&#8220;100&#8243; position_vertical=&#8220;bottom&#8220; align_horizontal=&#8220;align_center&#8220; [&hellip;]<\/p>\n","protected":false},"author":1,"featured_media":0,"parent":0,"menu_order":0,"comment_status":"closed","ping_status":"closed","template":"","meta":{"footnotes":""},"class_list":["post-84718","page","type-page","status-publish","hentry"],"yoast_head":"<!-- This site is optimized with the Yoast SEO plugin v27.1 - https:\/\/yoast.com\/product\/yoast-seo-wordpress\/ -->\n<title>\u00dcber uns - Mayor Hospitality Managment<\/title>\n<meta name=\"robots\" content=\"index, follow, max-snippet:-1, max-image-preview:large, max-video-preview:-1\" \/>\n<link rel=\"canonical\" href=\"https:\/\/www.mayorhospitality.com\/de\/about-us\/\" \/>\n<meta property=\"og:locale\" content=\"de_DE\" \/>\n<meta property=\"og:type\" content=\"article\" \/>\n<meta property=\"og:title\" content=\"\u00dcber uns - Mayor Hospitality Managment\" \/>\n<meta property=\"og:description\" content=\"[vc_row unlock_row=&#8220;&#8220; row_height_percent=&#8220;0&#8243; back_color=&#8220;color-xsdn&#8220; back_image=&#8220;82748&#8243; back_repeat=&#8220;no-repeat&#8220; back_position=&#8220;center center&#8220; overlay_color=&#8220;color-wayh&#8220; overlay_alpha=&#8220;50&#8243; gutter_size=&#8220;3&#8243; column_width_percent=&#8220;100&#8243; shift_y=&#8220;0&#8243; z_index=&#8220;0&#8243; top_divider=&#8220;gradient&#8220; bottom_divider=&#8220;step_3_4&#8243; el_class=&#8220;about-wide&#8220;][vc_column column_width_percent=&#8220;100&#8243; position_vertical=&#8220;bottom&#8220; align_horizontal=&#8220;align_center&#8220; [&hellip;]\" \/>\n<meta property=\"og:url\" content=\"https:\/\/www.mayorhospitality.com\/de\/about-us\/\" \/>\n<meta property=\"og:site_name\" content=\"Mayor Hospitality Managment\" \/>\n<meta property=\"article:publisher\" content=\"https:\/\/www.facebook.com\/mayorhospitalitymanagement\/\" \/>\n<meta property=\"article:modified_time\" content=\"2024-05-20T15:55:08+00:00\" \/>\n<meta name=\"twitter:card\" content=\"summary_large_image\" \/>\n<meta name=\"twitter:site\" content=\"@ManagementMayor\" \/>\n<meta name=\"twitter:label1\" content=\"Gesch\u00e4tzte Lesezeit\" \/>\n\t<meta name=\"twitter:data1\" content=\"8\u00a0Minuten\" \/>\n<script type=\"application\/ld+json\" class=\"yoast-schema-graph\">{\"@context\":\"https:\/\/schema.org\",\"@graph\":[{\"@type\":\"WebPage\",\"@id\":\"https:\/\/www.mayorhospitality.com\/de\/about-us\/\",\"url\":\"https:\/\/www.mayorhospitality.com\/de\/about-us\/\",\"name\":\"\u00dcber uns - Mayor Hospitality Managment\",\"isPartOf\":{\"@id\":\"https:\/\/www.mayorhospitality.com\/#website\"},\"datePublished\":\"2019-06-28T08:19:39+00:00\",\"dateModified\":\"2024-05-20T15:55:08+00:00\",\"breadcrumb\":{\"@id\":\"https:\/\/www.mayorhospitality.com\/de\/about-us\/#breadcrumb\"},\"inLanguage\":\"de\",\"potentialAction\":[{\"@type\":\"ReadAction\",\"target\":[\"https:\/\/www.mayorhospitality.com\/de\/about-us\/\"]}]},{\"@type\":\"BreadcrumbList\",\"@id\":\"https:\/\/www.mayorhospitality.com\/de\/about-us\/#breadcrumb\",\"itemListElement\":[{\"@type\":\"ListItem\",\"position\":1,\"name\":\"Home\",\"item\":\"https:\/\/www.mayorhospitality.com\/de\/\"},{\"@type\":\"ListItem\",\"position\":2,\"name\":\"\u00dcber uns\"}]},{\"@type\":\"WebSite\",\"@id\":\"https:\/\/www.mayorhospitality.com\/#website\",\"url\":\"https:\/\/www.mayorhospitality.com\/\",\"name\":\"Mayor Hospitality Managment\",\"description\":\"360 Hospitality Management Services\",\"publisher\":{\"@id\":\"https:\/\/www.mayorhospitality.com\/#organization\"},\"potentialAction\":[{\"@type\":\"SearchAction\",\"target\":{\"@type\":\"EntryPoint\",\"urlTemplate\":\"https:\/\/www.mayorhospitality.com\/?s={search_term_string}\"},\"query-input\":{\"@type\":\"PropertyValueSpecification\",\"valueRequired\":true,\"valueName\":\"search_term_string\"}}],\"inLanguage\":\"de\"},{\"@type\":\"Organization\",\"@id\":\"https:\/\/www.mayorhospitality.com\/#organization\",\"name\":\"Mayor Hospitality Managment\",\"url\":\"https:\/\/www.mayorhospitality.com\/\",\"logo\":{\"@type\":\"ImageObject\",\"inLanguage\":\"de\",\"@id\":\"https:\/\/www.mayorhospitality.com\/#\/schema\/logo\/image\/\",\"url\":\"https:\/\/www.mayorhospitality.com\/wp-content\/uploads\/2019\/07\/mhm_logo.png\",\"contentUrl\":\"https:\/\/www.mayorhospitality.com\/wp-content\/uploads\/2019\/07\/mhm_logo.png\",\"width\":457,\"height\":112,\"caption\":\"Mayor Hospitality Managment\"},\"image\":{\"@id\":\"https:\/\/www.mayorhospitality.com\/#\/schema\/logo\/image\/\"},\"sameAs\":[\"https:\/\/www.facebook.com\/mayorhospitalitymanagement\/\",\"https:\/\/x.com\/ManagementMayor\",\"https:\/\/www.linkedin.com\/company\/mayor-hospitality-management\"]}]}<\/script>\n<!-- \/ Yoast SEO plugin. -->","yoast_head_json":{"title":"\u00dcber uns - Mayor Hospitality Managment","robots":{"index":"index","follow":"follow","max-snippet":"max-snippet:-1","max-image-preview":"max-image-preview:large","max-video-preview":"max-video-preview:-1"},"canonical":"https:\/\/www.mayorhospitality.com\/de\/about-us\/","og_locale":"de_DE","og_type":"article","og_title":"\u00dcber uns - Mayor Hospitality Managment","og_description":"[vc_row unlock_row=&#8220;&#8220; row_height_percent=&#8220;0&#8243; back_color=&#8220;color-xsdn&#8220; back_image=&#8220;82748&#8243; back_repeat=&#8220;no-repeat&#8220; back_position=&#8220;center center&#8220; overlay_color=&#8220;color-wayh&#8220; overlay_alpha=&#8220;50&#8243; gutter_size=&#8220;3&#8243; column_width_percent=&#8220;100&#8243; shift_y=&#8220;0&#8243; z_index=&#8220;0&#8243; top_divider=&#8220;gradient&#8220; bottom_divider=&#8220;step_3_4&#8243; el_class=&#8220;about-wide&#8220;][vc_column column_width_percent=&#8220;100&#8243; position_vertical=&#8220;bottom&#8220; align_horizontal=&#8220;align_center&#8220; [&hellip;]","og_url":"https:\/\/www.mayorhospitality.com\/de\/about-us\/","og_site_name":"Mayor Hospitality Managment","article_publisher":"https:\/\/www.facebook.com\/mayorhospitalitymanagement\/","article_modified_time":"2024-05-20T15:55:08+00:00","twitter_card":"summary_large_image","twitter_site":"@ManagementMayor","twitter_misc":{"Gesch\u00e4tzte Lesezeit":"8\u00a0Minuten"},"schema":{"@context":"https:\/\/schema.org","@graph":[{"@type":"WebPage","@id":"https:\/\/www.mayorhospitality.com\/de\/about-us\/","url":"https:\/\/www.mayorhospitality.com\/de\/about-us\/","name":"\u00dcber uns - Mayor Hospitality Managment","isPartOf":{"@id":"https:\/\/www.mayorhospitality.com\/#website"},"datePublished":"2019-06-28T08:19:39+00:00","dateModified":"2024-05-20T15:55:08+00:00","breadcrumb":{"@id":"https:\/\/www.mayorhospitality.com\/de\/about-us\/#breadcrumb"},"inLanguage":"de","potentialAction":[{"@type":"ReadAction","target":["https:\/\/www.mayorhospitality.com\/de\/about-us\/"]}]},{"@type":"BreadcrumbList","@id":"https:\/\/www.mayorhospitality.com\/de\/about-us\/#breadcrumb","itemListElement":[{"@type":"ListItem","position":1,"name":"Home","item":"https:\/\/www.mayorhospitality.com\/de\/"},{"@type":"ListItem","position":2,"name":"\u00dcber uns"}]},{"@type":"WebSite","@id":"https:\/\/www.mayorhospitality.com\/#website","url":"https:\/\/www.mayorhospitality.com\/","name":"Mayor Hospitality Managment","description":"360 Hospitality Management Services","publisher":{"@id":"https:\/\/www.mayorhospitality.com\/#organization"},"potentialAction":[{"@type":"SearchAction","target":{"@type":"EntryPoint","urlTemplate":"https:\/\/www.mayorhospitality.com\/?s={search_term_string}"},"query-input":{"@type":"PropertyValueSpecification","valueRequired":true,"valueName":"search_term_string"}}],"inLanguage":"de"},{"@type":"Organization","@id":"https:\/\/www.mayorhospitality.com\/#organization","name":"Mayor Hospitality Managment","url":"https:\/\/www.mayorhospitality.com\/","logo":{"@type":"ImageObject","inLanguage":"de","@id":"https:\/\/www.mayorhospitality.com\/#\/schema\/logo\/image\/","url":"https:\/\/www.mayorhospitality.com\/wp-content\/uploads\/2019\/07\/mhm_logo.png","contentUrl":"https:\/\/www.mayorhospitality.com\/wp-content\/uploads\/2019\/07\/mhm_logo.png","width":457,"height":112,"caption":"Mayor Hospitality Managment"},"image":{"@id":"https:\/\/www.mayorhospitality.com\/#\/schema\/logo\/image\/"},"sameAs":["https:\/\/www.facebook.com\/mayorhospitalitymanagement\/","https:\/\/x.com\/ManagementMayor","https:\/\/www.linkedin.com\/company\/mayor-hospitality-management"]}]}},"_links":{"self":[{"href":"https:\/\/www.mayorhospitality.com\/de\/wp-json\/wp\/v2\/pages\/84718","targetHints":{"allow":["GET"]}}],"collection":[{"href":"https:\/\/www.mayorhospitality.com\/de\/wp-json\/wp\/v2\/pages"}],"about":[{"href":"https:\/\/www.mayorhospitality.com\/de\/wp-json\/wp\/v2\/types\/page"}],"author":[{"embeddable":true,"href":"https:\/\/www.mayorhospitality.com\/de\/wp-json\/wp\/v2\/users\/1"}],"replies":[{"embeddable":true,"href":"https:\/\/www.mayorhospitality.com\/de\/wp-json\/wp\/v2\/comments?post=84718"}],"version-history":[{"count":18,"href":"https:\/\/www.mayorhospitality.com\/de\/wp-json\/wp\/v2\/pages\/84718\/revisions"}],"predecessor-version":[{"id":87738,"href":"https:\/\/www.mayorhospitality.com\/de\/wp-json\/wp\/v2\/pages\/84718\/revisions\/87738"}],"wp:attachment":[{"href":"https:\/\/www.mayorhospitality.com\/de\/wp-json\/wp\/v2\/media?parent=84718"}],"curies":[{"name":"wp","href":"https:\/\/api.w.org\/{rel}","templated":true}]}}