{"id":84810,"date":"2019-07-01T13:00:19","date_gmt":"2019-07-01T13:00:19","guid":{"rendered":"https:\/\/www.mayorhospitality.com\/services\/expenditure-controls\/"},"modified":"2019-09-05T10:26:09","modified_gmt":"2019-09-05T10:26:09","slug":"expenditure-controls","status":"publish","type":"page","link":"https:\/\/www.mayorhospitality.com\/de\/our-services\/expenditure-controls\/","title":{"rendered":"Ausgabenkontrolle"},"content":{"rendered":"<p>[vc_row][vc_column width=&#8220;1\/4&#8243;][\/vc_column][vc_column width=&#8220;1\/2&#8243;][vc_column_text text_lead=&#8220;yes&#8220; css=&#8220;.vc_custom_1567418994270{margin-left: 0px !important;border-right-width: 0px !important;}&#8220;]<\/p>\n<h1 style=\"text-align: center;\"><b>Ausgabenkontrolle<\/b><\/h1>\n<p>[\/vc_column_text][vc_separator sep_color=&#8220;color-uydo&#8220; el_width=&#8220;25%&#8220; el_height=&#8220;10px&#8220;][vc_column_text text_lead=&#8220;yes&#8220;]<\/p>\n<p style=\"text-align: center; font-size: 30px; font-weight: 300; font-style: italic;\">Ein kosteneffizientes Modell, das speziell auf jedes Partnerhotel zugeschnitten ist, sorgt f\u00fcr ein beispielloses Umsatzwachstum.<\/p>\n<p>[\/vc_column_text][\/vc_column][vc_column width=&#8220;1\/4&#8243;][\/vc_column][\/vc_row][vc_row row_height_percent=&#8220;0&#8243; overlay_alpha=&#8220;50&#8243; gutter_size=&#8220;3&#8243; column_width_percent=&#8220;100&#8243; shift_y=&#8220;0&#8243; z_index=&#8220;0&#8243;][vc_column width=&#8220;1\/1&#8243;][vc_single_image media=&#8220;82744&#8243; media_width_percent=&#8220;100&#8243; media_ratio=&#8220;twentyone-nine&#8220; alignment=&#8220;center&#8220;][\/vc_column][\/vc_row][vc_row row_height_percent=&#8220;0&#8243; override_padding=&#8220;yes&#8220; h_padding=&#8220;4&#8243; top_padding=&#8220;2&#8243; bottom_padding=&#8220;2&#8243; overlay_alpha=&#8220;50&#8243; gutter_size=&#8220;3&#8243; column_width_percent=&#8220;100&#8243; shift_y=&#8220;0&#8243; z_index=&#8220;0&#8243;][vc_column width=&#8220;1\/1&#8243;][vc_row_inner][vc_column_inner width=&#8220;1\/2&#8243;][vc_column_text]<strong>Arbeit<\/strong><\/p>\n<p>Eine Expertengruppe unter der Leitung von Mayor Hospitality Management \u00fcberwacht intensiv den Produktionsprozess der einzelnen Hotels, kontrollierend den Zeitplan und Personalbestand in Bezug auf die Hotel Anforderungen. Schlie\u00dflich werden die notwendigen \u00c4nderungen vorgeschlagen, um die Ergebnisse zu m\u00f6glichst geringen Kosten und mit dem h\u00f6chsten Grad an Zufriedenheit der Besucher zu optimieren.<\/p>\n<p><strong>Hoteleinrichtungen und Energieverbrauch<\/strong><\/p>\n<p>Das Bau-und Wartungssystem von Mayor Hospitality Management- kontrolliert die Einrichtungen, die Ausr\u00fcstung und das Anlageverm\u00f6gen des Hotels. Anschlie\u00dfend schl\u00e4gt es \u00c4nderungen an der technischen Wartung vor, bewertet den erforderlichen Ausbau und Anschaffungen und nimmt \u00c4nderungen vor, um den Energieverbrauch zu senken. F\u00fcr alle oben genannten Punkte wird ein Plan erstellt, der auf Wunsch auch das Budget und den Zeitplan f\u00fcr die Durchf\u00fchrung des Projekts enth\u00e4lt.[\/vc_column_text][\/vc_column_inner][vc_column_inner width=&#8220;1\/2&#8243;][vc_column_text]<strong>Lieferung von Materialien<\/strong><\/p>\n<p>Die Einkaufsabteilung von Mayor Hospitality Management \u00fcberpr\u00fcft die K\u00e4ufe der einzelnen Hotels, die Vertragsabschluss-Verfahren und Produktpreise, den Bestellprozess und bestehende Finanzierungsvereinbarungen. Wir halten Vereinbarungen auf nationaler und regionaler Ebene mit gro\u00dfen Lieferanten- Unternehmen, f\u00f6rdernd Skaleneffekte, so dass wir den Erwerb von hochwertigen Waren zum bestm\u00f6glichen Preis f\u00fcr unsere Hotels gew\u00e4hrleisten.<\/p>\n<p>Nach einer eingehenden Untersuchung aller Abteilungen des Hotels wird eine Datei \u00fcbergeben, die die entsprechenden Lieferanten und optimale Bestellverfahren sowie die rentablen Finanzvertr\u00e4ge enth\u00e4lt, immer mit Ziel die bestm\u00f6gliche Qualit\u00e4t zur Maximierung der Zufriedenheit der Besucher.<\/p>\n<p><strong>Reinigungsdienste<\/strong><\/p>\n<p>Einer unserer Spezialisten kontrolliert die Verwaltung der Arbeitskosten der Reinigung -Abteilung, kontrolliert die Sauberkeit der R\u00e4ume und anderer Einrichtungen , analysiert die Verwendung von chemischen Reinigungsmitteln und bewertet die Auswahl an Bettw\u00e4sche und Inventar und Schadensh\u00f6he.[\/vc_column_text][\/vc_column_inner][\/vc_row_inner][\/vc_column][\/vc_row][vc_row][vc_column width=&#8220;1\/4&#8243;][\/vc_column][vc_column width=&#8220;1\/2&#8243;][vc_column_text text_lead=&#8220;yes&#8220; css=&#8220;.vc_custom_1567419260668{margin-left: 0px !important;border-right-width: 0px !important;}&#8220;]<\/p>\n<h1 style=\"text-align: center;\"><b>Dienstleistungen <\/b><\/h1>\n<p>[\/vc_column_text][vc_separator sep_color=&#8220;color-uydo&#8220; el_width=&#8220;25%&#8220; el_height=&#8220;10px&#8220;][vc_column_text text_lead=&#8220;yes&#8220;]<\/p>\n<p style=\"text-align: center; font-size: 30px; font-weight: 300; font-style: italic;\">Your 360 solution to Hospitality Management<\/p>\n<p>[\/vc_column_text][\/vc_column][vc_column width=&#8220;1\/4&#8243;][\/vc_column][\/vc_row][vc_row row_height_percent=&#8220;0&#8243; override_padding=&#8220;yes&#8220; h_padding=&#8220;2&#8243; top_padding=&#8220;3&#8243; bottom_padding=&#8220;3&#8243; overlay_alpha=&#8220;50&#8243; gutter_size=&#8220;3&#8243; column_width_percent=&#8220;100&#8243; border_color=&#8220;color-gyho&#8220; border_style=&#8220;solid&#8220; shift_y=&#8220;0&#8243; z_index=&#8220;0&#8243; css=&#8220;.vc_custom_1497254753995{border-top-width: 1px !important;}&#8220;][vc_column column_width_percent=&#8220;100&#8243; align_horizontal=&#8220;align_center&#8220; overlay_alpha=&#8220;50&#8243; gutter_size=&#8220;3&#8243; medium_width=&#8220;0&#8243; shift_x=&#8220;0&#8243; shift_y=&#8220;0&#8243; z_index=&#8220;0&#8243; width=&#8220;1\/1&#8243;][vc_custom_heading heading_semantic=&#8220;h5&#8243; text_size=&#8220;fontsize-160000&#8243; text_space=&#8220;fontspace-502722&#8243; text_font=&#8220;font-762333&#8243; text_transform=&#8220;uppercase&#8220;]Related\u00a0Works[\/vc_custom_heading][uncode_block id=&#8220;49597&#8243;][\/vc_column][\/vc_row]<\/p>\n","protected":false},"excerpt":{"rendered":"<p>[vc_row][vc_column width=&#8220;1\/4&#8243;][\/vc_column][vc_column width=&#8220;1\/2&#8243;][vc_column_text text_lead=&#8220;yes&#8220; css=&#8220;.vc_custom_1567418994270{margin-left: 0px !important;border-right-width: 0px !important;}&#8220;] Ausgabenkontrolle [\/vc_column_text][vc_separator sep_color=&#8220;color-uydo&#8220; el_width=&#8220;25%&#8220; el_height=&#8220;10px&#8220;][vc_column_text text_lead=&#8220;yes&#8220;] Ein kosteneffizientes Modell, das speziell [&hellip;]<\/p>\n","protected":false},"author":1,"featured_media":83941,"parent":84778,"menu_order":0,"comment_status":"closed","ping_status":"closed","template":"","meta":{"footnotes":""},"class_list":["post-84810","page","type-page","status-publish","has-post-thumbnail","hentry","page_category-services"],"yoast_head":"<!-- This site is optimized with the Yoast SEO plugin v27.1 - https:\/\/yoast.com\/product\/yoast-seo-wordpress\/ -->\n<title>Ausgabenkontrolle - Mayor Hospitality Managment<\/title>\n<meta name=\"robots\" content=\"index, follow, max-snippet:-1, max-image-preview:large, max-video-preview:-1\" \/>\n<link rel=\"canonical\" href=\"https:\/\/www.mayorhospitality.com\/de\/our-services\/expenditure-controls\/\" \/>\n<meta property=\"og:locale\" content=\"de_DE\" \/>\n<meta property=\"og:type\" content=\"article\" \/>\n<meta property=\"og:title\" content=\"Ausgabenkontrolle - Mayor Hospitality Managment\" \/>\n<meta property=\"og:description\" content=\"[vc_row][vc_column width=&#8220;1\/4&#8243;][\/vc_column][vc_column width=&#8220;1\/2&#8243;][vc_column_text text_lead=&#8220;yes&#8220; css=&#8220;.vc_custom_1567418994270{margin-left: 0px !important;border-right-width: 0px !important;}&#8220;] Ausgabenkontrolle [\/vc_column_text][vc_separator sep_color=&#8220;color-uydo&#8220; el_width=&#8220;25%&#8220; el_height=&#8220;10px&#8220;][vc_column_text text_lead=&#8220;yes&#8220;] Ein kosteneffizientes Modell, das speziell [&hellip;]\" \/>\n<meta property=\"og:url\" content=\"https:\/\/www.mayorhospitality.com\/de\/our-services\/expenditure-controls\/\" \/>\n<meta property=\"og:site_name\" content=\"Mayor Hospitality Managment\" \/>\n<meta property=\"article:publisher\" content=\"https:\/\/www.facebook.com\/mayorhospitalitymanagement\/\" \/>\n<meta property=\"article:modified_time\" content=\"2019-09-05T10:26:09+00:00\" \/>\n<meta property=\"og:image\" content=\"https:\/\/www.mayorhospitality.com\/wp-content\/uploads\/2019\/07\/Bookkeeping-Service-PAge-Hero-Image-960x500.jpg\" \/>\n\t<meta property=\"og:image:width\" content=\"960\" \/>\n\t<meta property=\"og:image:height\" content=\"500\" \/>\n\t<meta property=\"og:image:type\" content=\"image\/jpeg\" \/>\n<meta name=\"twitter:card\" content=\"summary_large_image\" \/>\n<meta name=\"twitter:site\" content=\"@ManagementMayor\" \/>\n<meta name=\"twitter:label1\" content=\"Gesch\u00e4tzte Lesezeit\" \/>\n\t<meta name=\"twitter:data1\" content=\"3\u00a0Minuten\" \/>\n<script type=\"application\/ld+json\" class=\"yoast-schema-graph\">{\"@context\":\"https:\/\/schema.org\",\"@graph\":[{\"@type\":\"WebPage\",\"@id\":\"https:\/\/www.mayorhospitality.com\/de\/our-services\/expenditure-controls\/\",\"url\":\"https:\/\/www.mayorhospitality.com\/de\/our-services\/expenditure-controls\/\",\"name\":\"Ausgabenkontrolle - Mayor Hospitality Managment\",\"isPartOf\":{\"@id\":\"https:\/\/www.mayorhospitality.com\/#website\"},\"primaryImageOfPage\":{\"@id\":\"https:\/\/www.mayorhospitality.com\/de\/our-services\/expenditure-controls\/#primaryimage\"},\"image\":{\"@id\":\"https:\/\/www.mayorhospitality.com\/de\/our-services\/expenditure-controls\/#primaryimage\"},\"thumbnailUrl\":\"https:\/\/www.mayorhospitality.com\/wp-content\/uploads\/2019\/07\/Bookkeeping-Service-PAge-Hero-Image-960x500.jpg\",\"datePublished\":\"2019-07-01T13:00:19+00:00\",\"dateModified\":\"2019-09-05T10:26:09+00:00\",\"breadcrumb\":{\"@id\":\"https:\/\/www.mayorhospitality.com\/de\/our-services\/expenditure-controls\/#breadcrumb\"},\"inLanguage\":\"de\",\"potentialAction\":[{\"@type\":\"ReadAction\",\"target\":[\"https:\/\/www.mayorhospitality.com\/de\/our-services\/expenditure-controls\/\"]}]},{\"@type\":\"ImageObject\",\"inLanguage\":\"de\",\"@id\":\"https:\/\/www.mayorhospitality.com\/de\/our-services\/expenditure-controls\/#primaryimage\",\"url\":\"https:\/\/www.mayorhospitality.com\/wp-content\/uploads\/2019\/07\/Bookkeeping-Service-PAge-Hero-Image-960x500.jpg\",\"contentUrl\":\"https:\/\/www.mayorhospitality.com\/wp-content\/uploads\/2019\/07\/Bookkeeping-Service-PAge-Hero-Image-960x500.jpg\",\"width\":960,\"height\":500},{\"@type\":\"BreadcrumbList\",\"@id\":\"https:\/\/www.mayorhospitality.com\/de\/our-services\/expenditure-controls\/#breadcrumb\",\"itemListElement\":[{\"@type\":\"ListItem\",\"position\":1,\"name\":\"Home\",\"item\":\"https:\/\/www.mayorhospitality.com\/de\/\"},{\"@type\":\"ListItem\",\"position\":2,\"name\":\"Unsere Dienstleistungen\",\"item\":\"https:\/\/www.mayorhospitality.com\/de\/our-services\/\"},{\"@type\":\"ListItem\",\"position\":3,\"name\":\"Ausgabenkontrolle\"}]},{\"@type\":\"WebSite\",\"@id\":\"https:\/\/www.mayorhospitality.com\/#website\",\"url\":\"https:\/\/www.mayorhospitality.com\/\",\"name\":\"Mayor Hospitality Managment\",\"description\":\"360 Hospitality Management Services\",\"publisher\":{\"@id\":\"https:\/\/www.mayorhospitality.com\/#organization\"},\"potentialAction\":[{\"@type\":\"SearchAction\",\"target\":{\"@type\":\"EntryPoint\",\"urlTemplate\":\"https:\/\/www.mayorhospitality.com\/?s={search_term_string}\"},\"query-input\":{\"@type\":\"PropertyValueSpecification\",\"valueRequired\":true,\"valueName\":\"search_term_string\"}}],\"inLanguage\":\"de\"},{\"@type\":\"Organization\",\"@id\":\"https:\/\/www.mayorhospitality.com\/#organization\",\"name\":\"Mayor Hospitality Managment\",\"url\":\"https:\/\/www.mayorhospitality.com\/\",\"logo\":{\"@type\":\"ImageObject\",\"inLanguage\":\"de\",\"@id\":\"https:\/\/www.mayorhospitality.com\/#\/schema\/logo\/image\/\",\"url\":\"https:\/\/www.mayorhospitality.com\/wp-content\/uploads\/2019\/07\/mhm_logo.png\",\"contentUrl\":\"https:\/\/www.mayorhospitality.com\/wp-content\/uploads\/2019\/07\/mhm_logo.png\",\"width\":457,\"height\":112,\"caption\":\"Mayor Hospitality Managment\"},\"image\":{\"@id\":\"https:\/\/www.mayorhospitality.com\/#\/schema\/logo\/image\/\"},\"sameAs\":[\"https:\/\/www.facebook.com\/mayorhospitalitymanagement\/\",\"https:\/\/x.com\/ManagementMayor\",\"https:\/\/www.linkedin.com\/company\/mayor-hospitality-management\"]}]}<\/script>\n<!-- \/ Yoast SEO plugin. -->","yoast_head_json":{"title":"Ausgabenkontrolle - Mayor Hospitality Managment","robots":{"index":"index","follow":"follow","max-snippet":"max-snippet:-1","max-image-preview":"max-image-preview:large","max-video-preview":"max-video-preview:-1"},"canonical":"https:\/\/www.mayorhospitality.com\/de\/our-services\/expenditure-controls\/","og_locale":"de_DE","og_type":"article","og_title":"Ausgabenkontrolle - Mayor Hospitality Managment","og_description":"[vc_row][vc_column width=&#8220;1\/4&#8243;][\/vc_column][vc_column width=&#8220;1\/2&#8243;][vc_column_text text_lead=&#8220;yes&#8220; css=&#8220;.vc_custom_1567418994270{margin-left: 0px !important;border-right-width: 0px !important;}&#8220;] Ausgabenkontrolle [\/vc_column_text][vc_separator sep_color=&#8220;color-uydo&#8220; el_width=&#8220;25%&#8220; el_height=&#8220;10px&#8220;][vc_column_text text_lead=&#8220;yes&#8220;] Ein kosteneffizientes Modell, das speziell [&hellip;]","og_url":"https:\/\/www.mayorhospitality.com\/de\/our-services\/expenditure-controls\/","og_site_name":"Mayor Hospitality Managment","article_publisher":"https:\/\/www.facebook.com\/mayorhospitalitymanagement\/","article_modified_time":"2019-09-05T10:26:09+00:00","og_image":[{"width":960,"height":500,"url":"https:\/\/www.mayorhospitality.com\/wp-content\/uploads\/2019\/07\/Bookkeeping-Service-PAge-Hero-Image-960x500.jpg","type":"image\/jpeg"}],"twitter_card":"summary_large_image","twitter_site":"@ManagementMayor","twitter_misc":{"Gesch\u00e4tzte Lesezeit":"3\u00a0Minuten"},"schema":{"@context":"https:\/\/schema.org","@graph":[{"@type":"WebPage","@id":"https:\/\/www.mayorhospitality.com\/de\/our-services\/expenditure-controls\/","url":"https:\/\/www.mayorhospitality.com\/de\/our-services\/expenditure-controls\/","name":"Ausgabenkontrolle - Mayor Hospitality Managment","isPartOf":{"@id":"https:\/\/www.mayorhospitality.com\/#website"},"primaryImageOfPage":{"@id":"https:\/\/www.mayorhospitality.com\/de\/our-services\/expenditure-controls\/#primaryimage"},"image":{"@id":"https:\/\/www.mayorhospitality.com\/de\/our-services\/expenditure-controls\/#primaryimage"},"thumbnailUrl":"https:\/\/www.mayorhospitality.com\/wp-content\/uploads\/2019\/07\/Bookkeeping-Service-PAge-Hero-Image-960x500.jpg","datePublished":"2019-07-01T13:00:19+00:00","dateModified":"2019-09-05T10:26:09+00:00","breadcrumb":{"@id":"https:\/\/www.mayorhospitality.com\/de\/our-services\/expenditure-controls\/#breadcrumb"},"inLanguage":"de","potentialAction":[{"@type":"ReadAction","target":["https:\/\/www.mayorhospitality.com\/de\/our-services\/expenditure-controls\/"]}]},{"@type":"ImageObject","inLanguage":"de","@id":"https:\/\/www.mayorhospitality.com\/de\/our-services\/expenditure-controls\/#primaryimage","url":"https:\/\/www.mayorhospitality.com\/wp-content\/uploads\/2019\/07\/Bookkeeping-Service-PAge-Hero-Image-960x500.jpg","contentUrl":"https:\/\/www.mayorhospitality.com\/wp-content\/uploads\/2019\/07\/Bookkeeping-Service-PAge-Hero-Image-960x500.jpg","width":960,"height":500},{"@type":"BreadcrumbList","@id":"https:\/\/www.mayorhospitality.com\/de\/our-services\/expenditure-controls\/#breadcrumb","itemListElement":[{"@type":"ListItem","position":1,"name":"Home","item":"https:\/\/www.mayorhospitality.com\/de\/"},{"@type":"ListItem","position":2,"name":"Unsere Dienstleistungen","item":"https:\/\/www.mayorhospitality.com\/de\/our-services\/"},{"@type":"ListItem","position":3,"name":"Ausgabenkontrolle"}]},{"@type":"WebSite","@id":"https:\/\/www.mayorhospitality.com\/#website","url":"https:\/\/www.mayorhospitality.com\/","name":"Mayor Hospitality Managment","description":"360 Hospitality Management Services","publisher":{"@id":"https:\/\/www.mayorhospitality.com\/#organization"},"potentialAction":[{"@type":"SearchAction","target":{"@type":"EntryPoint","urlTemplate":"https:\/\/www.mayorhospitality.com\/?s={search_term_string}"},"query-input":{"@type":"PropertyValueSpecification","valueRequired":true,"valueName":"search_term_string"}}],"inLanguage":"de"},{"@type":"Organization","@id":"https:\/\/www.mayorhospitality.com\/#organization","name":"Mayor Hospitality Managment","url":"https:\/\/www.mayorhospitality.com\/","logo":{"@type":"ImageObject","inLanguage":"de","@id":"https:\/\/www.mayorhospitality.com\/#\/schema\/logo\/image\/","url":"https:\/\/www.mayorhospitality.com\/wp-content\/uploads\/2019\/07\/mhm_logo.png","contentUrl":"https:\/\/www.mayorhospitality.com\/wp-content\/uploads\/2019\/07\/mhm_logo.png","width":457,"height":112,"caption":"Mayor Hospitality Managment"},"image":{"@id":"https:\/\/www.mayorhospitality.com\/#\/schema\/logo\/image\/"},"sameAs":["https:\/\/www.facebook.com\/mayorhospitalitymanagement\/","https:\/\/x.com\/ManagementMayor","https:\/\/www.linkedin.com\/company\/mayor-hospitality-management"]}]}},"_links":{"self":[{"href":"https:\/\/www.mayorhospitality.com\/de\/wp-json\/wp\/v2\/pages\/84810","targetHints":{"allow":["GET"]}}],"collection":[{"href":"https:\/\/www.mayorhospitality.com\/de\/wp-json\/wp\/v2\/pages"}],"about":[{"href":"https:\/\/www.mayorhospitality.com\/de\/wp-json\/wp\/v2\/types\/page"}],"author":[{"embeddable":true,"href":"https:\/\/www.mayorhospitality.com\/de\/wp-json\/wp\/v2\/users\/1"}],"replies":[{"embeddable":true,"href":"https:\/\/www.mayorhospitality.com\/de\/wp-json\/wp\/v2\/comments?post=84810"}],"version-history":[{"count":3,"href":"https:\/\/www.mayorhospitality.com\/de\/wp-json\/wp\/v2\/pages\/84810\/revisions"}],"predecessor-version":[{"id":84816,"href":"https:\/\/www.mayorhospitality.com\/de\/wp-json\/wp\/v2\/pages\/84810\/revisions\/84816"}],"up":[{"embeddable":true,"href":"https:\/\/www.mayorhospitality.com\/de\/wp-json\/wp\/v2\/pages\/84778"}],"wp:featuredmedia":[{"embeddable":true,"href":"https:\/\/www.mayorhospitality.com\/de\/wp-json\/wp\/v2\/media\/83941"}],"wp:attachment":[{"href":"https:\/\/www.mayorhospitality.com\/de\/wp-json\/wp\/v2\/media?parent=84810"}],"curies":[{"name":"wp","href":"https:\/\/api.w.org\/{rel}","templated":true}]}}