{"id":84831,"date":"2019-07-01T12:57:13","date_gmt":"2019-07-01T12:57:13","guid":{"rendered":"https:\/\/www.mayorhospitality.com\/services\/operations-management\/"},"modified":"2019-09-05T10:33:22","modified_gmt":"2019-09-05T10:33:22","slug":"operations-management","status":"publish","type":"page","link":"https:\/\/www.mayorhospitality.com\/de\/our-services\/operations-management\/","title":{"rendered":"Management-Funktionen"},"content":{"rendered":"<p>[vc_row][vc_column width=&#8220;1\/4&#8243;][\/vc_column][vc_column width=&#8220;1\/2&#8243;][vc_column_text text_lead=&#8220;yes&#8220; css=&#8220;.vc_custom_1567420328451{margin-left: 0px !important;border-right-width: 0px !important;}&#8220;]<\/p>\n<h1 style=\"text-align: center;\"><b>Management-Funktionen<\/b><\/h1>\n<p>[\/vc_column_text][vc_separator sep_color=&#8220;color-uydo&#8220; el_width=&#8220;25%&#8220; el_height=&#8220;10px&#8220;][vc_column_text text_lead=&#8220;yes&#8220;]<\/p>\n<p style=\"text-align: center; font-size: 30px; font-weight: 300; font-style: italic;\">Ensuring the smooth running of your hotel<\/p>\n<p>[\/vc_column_text][\/vc_column][vc_column width=&#8220;1\/4&#8243;][\/vc_column][\/vc_row][vc_row row_height_percent=&#8220;0&#8243; overlay_alpha=&#8220;50&#8243; gutter_size=&#8220;3&#8243; column_width_percent=&#8220;100&#8243; shift_y=&#8220;0&#8243; z_index=&#8220;0&#8243;][vc_column width=&#8220;1\/1&#8243;][vc_single_image media=&#8220;82750&#8243; media_width_percent=&#8220;100&#8243; media_ratio=&#8220;twentyone-nine&#8220; alignment=&#8220;center&#8220;][\/vc_column][\/vc_row][vc_row row_height_percent=&#8220;0&#8243; override_padding=&#8220;yes&#8220; h_padding=&#8220;4&#8243; top_padding=&#8220;2&#8243; bottom_padding=&#8220;2&#8243; overlay_alpha=&#8220;50&#8243; gutter_size=&#8220;3&#8243; column_width_percent=&#8220;100&#8243; shift_y=&#8220;0&#8243; z_index=&#8220;0&#8243;][vc_column width=&#8220;1\/1&#8243;][vc_row_inner][vc_column_inner width=&#8220;1\/2&#8243;][vc_column_text]<strong>Allgemeines Hotel Gesch\u00e4ftsf\u00fchrung<\/strong><\/p>\n<p>Mayor Hospitality Management kann die Einstellung, \u00dcberwachung und Bewertung der Leistungen des Gesch\u00e4ftsf\u00fchrers \u00fcbernehmen oder alternativ das bestehende Hotelmanagement trainieren und \u00fcberwachen.<\/p>\n<p><strong>Personaleinstellung<\/strong><\/p>\n<p>Die richtige Hierarchie und Verwaltungsstruktur ist entscheidend f\u00fcr den Erfolg des reibungslosen Betriebes des Hotels. Unser Team \u00fcbernimmt die Auswertung aller Posten im Rahmen der Personaleinstellung des Hotels in Zusammenarbeit mit dem Gesch\u00e4ftsf\u00fchrer, um die Wirtschaftlichkeit, maximale Effizienz zu erreichen und Kosten zu minimieren.<\/p>\n<p><strong>Betriebsabl\u00e4ufe<\/strong><\/p>\n<p>Das Bewertungsverfahren von Mayor Hospitality Management umfasst die Untersuchung der aktuellen Struktur jedes Hotels und die Pr\u00fcfung bestehender formaler Betriebsabl\u00e4ufe. Anschlie\u00dfend werden Empfehlungen zu m\u00f6glichen \u00c4nderungen gegeben, die den Aufwand und die Leistung der einzelnen Abteilungen optimieren werden. Schlie\u00dflich wird die Implementierung dieser neuen Verfahren mit dem Gesch\u00e4ftsf\u00fchrer des Hotels abgestimmt.<\/p>\n<p><strong>Kundenerfahrung<\/strong><\/p>\n<p>Ein sehr wichtiger Teil unserer Bewertung ist die Untersuchung der Kritik der Besucher und ihrer Zufriedenheitsraten. Im Wesentlichen sind die von den Besuchern hervorgehobenen Punkte wichtige Faktoren, die unser Handeln bestimmen werden. Wir \u00fcberpr\u00fcfen sorgf\u00e4ltig alle Plattformen, auf denen G\u00e4ste, die die[\/vc_column_text][\/vc_column_inner][vc_column_inner width=&#8220;1\/2&#8243;][vc_column_text]Einrichtungen und Dienstleistungen des Hotels genutzt haben, ihre Kommentare abgeben. Insbesondere werden wir die An- und Abflugverfahren, Hospitality Service und Annehmlichkeiten die in der gesamten Hotelanlage angeboten sind, untersuchen, um einen aktualisierten Aktionsplan \u00fcber bew\u00e4hrte Praktiken zu schaffen und hervorheben und das eventuelle Verbesserungspotenzial hervorheben.<\/p>\n<p><strong>Personalschulung<\/strong><\/p>\n<p>Die zust\u00e4ndige Personalabteilung ist f\u00fcr die \u00dcberpr\u00fcfung der Qualit\u00e4t der im Hotel erbrachten Dienstleistungen verantwortlich. Derzeitige Personalschulungsprozesse werden in Zusammenarbeit mit dem Gesch\u00e4ftsf\u00fchrer \u00fcberpr\u00fcft, und es wird ein \u00dcberwachungsplan ausgearbeitet, der Empfehlungen zur Verbesserung bestehender Schulungsworkshops enth\u00e4lt. Diese \u00c4nderungen oder die Durchf\u00fchrung der zus\u00e4tzlichen Schulungsprogramme zielen darauf ab, die Leistung des Personals zu maximieren.<\/p>\n<p><strong>Qualit\u00e4tskontrolle<\/strong><\/p>\n<p>Das Qualit\u00e4tskontrolle Team von Mayor Hospitality Management forscht \u00fcber die Qualit\u00e4t der Leistungen und Einrichtungen, f\u00fchrt Programme f\u00fcr Kontrollfunktionen, so dass eine kontinuierliche Qualit\u00e4tsverbesserung in allen Abteilungen des Hotels gew\u00e4hrleistet wird.. Dar\u00fcber hinaus verwenden wir ein speziell entwickeltes Tool, eine Bewertungsplattform, mit der Mitarbeiter Informationen und Ansichten von G\u00e4sten vor Ort sammeln. Diese Kommentare werden verwendet, um die Leistung des Hotels und der einzelnen Bereiche zu bewerten und dann die erforderlichen Korrekturma\u00dfnahmen in Form eines direkten Aktionsplans zu ergreifen.[\/vc_column_text][\/vc_column_inner][\/vc_row_inner][\/vc_column][\/vc_row][vc_row][vc_column width=&#8220;1\/4&#8243;][\/vc_column][vc_column width=&#8220;1\/2&#8243;][vc_column_text text_lead=&#8220;yes&#8220; css=&#8220;.vc_custom_1567420657257{margin-left: 0px !important;border-right-width: 0px !important;}&#8220;]<\/p>\n<h1 style=\"text-align: center;\"><b>Dienstleistungen<br \/>\n<\/b><\/h1>\n<p>[\/vc_column_text][vc_separator sep_color=&#8220;color-uydo&#8220; el_width=&#8220;25%&#8220; el_height=&#8220;10px&#8220;][vc_column_text text_lead=&#8220;yes&#8220;]<\/p>\n<p style=\"text-align: center; font-size: 30px; font-weight: 300; font-style: italic;\">Your 360 solution to Hospitality Management<\/p>\n<p>[\/vc_column_text][\/vc_column][vc_column width=&#8220;1\/4&#8243;][\/vc_column][\/vc_row][vc_row row_height_percent=&#8220;0&#8243; override_padding=&#8220;yes&#8220; h_padding=&#8220;2&#8243; top_padding=&#8220;3&#8243; bottom_padding=&#8220;3&#8243; overlay_alpha=&#8220;50&#8243; gutter_size=&#8220;3&#8243; column_width_percent=&#8220;100&#8243; border_color=&#8220;color-gyho&#8220; border_style=&#8220;solid&#8220; shift_y=&#8220;0&#8243; z_index=&#8220;0&#8243; css=&#8220;.vc_custom_1497254753995{border-top-width: 1px !important;}&#8220;][vc_column column_width_percent=&#8220;100&#8243; align_horizontal=&#8220;align_center&#8220; overlay_alpha=&#8220;50&#8243; gutter_size=&#8220;3&#8243; medium_width=&#8220;0&#8243; shift_x=&#8220;0&#8243; shift_y=&#8220;0&#8243; z_index=&#8220;0&#8243; width=&#8220;1\/1&#8243;][vc_custom_heading heading_semantic=&#8220;h5&#8243; text_size=&#8220;fontsize-160000&#8243; text_space=&#8220;fontspace-502722&#8243; text_font=&#8220;font-762333&#8243; text_transform=&#8220;uppercase&#8220;]Related\u00a0Works[\/vc_custom_heading][uncode_block id=&#8220;49597&#8243;][\/vc_column][\/vc_row]<\/p>\n","protected":false},"excerpt":{"rendered":"<p>[vc_row][vc_column width=&#8220;1\/4&#8243;][\/vc_column][vc_column width=&#8220;1\/2&#8243;][vc_column_text text_lead=&#8220;yes&#8220; css=&#8220;.vc_custom_1567420328451{margin-left: 0px !important;border-right-width: 0px !important;}&#8220;] Management-Funktionen [\/vc_column_text][vc_separator sep_color=&#8220;color-uydo&#8220; el_width=&#8220;25%&#8220; el_height=&#8220;10px&#8220;][vc_column_text text_lead=&#8220;yes&#8220;] Ensuring the smooth running of [&hellip;]<\/p>\n","protected":false},"author":1,"featured_media":83877,"parent":84778,"menu_order":0,"comment_status":"closed","ping_status":"closed","template":"","meta":{"footnotes":""},"class_list":["post-84831","page","type-page","status-publish","has-post-thumbnail","hentry","page_category-services"],"yoast_head":"<!-- This site is optimized with the Yoast SEO plugin v27.1 - https:\/\/yoast.com\/product\/yoast-seo-wordpress\/ -->\n<title>Management-Funktionen - Mayor Hospitality Managment<\/title>\n<meta name=\"robots\" content=\"index, follow, max-snippet:-1, max-image-preview:large, max-video-preview:-1\" \/>\n<link rel=\"canonical\" href=\"https:\/\/www.mayorhospitality.com\/de\/our-services\/operations-management\/\" \/>\n<meta property=\"og:locale\" content=\"de_DE\" \/>\n<meta property=\"og:type\" content=\"article\" \/>\n<meta property=\"og:title\" content=\"Management-Funktionen - Mayor Hospitality Managment\" \/>\n<meta property=\"og:description\" content=\"[vc_row][vc_column width=&#8220;1\/4&#8243;][\/vc_column][vc_column width=&#8220;1\/2&#8243;][vc_column_text text_lead=&#8220;yes&#8220; css=&#8220;.vc_custom_1567420328451{margin-left: 0px !important;border-right-width: 0px !important;}&#8220;] Management-Funktionen [\/vc_column_text][vc_separator sep_color=&#8220;color-uydo&#8220; el_width=&#8220;25%&#8220; el_height=&#8220;10px&#8220;][vc_column_text text_lead=&#8220;yes&#8220;] Ensuring the smooth running of [&hellip;]\" \/>\n<meta property=\"og:url\" content=\"https:\/\/www.mayorhospitality.com\/de\/our-services\/operations-management\/\" \/>\n<meta property=\"og:site_name\" content=\"Mayor Hospitality Managment\" \/>\n<meta property=\"article:publisher\" content=\"https:\/\/www.facebook.com\/mayorhospitalitymanagement\/\" \/>\n<meta property=\"article:modified_time\" content=\"2019-09-05T10:33:22+00:00\" \/>\n<meta property=\"og:image\" content=\"https:\/\/www.mayorhospitality.com\/wp-content\/uploads\/2019\/07\/close-up-dark-equipment-333837.jpg\" \/>\n\t<meta property=\"og:image:width\" content=\"800\" \/>\n\t<meta property=\"og:image:height\" content=\"533\" \/>\n\t<meta property=\"og:image:type\" content=\"image\/jpeg\" \/>\n<meta name=\"twitter:card\" content=\"summary_large_image\" \/>\n<meta name=\"twitter:site\" content=\"@ManagementMayor\" \/>\n<meta name=\"twitter:label1\" content=\"Gesch\u00e4tzte Lesezeit\" \/>\n\t<meta name=\"twitter:data1\" content=\"3\u00a0Minuten\" \/>\n<script type=\"application\/ld+json\" class=\"yoast-schema-graph\">{\"@context\":\"https:\/\/schema.org\",\"@graph\":[{\"@type\":\"WebPage\",\"@id\":\"https:\/\/www.mayorhospitality.com\/de\/our-services\/operations-management\/\",\"url\":\"https:\/\/www.mayorhospitality.com\/de\/our-services\/operations-management\/\",\"name\":\"Management-Funktionen - Mayor Hospitality Managment\",\"isPartOf\":{\"@id\":\"https:\/\/www.mayorhospitality.com\/#website\"},\"primaryImageOfPage\":{\"@id\":\"https:\/\/www.mayorhospitality.com\/de\/our-services\/operations-management\/#primaryimage\"},\"image\":{\"@id\":\"https:\/\/www.mayorhospitality.com\/de\/our-services\/operations-management\/#primaryimage\"},\"thumbnailUrl\":\"https:\/\/www.mayorhospitality.com\/wp-content\/uploads\/2019\/07\/close-up-dark-equipment-333837.jpg\",\"datePublished\":\"2019-07-01T12:57:13+00:00\",\"dateModified\":\"2019-09-05T10:33:22+00:00\",\"breadcrumb\":{\"@id\":\"https:\/\/www.mayorhospitality.com\/de\/our-services\/operations-management\/#breadcrumb\"},\"inLanguage\":\"de\",\"potentialAction\":[{\"@type\":\"ReadAction\",\"target\":[\"https:\/\/www.mayorhospitality.com\/de\/our-services\/operations-management\/\"]}]},{\"@type\":\"ImageObject\",\"inLanguage\":\"de\",\"@id\":\"https:\/\/www.mayorhospitality.com\/de\/our-services\/operations-management\/#primaryimage\",\"url\":\"https:\/\/www.mayorhospitality.com\/wp-content\/uploads\/2019\/07\/close-up-dark-equipment-333837.jpg\",\"contentUrl\":\"https:\/\/www.mayorhospitality.com\/wp-content\/uploads\/2019\/07\/close-up-dark-equipment-333837.jpg\",\"width\":800,\"height\":533},{\"@type\":\"BreadcrumbList\",\"@id\":\"https:\/\/www.mayorhospitality.com\/de\/our-services\/operations-management\/#breadcrumb\",\"itemListElement\":[{\"@type\":\"ListItem\",\"position\":1,\"name\":\"Home\",\"item\":\"https:\/\/www.mayorhospitality.com\/de\/\"},{\"@type\":\"ListItem\",\"position\":2,\"name\":\"Unsere Dienstleistungen\",\"item\":\"https:\/\/www.mayorhospitality.com\/de\/our-services\/\"},{\"@type\":\"ListItem\",\"position\":3,\"name\":\"Management-Funktionen\"}]},{\"@type\":\"WebSite\",\"@id\":\"https:\/\/www.mayorhospitality.com\/#website\",\"url\":\"https:\/\/www.mayorhospitality.com\/\",\"name\":\"Mayor Hospitality Managment\",\"description\":\"360 Hospitality Management Services\",\"publisher\":{\"@id\":\"https:\/\/www.mayorhospitality.com\/#organization\"},\"potentialAction\":[{\"@type\":\"SearchAction\",\"target\":{\"@type\":\"EntryPoint\",\"urlTemplate\":\"https:\/\/www.mayorhospitality.com\/?s={search_term_string}\"},\"query-input\":{\"@type\":\"PropertyValueSpecification\",\"valueRequired\":true,\"valueName\":\"search_term_string\"}}],\"inLanguage\":\"de\"},{\"@type\":\"Organization\",\"@id\":\"https:\/\/www.mayorhospitality.com\/#organization\",\"name\":\"Mayor Hospitality Managment\",\"url\":\"https:\/\/www.mayorhospitality.com\/\",\"logo\":{\"@type\":\"ImageObject\",\"inLanguage\":\"de\",\"@id\":\"https:\/\/www.mayorhospitality.com\/#\/schema\/logo\/image\/\",\"url\":\"https:\/\/www.mayorhospitality.com\/wp-content\/uploads\/2019\/07\/mhm_logo.png\",\"contentUrl\":\"https:\/\/www.mayorhospitality.com\/wp-content\/uploads\/2019\/07\/mhm_logo.png\",\"width\":457,\"height\":112,\"caption\":\"Mayor Hospitality Managment\"},\"image\":{\"@id\":\"https:\/\/www.mayorhospitality.com\/#\/schema\/logo\/image\/\"},\"sameAs\":[\"https:\/\/www.facebook.com\/mayorhospitalitymanagement\/\",\"https:\/\/x.com\/ManagementMayor\",\"https:\/\/www.linkedin.com\/company\/mayor-hospitality-management\"]}]}<\/script>\n<!-- \/ Yoast SEO plugin. -->","yoast_head_json":{"title":"Management-Funktionen - Mayor Hospitality Managment","robots":{"index":"index","follow":"follow","max-snippet":"max-snippet:-1","max-image-preview":"max-image-preview:large","max-video-preview":"max-video-preview:-1"},"canonical":"https:\/\/www.mayorhospitality.com\/de\/our-services\/operations-management\/","og_locale":"de_DE","og_type":"article","og_title":"Management-Funktionen - Mayor Hospitality Managment","og_description":"[vc_row][vc_column width=&#8220;1\/4&#8243;][\/vc_column][vc_column width=&#8220;1\/2&#8243;][vc_column_text text_lead=&#8220;yes&#8220; css=&#8220;.vc_custom_1567420328451{margin-left: 0px !important;border-right-width: 0px !important;}&#8220;] Management-Funktionen [\/vc_column_text][vc_separator sep_color=&#8220;color-uydo&#8220; el_width=&#8220;25%&#8220; el_height=&#8220;10px&#8220;][vc_column_text text_lead=&#8220;yes&#8220;] Ensuring the smooth running of [&hellip;]","og_url":"https:\/\/www.mayorhospitality.com\/de\/our-services\/operations-management\/","og_site_name":"Mayor Hospitality Managment","article_publisher":"https:\/\/www.facebook.com\/mayorhospitalitymanagement\/","article_modified_time":"2019-09-05T10:33:22+00:00","og_image":[{"width":800,"height":533,"url":"https:\/\/www.mayorhospitality.com\/wp-content\/uploads\/2019\/07\/close-up-dark-equipment-333837.jpg","type":"image\/jpeg"}],"twitter_card":"summary_large_image","twitter_site":"@ManagementMayor","twitter_misc":{"Gesch\u00e4tzte Lesezeit":"3\u00a0Minuten"},"schema":{"@context":"https:\/\/schema.org","@graph":[{"@type":"WebPage","@id":"https:\/\/www.mayorhospitality.com\/de\/our-services\/operations-management\/","url":"https:\/\/www.mayorhospitality.com\/de\/our-services\/operations-management\/","name":"Management-Funktionen - Mayor Hospitality Managment","isPartOf":{"@id":"https:\/\/www.mayorhospitality.com\/#website"},"primaryImageOfPage":{"@id":"https:\/\/www.mayorhospitality.com\/de\/our-services\/operations-management\/#primaryimage"},"image":{"@id":"https:\/\/www.mayorhospitality.com\/de\/our-services\/operations-management\/#primaryimage"},"thumbnailUrl":"https:\/\/www.mayorhospitality.com\/wp-content\/uploads\/2019\/07\/close-up-dark-equipment-333837.jpg","datePublished":"2019-07-01T12:57:13+00:00","dateModified":"2019-09-05T10:33:22+00:00","breadcrumb":{"@id":"https:\/\/www.mayorhospitality.com\/de\/our-services\/operations-management\/#breadcrumb"},"inLanguage":"de","potentialAction":[{"@type":"ReadAction","target":["https:\/\/www.mayorhospitality.com\/de\/our-services\/operations-management\/"]}]},{"@type":"ImageObject","inLanguage":"de","@id":"https:\/\/www.mayorhospitality.com\/de\/our-services\/operations-management\/#primaryimage","url":"https:\/\/www.mayorhospitality.com\/wp-content\/uploads\/2019\/07\/close-up-dark-equipment-333837.jpg","contentUrl":"https:\/\/www.mayorhospitality.com\/wp-content\/uploads\/2019\/07\/close-up-dark-equipment-333837.jpg","width":800,"height":533},{"@type":"BreadcrumbList","@id":"https:\/\/www.mayorhospitality.com\/de\/our-services\/operations-management\/#breadcrumb","itemListElement":[{"@type":"ListItem","position":1,"name":"Home","item":"https:\/\/www.mayorhospitality.com\/de\/"},{"@type":"ListItem","position":2,"name":"Unsere Dienstleistungen","item":"https:\/\/www.mayorhospitality.com\/de\/our-services\/"},{"@type":"ListItem","position":3,"name":"Management-Funktionen"}]},{"@type":"WebSite","@id":"https:\/\/www.mayorhospitality.com\/#website","url":"https:\/\/www.mayorhospitality.com\/","name":"Mayor Hospitality Managment","description":"360 Hospitality Management Services","publisher":{"@id":"https:\/\/www.mayorhospitality.com\/#organization"},"potentialAction":[{"@type":"SearchAction","target":{"@type":"EntryPoint","urlTemplate":"https:\/\/www.mayorhospitality.com\/?s={search_term_string}"},"query-input":{"@type":"PropertyValueSpecification","valueRequired":true,"valueName":"search_term_string"}}],"inLanguage":"de"},{"@type":"Organization","@id":"https:\/\/www.mayorhospitality.com\/#organization","name":"Mayor Hospitality Managment","url":"https:\/\/www.mayorhospitality.com\/","logo":{"@type":"ImageObject","inLanguage":"de","@id":"https:\/\/www.mayorhospitality.com\/#\/schema\/logo\/image\/","url":"https:\/\/www.mayorhospitality.com\/wp-content\/uploads\/2019\/07\/mhm_logo.png","contentUrl":"https:\/\/www.mayorhospitality.com\/wp-content\/uploads\/2019\/07\/mhm_logo.png","width":457,"height":112,"caption":"Mayor Hospitality Managment"},"image":{"@id":"https:\/\/www.mayorhospitality.com\/#\/schema\/logo\/image\/"},"sameAs":["https:\/\/www.facebook.com\/mayorhospitalitymanagement\/","https:\/\/x.com\/ManagementMayor","https:\/\/www.linkedin.com\/company\/mayor-hospitality-management"]}]}},"_links":{"self":[{"href":"https:\/\/www.mayorhospitality.com\/de\/wp-json\/wp\/v2\/pages\/84831","targetHints":{"allow":["GET"]}}],"collection":[{"href":"https:\/\/www.mayorhospitality.com\/de\/wp-json\/wp\/v2\/pages"}],"about":[{"href":"https:\/\/www.mayorhospitality.com\/de\/wp-json\/wp\/v2\/types\/page"}],"author":[{"embeddable":true,"href":"https:\/\/www.mayorhospitality.com\/de\/wp-json\/wp\/v2\/users\/1"}],"replies":[{"embeddable":true,"href":"https:\/\/www.mayorhospitality.com\/de\/wp-json\/wp\/v2\/comments?post=84831"}],"version-history":[{"count":3,"href":"https:\/\/www.mayorhospitality.com\/de\/wp-json\/wp\/v2\/pages\/84831\/revisions"}],"predecessor-version":[{"id":84837,"href":"https:\/\/www.mayorhospitality.com\/de\/wp-json\/wp\/v2\/pages\/84831\/revisions\/84837"}],"up":[{"embeddable":true,"href":"https:\/\/www.mayorhospitality.com\/de\/wp-json\/wp\/v2\/pages\/84778"}],"wp:featuredmedia":[{"embeddable":true,"href":"https:\/\/www.mayorhospitality.com\/de\/wp-json\/wp\/v2\/media\/83877"}],"wp:attachment":[{"href":"https:\/\/www.mayorhospitality.com\/de\/wp-json\/wp\/v2\/media?parent=84831"}],"curies":[{"name":"wp","href":"https:\/\/api.w.org\/{rel}","templated":true}]}}