{"id":86693,"date":"2023-04-18T08:19:54","date_gmt":"2023-04-18T08:19:54","guid":{"rendered":"https:\/\/www.mayorhospitality.com\/?page_id=86693"},"modified":"2023-04-18T08:19:54","modified_gmt":"2023-04-18T08:19:54","slug":"restia-suites-2","status":"publish","type":"page","link":"https:\/\/www.mayorhospitality.com\/de\/our-projects\/restia-suites-2\/","title":{"rendered":"Restia Suites Exlusive Resort"},"content":{"rendered":"<p>[vc_row][vc_column column_width_percent=&#8220;100&#8243; gutter_size=&#8220;3&#8243; overlay_alpha=&#8220;50&#8243; shift_x=&#8220;0&#8243; shift_y=&#8220;0&#8243; shift_y_down=&#8220;0&#8243; z_index=&#8220;0&#8243; medium_width=&#8220;0&#8243; mobile_width=&#8220;0&#8243; width=&#8220;1\/6&#8243;][\/vc_column][vc_column width=&#8220;2\/3&#8243;][vc_column_text text_lead=&#8220;yes&#8220; css=&#8220;.vc_custom_1681805807564{margin-left: 0px !important;border-right-width: 0px !important;}&#8220; uncode_shortcode_id=&#8220;553183&#8243;]<\/p>\n<h1 style=\"text-align: center;\">Restia Suites Exlusive Resort<\/h1>\n<p>[\/vc_column_text][vc_separator sep_color=&#8220;color-uydo&#8220; el_width=&#8220;20%&#8220; el_height=&#8220;10px&#8220;][\/vc_column][vc_column width=&#8220;1\/6&#8243;][\/vc_column][\/vc_row][vc_row row_height_percent=&#8220;0&#8243; overlay_alpha=&#8220;50&#8243; gutter_size=&#8220;3&#8243; column_width_percent=&#8220;100&#8243; shift_y=&#8220;0&#8243; z_index=&#8220;0&#8243;][vc_column width=&#8220;1\/1&#8243;][vc_single_image media=&#8220;86735&#8243; media_width_percent=&#8220;100&#8243; media_ratio=&#8220;twentyone-nine&#8220; alignment=&#8220;center&#8220; uncode_shortcode_id=&#8220;653579&#8243;][\/vc_column][\/vc_row][vc_row row_height_percent=&#8220;0&#8243; override_padding=&#8220;yes&#8220; h_padding=&#8220;4&#8243; top_padding=&#8220;2&#8243; bottom_padding=&#8220;2&#8243; overlay_alpha=&#8220;50&#8243; gutter_size=&#8220;3&#8243; column_width_percent=&#8220;100&#8243; shift_y=&#8220;0&#8243; z_index=&#8220;0&#8243;][vc_column width=&#8220;1\/1&#8243;][vc_column_text uncode_shortcode_id=&#8220;631174&#8243;]Das Boutique-Hotel Restia Suites ist ein 5-Sterne-Hotel, das aus Suiten besteht und sich im n\u00f6rdlichen Teil von Korfu, am Strand von Acharavi, befindet. Das Hotel befindet sich 41 km vom Flughafen und 38 km vom Zentrum von Korfu-Stadt entfernt. Im 2 km entfernten Acharavi finden Sie Restaurants, Caf\u00e9s, Bars, einen Supermarkt und verschiedene Gesch\u00e4fte.<\/p>\n<p>Restia Suites bietet das ultimative Verw\u00f6hnerlebnis. Dieses anmutige Boutique-Hotel ist ein Zufluchtsort f\u00fcr Privatsph\u00e4re und Gelassenheit und verbindet elegantes Design mit diskretem Charme. Die idyllische Umgebung und die klassische Schlichtheit machen dieses exklusive Resort zum perfekten Ort, um sich in einer stilvollen Atmosph\u00e4re zu erholen.<\/p>\n<p>Das Poolside-Restaurant &#8222;Pietra&#8220; f\u00fchrt das Konzept der BOUTIQUE GASTRONOMY in Korfu ein und schafft die idealen Voraussetzungen f\u00fcr unvergessliche Momente beim Genie\u00dfen des Sonnenuntergangs.[\/vc_column_text][vc_row_inner][vc_column_inner width=&#8220;4\/6&#8243;][\/vc_column_inner][vc_column_inner column_width_percent=&#8220;100&#8243; position_vertical=&#8220;middle&#8220; align_horizontal=&#8220;align_center&#8220; gutter_size=&#8220;3&#8243; overlay_alpha=&#8220;50&#8243; shift_x=&#8220;0&#8243; shift_y=&#8220;0&#8243; shift_y_down=&#8220;0&#8243; z_index=&#8220;0&#8243; medium_width=&#8220;0&#8243; mobile_width=&#8220;0&#8243; width=&#8220;1\/6&#8243;][\/vc_column_inner][vc_column_inner column_width_percent=&#8220;100&#8243; align_horizontal=&#8220;align_center&#8220; gutter_size=&#8220;3&#8243; overlay_alpha=&#8220;50&#8243; shift_x=&#8220;0&#8243; shift_y=&#8220;0&#8243; shift_y_down=&#8220;0&#8243; z_index=&#8220;0&#8243; medium_width=&#8220;0&#8243; mobile_width=&#8220;0&#8243; width=&#8220;1\/6&#8243;][vc_button button_color=&#8220;color-wvjs&#8220; wide=&#8220;yes&#8220; border_width=&#8220;0&#8243; display=&#8220;inline&#8220; link=&#8220;url:https%3A%2F%2Fwww.restiasuites.gr%2F|title:Mayor%20Capo%20Di%20Corfu|target:_blank&#8220; el_class=&#8220;portfolio-button&#8220; button_color_type=&#8220;uncode-palette&#8220; uncode_shortcode_id=&#8220;664781&#8243;]View Website[\/vc_button][\/vc_column_inner][\/vc_row_inner][\/vc_column][\/vc_row][vc_row][vc_column width=&#8220;1\/1&#8243;][vc_gallery el_id=&#8220;gallery-114147&#8243; type=&#8220;justified&#8220; medias=&#8220;86704,86709,86714,86719,86724,86729&#8243; justify_row_height=&#8220;250&#8243; gutter_size=&#8220;3&#8243; media_items=&#8220;media|lightbox|original&#8220; single_overlay_opacity=&#8220;50&#8243; single_padding=&#8220;2&#8243; uncode_shortcode_id=&#8220;631630&#8243;][\/vc_column][\/vc_row]<\/p>\n","protected":false},"excerpt":{"rendered":"<p>[vc_row][vc_column column_width_percent=&#8220;100&#8243; gutter_size=&#8220;3&#8243; overlay_alpha=&#8220;50&#8243; shift_x=&#8220;0&#8243; shift_y=&#8220;0&#8243; shift_y_down=&#8220;0&#8243; z_index=&#8220;0&#8243; medium_width=&#8220;0&#8243; mobile_width=&#8220;0&#8243; width=&#8220;1\/6&#8243;][\/vc_column][vc_column width=&#8220;2\/3&#8243;][vc_column_text text_lead=&#8220;yes&#8220; css=&#8220;.vc_custom_1681805807564{margin-left: 0px !important;border-right-width: 0px !important;}&#8220; uncode_shortcode_id=&#8220;553183&#8243;] Restia [&hellip;]<\/p>\n","protected":false},"author":5,"featured_media":0,"parent":84732,"menu_order":0,"comment_status":"closed","ping_status":"closed","template":"","meta":{"footnotes":""},"class_list":["post-86693","page","type-page","status-publish","hentry"],"yoast_head":"<!-- This site is optimized with the Yoast SEO plugin v27.1 - https:\/\/yoast.com\/product\/yoast-seo-wordpress\/ -->\n<title>Restia Suites Exlusive Resort - Mayor Hospitality Managment<\/title>\n<meta name=\"robots\" content=\"index, follow, max-snippet:-1, max-image-preview:large, max-video-preview:-1\" \/>\n<link rel=\"canonical\" href=\"https:\/\/www.mayorhospitality.com\/de\/our-projects\/restia-suites-2\/\" \/>\n<meta property=\"og:locale\" content=\"de_DE\" \/>\n<meta property=\"og:type\" content=\"article\" \/>\n<meta property=\"og:title\" content=\"Restia Suites Exlusive Resort - Mayor Hospitality Managment\" \/>\n<meta property=\"og:description\" content=\"[vc_row][vc_column column_width_percent=&#8220;100&#8243; gutter_size=&#8220;3&#8243; overlay_alpha=&#8220;50&#8243; shift_x=&#8220;0&#8243; shift_y=&#8220;0&#8243; shift_y_down=&#8220;0&#8243; z_index=&#8220;0&#8243; medium_width=&#8220;0&#8243; mobile_width=&#8220;0&#8243; width=&#8220;1\/6&#8243;][\/vc_column][vc_column width=&#8220;2\/3&#8243;][vc_column_text text_lead=&#8220;yes&#8220; css=&#8220;.vc_custom_1681805807564{margin-left: 0px !important;border-right-width: 0px !important;}&#8220; uncode_shortcode_id=&#8220;553183&#8243;] Restia [&hellip;]\" \/>\n<meta property=\"og:url\" content=\"https:\/\/www.mayorhospitality.com\/de\/our-projects\/restia-suites-2\/\" \/>\n<meta property=\"og:site_name\" content=\"Mayor Hospitality Managment\" \/>\n<meta property=\"article:publisher\" content=\"https:\/\/www.facebook.com\/mayorhospitalitymanagement\/\" \/>\n<meta name=\"twitter:card\" content=\"summary_large_image\" \/>\n<meta name=\"twitter:site\" content=\"@ManagementMayor\" \/>\n<meta name=\"twitter:label1\" content=\"Gesch\u00e4tzte Lesezeit\" \/>\n\t<meta name=\"twitter:data1\" content=\"2\u00a0Minuten\" \/>\n<script type=\"application\/ld+json\" class=\"yoast-schema-graph\">{\"@context\":\"https:\/\/schema.org\",\"@graph\":[{\"@type\":\"WebPage\",\"@id\":\"https:\/\/www.mayorhospitality.com\/de\/our-projects\/restia-suites-2\/\",\"url\":\"https:\/\/www.mayorhospitality.com\/de\/our-projects\/restia-suites-2\/\",\"name\":\"Restia Suites Exlusive Resort - Mayor Hospitality Managment\",\"isPartOf\":{\"@id\":\"https:\/\/www.mayorhospitality.com\/#website\"},\"datePublished\":\"2023-04-18T08:19:54+00:00\",\"breadcrumb\":{\"@id\":\"https:\/\/www.mayorhospitality.com\/de\/our-projects\/restia-suites-2\/#breadcrumb\"},\"inLanguage\":\"de\",\"potentialAction\":[{\"@type\":\"ReadAction\",\"target\":[\"https:\/\/www.mayorhospitality.com\/de\/our-projects\/restia-suites-2\/\"]}]},{\"@type\":\"BreadcrumbList\",\"@id\":\"https:\/\/www.mayorhospitality.com\/de\/our-projects\/restia-suites-2\/#breadcrumb\",\"itemListElement\":[{\"@type\":\"ListItem\",\"position\":1,\"name\":\"Home\",\"item\":\"https:\/\/www.mayorhospitality.com\/de\/\"},{\"@type\":\"ListItem\",\"position\":2,\"name\":\"Unsere Projekte\",\"item\":\"https:\/\/www.mayorhospitality.com\/de\/our-projects\/\"},{\"@type\":\"ListItem\",\"position\":3,\"name\":\"Restia Suites Exlusive Resort\"}]},{\"@type\":\"WebSite\",\"@id\":\"https:\/\/www.mayorhospitality.com\/#website\",\"url\":\"https:\/\/www.mayorhospitality.com\/\",\"name\":\"Mayor Hospitality Managment\",\"description\":\"360 Hospitality Management Services\",\"publisher\":{\"@id\":\"https:\/\/www.mayorhospitality.com\/#organization\"},\"potentialAction\":[{\"@type\":\"SearchAction\",\"target\":{\"@type\":\"EntryPoint\",\"urlTemplate\":\"https:\/\/www.mayorhospitality.com\/?s={search_term_string}\"},\"query-input\":{\"@type\":\"PropertyValueSpecification\",\"valueRequired\":true,\"valueName\":\"search_term_string\"}}],\"inLanguage\":\"de\"},{\"@type\":\"Organization\",\"@id\":\"https:\/\/www.mayorhospitality.com\/#organization\",\"name\":\"Mayor Hospitality Managment\",\"url\":\"https:\/\/www.mayorhospitality.com\/\",\"logo\":{\"@type\":\"ImageObject\",\"inLanguage\":\"de\",\"@id\":\"https:\/\/www.mayorhospitality.com\/#\/schema\/logo\/image\/\",\"url\":\"https:\/\/www.mayorhospitality.com\/wp-content\/uploads\/2019\/07\/mhm_logo.png\",\"contentUrl\":\"https:\/\/www.mayorhospitality.com\/wp-content\/uploads\/2019\/07\/mhm_logo.png\",\"width\":457,\"height\":112,\"caption\":\"Mayor Hospitality Managment\"},\"image\":{\"@id\":\"https:\/\/www.mayorhospitality.com\/#\/schema\/logo\/image\/\"},\"sameAs\":[\"https:\/\/www.facebook.com\/mayorhospitalitymanagement\/\",\"https:\/\/x.com\/ManagementMayor\",\"https:\/\/www.linkedin.com\/company\/mayor-hospitality-management\"]}]}<\/script>\n<!-- \/ Yoast SEO plugin. -->","yoast_head_json":{"title":"Restia Suites Exlusive Resort - Mayor Hospitality Managment","robots":{"index":"index","follow":"follow","max-snippet":"max-snippet:-1","max-image-preview":"max-image-preview:large","max-video-preview":"max-video-preview:-1"},"canonical":"https:\/\/www.mayorhospitality.com\/de\/our-projects\/restia-suites-2\/","og_locale":"de_DE","og_type":"article","og_title":"Restia Suites Exlusive Resort - Mayor Hospitality Managment","og_description":"[vc_row][vc_column column_width_percent=&#8220;100&#8243; gutter_size=&#8220;3&#8243; overlay_alpha=&#8220;50&#8243; shift_x=&#8220;0&#8243; shift_y=&#8220;0&#8243; shift_y_down=&#8220;0&#8243; z_index=&#8220;0&#8243; medium_width=&#8220;0&#8243; mobile_width=&#8220;0&#8243; width=&#8220;1\/6&#8243;][\/vc_column][vc_column width=&#8220;2\/3&#8243;][vc_column_text text_lead=&#8220;yes&#8220; css=&#8220;.vc_custom_1681805807564{margin-left: 0px !important;border-right-width: 0px !important;}&#8220; uncode_shortcode_id=&#8220;553183&#8243;] Restia [&hellip;]","og_url":"https:\/\/www.mayorhospitality.com\/de\/our-projects\/restia-suites-2\/","og_site_name":"Mayor Hospitality Managment","article_publisher":"https:\/\/www.facebook.com\/mayorhospitalitymanagement\/","twitter_card":"summary_large_image","twitter_site":"@ManagementMayor","twitter_misc":{"Gesch\u00e4tzte Lesezeit":"2\u00a0Minuten"},"schema":{"@context":"https:\/\/schema.org","@graph":[{"@type":"WebPage","@id":"https:\/\/www.mayorhospitality.com\/de\/our-projects\/restia-suites-2\/","url":"https:\/\/www.mayorhospitality.com\/de\/our-projects\/restia-suites-2\/","name":"Restia Suites Exlusive Resort - Mayor Hospitality Managment","isPartOf":{"@id":"https:\/\/www.mayorhospitality.com\/#website"},"datePublished":"2023-04-18T08:19:54+00:00","breadcrumb":{"@id":"https:\/\/www.mayorhospitality.com\/de\/our-projects\/restia-suites-2\/#breadcrumb"},"inLanguage":"de","potentialAction":[{"@type":"ReadAction","target":["https:\/\/www.mayorhospitality.com\/de\/our-projects\/restia-suites-2\/"]}]},{"@type":"BreadcrumbList","@id":"https:\/\/www.mayorhospitality.com\/de\/our-projects\/restia-suites-2\/#breadcrumb","itemListElement":[{"@type":"ListItem","position":1,"name":"Home","item":"https:\/\/www.mayorhospitality.com\/de\/"},{"@type":"ListItem","position":2,"name":"Unsere Projekte","item":"https:\/\/www.mayorhospitality.com\/de\/our-projects\/"},{"@type":"ListItem","position":3,"name":"Restia Suites Exlusive Resort"}]},{"@type":"WebSite","@id":"https:\/\/www.mayorhospitality.com\/#website","url":"https:\/\/www.mayorhospitality.com\/","name":"Mayor Hospitality Managment","description":"360 Hospitality Management Services","publisher":{"@id":"https:\/\/www.mayorhospitality.com\/#organization"},"potentialAction":[{"@type":"SearchAction","target":{"@type":"EntryPoint","urlTemplate":"https:\/\/www.mayorhospitality.com\/?s={search_term_string}"},"query-input":{"@type":"PropertyValueSpecification","valueRequired":true,"valueName":"search_term_string"}}],"inLanguage":"de"},{"@type":"Organization","@id":"https:\/\/www.mayorhospitality.com\/#organization","name":"Mayor Hospitality Managment","url":"https:\/\/www.mayorhospitality.com\/","logo":{"@type":"ImageObject","inLanguage":"de","@id":"https:\/\/www.mayorhospitality.com\/#\/schema\/logo\/image\/","url":"https:\/\/www.mayorhospitality.com\/wp-content\/uploads\/2019\/07\/mhm_logo.png","contentUrl":"https:\/\/www.mayorhospitality.com\/wp-content\/uploads\/2019\/07\/mhm_logo.png","width":457,"height":112,"caption":"Mayor Hospitality Managment"},"image":{"@id":"https:\/\/www.mayorhospitality.com\/#\/schema\/logo\/image\/"},"sameAs":["https:\/\/www.facebook.com\/mayorhospitalitymanagement\/","https:\/\/x.com\/ManagementMayor","https:\/\/www.linkedin.com\/company\/mayor-hospitality-management"]}]}},"_links":{"self":[{"href":"https:\/\/www.mayorhospitality.com\/de\/wp-json\/wp\/v2\/pages\/86693","targetHints":{"allow":["GET"]}}],"collection":[{"href":"https:\/\/www.mayorhospitality.com\/de\/wp-json\/wp\/v2\/pages"}],"about":[{"href":"https:\/\/www.mayorhospitality.com\/de\/wp-json\/wp\/v2\/types\/page"}],"author":[{"embeddable":true,"href":"https:\/\/www.mayorhospitality.com\/de\/wp-json\/wp\/v2\/users\/5"}],"replies":[{"embeddable":true,"href":"https:\/\/www.mayorhospitality.com\/de\/wp-json\/wp\/v2\/comments?post=86693"}],"version-history":[{"count":1,"href":"https:\/\/www.mayorhospitality.com\/de\/wp-json\/wp\/v2\/pages\/86693\/revisions"}],"predecessor-version":[{"id":86744,"href":"https:\/\/www.mayorhospitality.com\/de\/wp-json\/wp\/v2\/pages\/86693\/revisions\/86744"}],"up":[{"embeddable":true,"href":"https:\/\/www.mayorhospitality.com\/de\/wp-json\/wp\/v2\/pages\/84732"}],"wp:attachment":[{"href":"https:\/\/www.mayorhospitality.com\/de\/wp-json\/wp\/v2\/media?parent=86693"}],"curies":[{"name":"wp","href":"https:\/\/api.w.org\/{rel}","templated":true}]}}