{"id":84629,"date":"2019-07-03T11:22:14","date_gmt":"2019-07-03T11:22:14","guid":{"rendered":"https:\/\/www.mayorhospitality.com\/services\/development-of-new-hotels\/"},"modified":"2019-09-05T10:23:48","modified_gmt":"2019-09-05T10:23:48","slug":"development-of-new-hotels","status":"publish","type":"page","link":"https:\/\/www.mayorhospitality.com\/fr\/our-services\/development-of-new-hotels\/","title":{"rendered":"D\u00e9veloppement de nouveaux h\u00f4tels"},"content":{"rendered":"<p>[vc_row][vc_column width=\u00a0\u00bb1\/4&Prime;][\/vc_column][vc_column width=\u00a0\u00bb1\/2&Prime;][vc_column_text text_lead=\u00a0\u00bbyes\u00a0\u00bb css=\u00a0\u00bb.vc_custom_1567160715038{margin-left: 0px !important;border-right-width: 0px !important;}\u00a0\u00bb]<\/p>\n<h1 class=\"western\" lang=\"fr-FR\" style=\"text-align: center;\"><b>D\u00e9veloppement de nouveaux h\u00f4tels<\/b><\/h1>\n<p>[\/vc_column_text][vc_separator sep_color=\u00a0\u00bbcolor-uydo\u00a0\u00bb el_width=\u00a0\u00bb25%\u00a0\u00bb el_height=\u00a0\u00bb10px\u00a0\u00bb][vc_column_text text_lead=\u00a0\u00bbyes\u00a0\u00bb]<\/p>\n<p style=\"text-align: center; font-size: 30px; font-weight: 300; font-style: italic;\">Enter a new era for your hotel<\/p>\n<p>[\/vc_column_text][\/vc_column][vc_column width=\u00a0\u00bb1\/4&Prime;][\/vc_column][\/vc_row][vc_row row_height_percent=\u00a0\u00bb0&Prime; overlay_alpha=\u00a0\u00bb50&Prime; gutter_size=\u00a0\u00bb3&Prime; column_width_percent=\u00a0\u00bb100&Prime; shift_y=\u00a0\u00bb0&Prime; z_index=\u00a0\u00bb0&Prime;][vc_column width=\u00a0\u00bb1\/1&Prime;][vc_single_image media=\u00a0\u00bb82751&Prime; media_width_percent=\u00a0\u00bb100&Prime; media_ratio=\u00a0\u00bbtwentyone-nine\u00a0\u00bb alignment=\u00a0\u00bbcenter\u00a0\u00bb][\/vc_column][\/vc_row][vc_row row_height_percent=\u00a0\u00bb0&Prime; override_padding=\u00a0\u00bbyes\u00a0\u00bb h_padding=\u00a0\u00bb4&Prime; top_padding=\u00a0\u00bb2&Prime; bottom_padding=\u00a0\u00bb2&Prime; overlay_alpha=\u00a0\u00bb50&Prime; gutter_size=\u00a0\u00bb3&Prime; column_width_percent=\u00a0\u00bb100&Prime; shift_y=\u00a0\u00bb0&Prime; z_index=\u00a0\u00bb0&Prime;][vc_column width=\u00a0\u00bb1\/1&Prime;][vc_row_inner][vc_column_inner width=\u00a0\u00bb1\/2&Prime;][vc_column_text]L&rsquo;exp\u00e9rience prouv\u00e9e de Mayor Hospitality Management et sa grande exp\u00e9rience dans la cr\u00e9ation et le d\u00e9veloppement d&rsquo;h\u00f4tels, apportent des solutions performantes pour la cr\u00e9ation de nouveaux h\u00f4tels, bas\u00e9s sur les d\u00e9sirs de chaque propri\u00e9taire d&rsquo;un terrain ou d\u2019un h\u00f4tel. L&rsquo;\u00e9quipe de Mayor Hospitality Managementet son d\u00e9partement financier assurent l&rsquo;int\u00e9gralit\u00e9 du processus jusqu&rsquo;\u00e0 la livraison et l&rsquo;ouverture de l\u2019h\u00f4tel.<br \/>\nNotre exp\u00e9rience a montr\u00e9 qu&rsquo;une \u00e9tude approfondie et une attention particuli\u00e8re port\u00e9e \u00e0 chaque d\u00e9tail conduisent au succ\u00e8s g\u00e9n\u00e9ral d&rsquo;un h\u00f4tel. La premi\u00e8re \u00e9tape comprend une recherche approfondie du march\u00e9, qui aboutit \u00e0 une connaissance du march\u00e9 et \u00e0 une vision globale de la concurrence. La cl\u00e9 du succ\u00e8s consiste \u00e0 effectuer une analyse strat\u00e9gique afin d\u2019identifier les lacunes dans le march\u00e9 et de cr\u00e9er un avantage concurrentiel fort pour le nouvel h\u00f4tel, d\u00e8s le premier jour de son fonctionnement.<\/p>\n<p>Les march\u00e9s cibles europ\u00e9ens et mondiaux sont \u00e9valu\u00e9s en permanence, tandis que la gestion, le marketing et les strat\u00e9gies de performance sont \u00e9tudi\u00e9es et d\u00e9velopp\u00e9es pour r\u00e9pondre aux besoins sp\u00e9cifiques de chaque march\u00e9.[\/vc_column_text][\/vc_column_inner][vc_column_inner width=\u00a0\u00bb1\/2&Prime;][vc_column_text]Voici quelques exemples de nos services:<\/p>\n<p>\u2022 \u00e9laboration d&rsquo;un budget<br \/>\n\u2022 proc\u00e9dure de retour de capital et des investissements<br \/>\n\u2022 l\u2019architecture de l\u2019h\u00f4tel (y compris la performance photor\u00e9aliste)<br \/>\n\u2022 trouver l&rsquo;identit\u00e9 de l&rsquo;h\u00f4tel<br \/>\n\u2022 d\u00e9veloppement d&rsquo;une identit\u00e9 visuelle et d&rsquo;une marque distinctive<br \/>\n\u2022 coordination des ateliers, des travaux de construction et des travaux techniques<br \/>\n\u2022 ameublement et commandes pour l\u2019h\u00f4tel<br \/>\n\u2022 d\u00e9limitation de tous les d\u00e9partements de l&rsquo;h\u00f4tel<br \/>\n\u2022 recrutement et formation du personnel<br \/>\n\u2022 repr\u00e9sentation de l&rsquo;h\u00f4tel sur les march\u00e9s<br \/>\n\u2022 vente d&rsquo;h\u00f4tel (r\u00e9servations)<br \/>\n\u2022 mise en place d&rsquo;un site Web sur Internet et promotion de l&rsquo;h\u00f4tel[\/vc_column_text][\/vc_column_inner][\/vc_row_inner][\/vc_column][\/vc_row][vc_row][vc_column width=\u00a0\u00bb1\/4&Prime;][\/vc_column][vc_column width=\u00a0\u00bb1\/2&Prime;][vc_column_text text_lead=\u00a0\u00bbyes\u00a0\u00bb css=\u00a0\u00bb.vc_custom_1563868845491{margin-left: 0px !important;border-right-width: 0px !important;}\u00a0\u00bb]<\/p>\n<h1 style=\"text-align: center;\"><b>MORE SERVICES<\/b><\/h1>\n<p>[\/vc_column_text][vc_separator sep_color=\u00a0\u00bbcolor-uydo\u00a0\u00bb el_width=\u00a0\u00bb25%\u00a0\u00bb el_height=\u00a0\u00bb10px\u00a0\u00bb][vc_column_text text_lead=\u00a0\u00bbyes\u00a0\u00bb]<\/p>\n<p style=\"text-align: center; font-size: 30px; font-weight: 300; font-style: italic;\">Your 360 solution to Hospitality Management<\/p>\n<p>[\/vc_column_text][\/vc_column][vc_column width=\u00a0\u00bb1\/4&Prime;][\/vc_column][\/vc_row][vc_row row_height_percent=\u00a0\u00bb0&Prime; override_padding=\u00a0\u00bbyes\u00a0\u00bb h_padding=\u00a0\u00bb2&Prime; top_padding=\u00a0\u00bb3&Prime; bottom_padding=\u00a0\u00bb3&Prime; overlay_alpha=\u00a0\u00bb50&Prime; gutter_size=\u00a0\u00bb3&Prime; column_width_percent=\u00a0\u00bb100&Prime; border_color=\u00a0\u00bbcolor-gyho\u00a0\u00bb border_style=\u00a0\u00bbsolid\u00a0\u00bb shift_y=\u00a0\u00bb0&Prime; z_index=\u00a0\u00bb0&Prime; css=\u00a0\u00bb.vc_custom_1497254753995{border-top-width: 1px !important;}\u00a0\u00bb][vc_column column_width_percent=\u00a0\u00bb100&Prime; align_horizontal=\u00a0\u00bbalign_center\u00a0\u00bb overlay_alpha=\u00a0\u00bb50&Prime; gutter_size=\u00a0\u00bb3&Prime; medium_width=\u00a0\u00bb0&Prime; shift_x=\u00a0\u00bb0&Prime; shift_y=\u00a0\u00bb0&Prime; z_index=\u00a0\u00bb0&Prime; width=\u00a0\u00bb1\/1&Prime;][vc_custom_heading heading_semantic=\u00a0\u00bbh5&Prime; text_size=\u00a0\u00bbfontsize-160000&Prime; text_space=\u00a0\u00bbfontspace-502722&Prime; text_font=\u00a0\u00bbfont-762333&Prime; text_transform=\u00a0\u00bbuppercase\u00a0\u00bb]Related\u00a0Works[\/vc_custom_heading][uncode_block id=\u00a0\u00bb49597&Prime;][\/vc_column][\/vc_row]<\/p>\n","protected":false},"excerpt":{"rendered":"<p>[vc_row][vc_column width=\u00a0\u00bb1\/4&Prime;][\/vc_column][vc_column width=\u00a0\u00bb1\/2&Prime;][vc_column_text text_lead=\u00a0\u00bbyes\u00a0\u00bb css=\u00a0\u00bb.vc_custom_1567160715038{margin-left: 0px !important;border-right-width: 0px !important;}\u00a0\u00bb] D\u00e9veloppement de nouveaux h\u00f4tels [\/vc_column_text][vc_separator sep_color=\u00a0\u00bbcolor-uydo\u00a0\u00bb el_width=\u00a0\u00bb25%\u00a0\u00bb el_height=\u00a0\u00bb10px\u00a0\u00bb][vc_column_text text_lead=\u00a0\u00bbyes\u00a0\u00bb] Enter a [&hellip;]<\/p>\n","protected":false},"author":1,"featured_media":83968,"parent":84588,"menu_order":0,"comment_status":"closed","ping_status":"closed","template":"","meta":{"footnotes":""},"class_list":["post-84629","page","type-page","status-publish","has-post-thumbnail","hentry","page_category-services"],"yoast_head":"<!-- This site is optimized with the Yoast SEO plugin v27.1 - https:\/\/yoast.com\/product\/yoast-seo-wordpress\/ -->\n<title>D\u00e9veloppement de nouveaux h\u00f4tels - Mayor Hospitality Managment<\/title>\n<meta name=\"robots\" content=\"index, follow, max-snippet:-1, max-image-preview:large, max-video-preview:-1\" \/>\n<link rel=\"canonical\" href=\"https:\/\/www.mayorhospitality.com\/fr\/our-services\/development-of-new-hotels\/\" \/>\n<meta property=\"og:locale\" content=\"fr_FR\" \/>\n<meta property=\"og:type\" content=\"article\" \/>\n<meta property=\"og:title\" content=\"D\u00e9veloppement de nouveaux h\u00f4tels - Mayor Hospitality Managment\" \/>\n<meta property=\"og:description\" content=\"[vc_row][vc_column width=\u00a0\u00bb1\/4&Prime;][\/vc_column][vc_column width=\u00a0\u00bb1\/2&Prime;][vc_column_text text_lead=\u00a0\u00bbyes\u00a0\u00bb css=\u00a0\u00bb.vc_custom_1567160715038{margin-left: 0px !important;border-right-width: 0px !important;}\u00a0\u00bb] D\u00e9veloppement de nouveaux h\u00f4tels [\/vc_column_text][vc_separator sep_color=\u00a0\u00bbcolor-uydo\u00a0\u00bb el_width=\u00a0\u00bb25%\u00a0\u00bb el_height=\u00a0\u00bb10px\u00a0\u00bb][vc_column_text text_lead=\u00a0\u00bbyes\u00a0\u00bb] Enter a [&hellip;]\" \/>\n<meta property=\"og:url\" content=\"https:\/\/www.mayorhospitality.com\/fr\/our-services\/development-of-new-hotels\/\" \/>\n<meta property=\"og:site_name\" content=\"Mayor Hospitality Managment\" \/>\n<meta property=\"article:publisher\" content=\"https:\/\/www.facebook.com\/mayorhospitalitymanagement\/\" \/>\n<meta property=\"article:modified_time\" content=\"2019-09-05T10:23:48+00:00\" \/>\n<meta property=\"og:image\" content=\"https:\/\/www.mayorhospitality.com\/wp-content\/uploads\/2019\/07\/contemporary-gradient-handrails-434645-1-e1562681321487.jpg\" \/>\n\t<meta property=\"og:image:width\" content=\"1600\" \/>\n\t<meta property=\"og:image:height\" content=\"1016\" \/>\n\t<meta property=\"og:image:type\" content=\"image\/jpeg\" \/>\n<meta name=\"twitter:card\" content=\"summary_large_image\" \/>\n<meta name=\"twitter:site\" content=\"@ManagementMayor\" \/>\n<meta name=\"twitter:label1\" content=\"Dur\u00e9e de lecture estim\u00e9e\" \/>\n\t<meta name=\"twitter:data1\" content=\"3 minutes\" \/>\n<script type=\"application\/ld+json\" class=\"yoast-schema-graph\">{\"@context\":\"https:\/\/schema.org\",\"@graph\":[{\"@type\":\"WebPage\",\"@id\":\"https:\/\/www.mayorhospitality.com\/fr\/our-services\/development-of-new-hotels\/\",\"url\":\"https:\/\/www.mayorhospitality.com\/fr\/our-services\/development-of-new-hotels\/\",\"name\":\"D\u00e9veloppement de nouveaux h\u00f4tels - Mayor Hospitality Managment\",\"isPartOf\":{\"@id\":\"https:\/\/www.mayorhospitality.com\/#website\"},\"primaryImageOfPage\":{\"@id\":\"https:\/\/www.mayorhospitality.com\/fr\/our-services\/development-of-new-hotels\/#primaryimage\"},\"image\":{\"@id\":\"https:\/\/www.mayorhospitality.com\/fr\/our-services\/development-of-new-hotels\/#primaryimage\"},\"thumbnailUrl\":\"https:\/\/www.mayorhospitality.com\/wp-content\/uploads\/2019\/07\/contemporary-gradient-handrails-434645-1-e1562681321487.jpg\",\"datePublished\":\"2019-07-03T11:22:14+00:00\",\"dateModified\":\"2019-09-05T10:23:48+00:00\",\"breadcrumb\":{\"@id\":\"https:\/\/www.mayorhospitality.com\/fr\/our-services\/development-of-new-hotels\/#breadcrumb\"},\"inLanguage\":\"fr-FR\",\"potentialAction\":[{\"@type\":\"ReadAction\",\"target\":[\"https:\/\/www.mayorhospitality.com\/fr\/our-services\/development-of-new-hotels\/\"]}]},{\"@type\":\"ImageObject\",\"inLanguage\":\"fr-FR\",\"@id\":\"https:\/\/www.mayorhospitality.com\/fr\/our-services\/development-of-new-hotels\/#primaryimage\",\"url\":\"https:\/\/www.mayorhospitality.com\/wp-content\/uploads\/2019\/07\/contemporary-gradient-handrails-434645-1-e1562681321487.jpg\",\"contentUrl\":\"https:\/\/www.mayorhospitality.com\/wp-content\/uploads\/2019\/07\/contemporary-gradient-handrails-434645-1-e1562681321487.jpg\",\"width\":1600,\"height\":1016},{\"@type\":\"BreadcrumbList\",\"@id\":\"https:\/\/www.mayorhospitality.com\/fr\/our-services\/development-of-new-hotels\/#breadcrumb\",\"itemListElement\":[{\"@type\":\"ListItem\",\"position\":1,\"name\":\"Home\",\"item\":\"https:\/\/www.mayorhospitality.com\/fr\/\"},{\"@type\":\"ListItem\",\"position\":2,\"name\":\"Nos services\",\"item\":\"https:\/\/www.mayorhospitality.com\/fr\/our-services\/\"},{\"@type\":\"ListItem\",\"position\":3,\"name\":\"D\u00e9veloppement de nouveaux h\u00f4tels\"}]},{\"@type\":\"WebSite\",\"@id\":\"https:\/\/www.mayorhospitality.com\/#website\",\"url\":\"https:\/\/www.mayorhospitality.com\/\",\"name\":\"Mayor Hospitality Managment\",\"description\":\"360 Hospitality Management Services\",\"publisher\":{\"@id\":\"https:\/\/www.mayorhospitality.com\/#organization\"},\"potentialAction\":[{\"@type\":\"SearchAction\",\"target\":{\"@type\":\"EntryPoint\",\"urlTemplate\":\"https:\/\/www.mayorhospitality.com\/?s={search_term_string}\"},\"query-input\":{\"@type\":\"PropertyValueSpecification\",\"valueRequired\":true,\"valueName\":\"search_term_string\"}}],\"inLanguage\":\"fr-FR\"},{\"@type\":\"Organization\",\"@id\":\"https:\/\/www.mayorhospitality.com\/#organization\",\"name\":\"Mayor Hospitality Managment\",\"url\":\"https:\/\/www.mayorhospitality.com\/\",\"logo\":{\"@type\":\"ImageObject\",\"inLanguage\":\"fr-FR\",\"@id\":\"https:\/\/www.mayorhospitality.com\/#\/schema\/logo\/image\/\",\"url\":\"https:\/\/www.mayorhospitality.com\/wp-content\/uploads\/2019\/07\/mhm_logo.png\",\"contentUrl\":\"https:\/\/www.mayorhospitality.com\/wp-content\/uploads\/2019\/07\/mhm_logo.png\",\"width\":457,\"height\":112,\"caption\":\"Mayor Hospitality Managment\"},\"image\":{\"@id\":\"https:\/\/www.mayorhospitality.com\/#\/schema\/logo\/image\/\"},\"sameAs\":[\"https:\/\/www.facebook.com\/mayorhospitalitymanagement\/\",\"https:\/\/x.com\/ManagementMayor\",\"https:\/\/www.linkedin.com\/company\/mayor-hospitality-management\"]}]}<\/script>\n<!-- \/ Yoast SEO plugin. -->","yoast_head_json":{"title":"D\u00e9veloppement de nouveaux h\u00f4tels - Mayor Hospitality Managment","robots":{"index":"index","follow":"follow","max-snippet":"max-snippet:-1","max-image-preview":"max-image-preview:large","max-video-preview":"max-video-preview:-1"},"canonical":"https:\/\/www.mayorhospitality.com\/fr\/our-services\/development-of-new-hotels\/","og_locale":"fr_FR","og_type":"article","og_title":"D\u00e9veloppement de nouveaux h\u00f4tels - Mayor Hospitality Managment","og_description":"[vc_row][vc_column width=\u00a0\u00bb1\/4&Prime;][\/vc_column][vc_column width=\u00a0\u00bb1\/2&Prime;][vc_column_text text_lead=\u00a0\u00bbyes\u00a0\u00bb css=\u00a0\u00bb.vc_custom_1567160715038{margin-left: 0px !important;border-right-width: 0px !important;}\u00a0\u00bb] D\u00e9veloppement de nouveaux h\u00f4tels [\/vc_column_text][vc_separator sep_color=\u00a0\u00bbcolor-uydo\u00a0\u00bb el_width=\u00a0\u00bb25%\u00a0\u00bb el_height=\u00a0\u00bb10px\u00a0\u00bb][vc_column_text text_lead=\u00a0\u00bbyes\u00a0\u00bb] Enter a [&hellip;]","og_url":"https:\/\/www.mayorhospitality.com\/fr\/our-services\/development-of-new-hotels\/","og_site_name":"Mayor Hospitality Managment","article_publisher":"https:\/\/www.facebook.com\/mayorhospitalitymanagement\/","article_modified_time":"2019-09-05T10:23:48+00:00","og_image":[{"width":1600,"height":1016,"url":"https:\/\/www.mayorhospitality.com\/wp-content\/uploads\/2019\/07\/contemporary-gradient-handrails-434645-1-e1562681321487.jpg","type":"image\/jpeg"}],"twitter_card":"summary_large_image","twitter_site":"@ManagementMayor","twitter_misc":{"Dur\u00e9e de lecture estim\u00e9e":"3 minutes"},"schema":{"@context":"https:\/\/schema.org","@graph":[{"@type":"WebPage","@id":"https:\/\/www.mayorhospitality.com\/fr\/our-services\/development-of-new-hotels\/","url":"https:\/\/www.mayorhospitality.com\/fr\/our-services\/development-of-new-hotels\/","name":"D\u00e9veloppement de nouveaux h\u00f4tels - Mayor Hospitality Managment","isPartOf":{"@id":"https:\/\/www.mayorhospitality.com\/#website"},"primaryImageOfPage":{"@id":"https:\/\/www.mayorhospitality.com\/fr\/our-services\/development-of-new-hotels\/#primaryimage"},"image":{"@id":"https:\/\/www.mayorhospitality.com\/fr\/our-services\/development-of-new-hotels\/#primaryimage"},"thumbnailUrl":"https:\/\/www.mayorhospitality.com\/wp-content\/uploads\/2019\/07\/contemporary-gradient-handrails-434645-1-e1562681321487.jpg","datePublished":"2019-07-03T11:22:14+00:00","dateModified":"2019-09-05T10:23:48+00:00","breadcrumb":{"@id":"https:\/\/www.mayorhospitality.com\/fr\/our-services\/development-of-new-hotels\/#breadcrumb"},"inLanguage":"fr-FR","potentialAction":[{"@type":"ReadAction","target":["https:\/\/www.mayorhospitality.com\/fr\/our-services\/development-of-new-hotels\/"]}]},{"@type":"ImageObject","inLanguage":"fr-FR","@id":"https:\/\/www.mayorhospitality.com\/fr\/our-services\/development-of-new-hotels\/#primaryimage","url":"https:\/\/www.mayorhospitality.com\/wp-content\/uploads\/2019\/07\/contemporary-gradient-handrails-434645-1-e1562681321487.jpg","contentUrl":"https:\/\/www.mayorhospitality.com\/wp-content\/uploads\/2019\/07\/contemporary-gradient-handrails-434645-1-e1562681321487.jpg","width":1600,"height":1016},{"@type":"BreadcrumbList","@id":"https:\/\/www.mayorhospitality.com\/fr\/our-services\/development-of-new-hotels\/#breadcrumb","itemListElement":[{"@type":"ListItem","position":1,"name":"Home","item":"https:\/\/www.mayorhospitality.com\/fr\/"},{"@type":"ListItem","position":2,"name":"Nos services","item":"https:\/\/www.mayorhospitality.com\/fr\/our-services\/"},{"@type":"ListItem","position":3,"name":"D\u00e9veloppement de nouveaux h\u00f4tels"}]},{"@type":"WebSite","@id":"https:\/\/www.mayorhospitality.com\/#website","url":"https:\/\/www.mayorhospitality.com\/","name":"Mayor Hospitality Managment","description":"360 Hospitality Management Services","publisher":{"@id":"https:\/\/www.mayorhospitality.com\/#organization"},"potentialAction":[{"@type":"SearchAction","target":{"@type":"EntryPoint","urlTemplate":"https:\/\/www.mayorhospitality.com\/?s={search_term_string}"},"query-input":{"@type":"PropertyValueSpecification","valueRequired":true,"valueName":"search_term_string"}}],"inLanguage":"fr-FR"},{"@type":"Organization","@id":"https:\/\/www.mayorhospitality.com\/#organization","name":"Mayor Hospitality Managment","url":"https:\/\/www.mayorhospitality.com\/","logo":{"@type":"ImageObject","inLanguage":"fr-FR","@id":"https:\/\/www.mayorhospitality.com\/#\/schema\/logo\/image\/","url":"https:\/\/www.mayorhospitality.com\/wp-content\/uploads\/2019\/07\/mhm_logo.png","contentUrl":"https:\/\/www.mayorhospitality.com\/wp-content\/uploads\/2019\/07\/mhm_logo.png","width":457,"height":112,"caption":"Mayor Hospitality Managment"},"image":{"@id":"https:\/\/www.mayorhospitality.com\/#\/schema\/logo\/image\/"},"sameAs":["https:\/\/www.facebook.com\/mayorhospitalitymanagement\/","https:\/\/x.com\/ManagementMayor","https:\/\/www.linkedin.com\/company\/mayor-hospitality-management"]}]}},"_links":{"self":[{"href":"https:\/\/www.mayorhospitality.com\/fr\/wp-json\/wp\/v2\/pages\/84629","targetHints":{"allow":["GET"]}}],"collection":[{"href":"https:\/\/www.mayorhospitality.com\/fr\/wp-json\/wp\/v2\/pages"}],"about":[{"href":"https:\/\/www.mayorhospitality.com\/fr\/wp-json\/wp\/v2\/types\/page"}],"author":[{"embeddable":true,"href":"https:\/\/www.mayorhospitality.com\/fr\/wp-json\/wp\/v2\/users\/1"}],"replies":[{"embeddable":true,"href":"https:\/\/www.mayorhospitality.com\/fr\/wp-json\/wp\/v2\/comments?post=84629"}],"version-history":[{"count":4,"href":"https:\/\/www.mayorhospitality.com\/fr\/wp-json\/wp\/v2\/pages\/84629\/revisions"}],"predecessor-version":[{"id":85222,"href":"https:\/\/www.mayorhospitality.com\/fr\/wp-json\/wp\/v2\/pages\/84629\/revisions\/85222"}],"up":[{"embeddable":true,"href":"https:\/\/www.mayorhospitality.com\/fr\/wp-json\/wp\/v2\/pages\/84588"}],"wp:featuredmedia":[{"embeddable":true,"href":"https:\/\/www.mayorhospitality.com\/fr\/wp-json\/wp\/v2\/media\/83968"}],"wp:attachment":[{"href":"https:\/\/www.mayorhospitality.com\/fr\/wp-json\/wp\/v2\/media?parent=84629"}],"curies":[{"name":"wp","href":"https:\/\/api.w.org\/{rel}","templated":true}]}}