{"id":84683,"date":"2019-07-01T12:43:06","date_gmt":"2019-07-01T12:43:06","guid":{"rendered":"https:\/\/www.mayorhospitality.com\/services\/general-management-of-hotels\/"},"modified":"2019-09-05T10:36:27","modified_gmt":"2019-09-05T10:36:27","slug":"general-management-of-hotels","status":"publish","type":"page","link":"https:\/\/www.mayorhospitality.com\/fr\/our-services\/general-management-of-hotels\/","title":{"rendered":"Direction g\u00e9n\u00e9rale des h\u00f4tels"},"content":{"rendered":"<p>[vc_row][vc_column width=\u00a0\u00bb1\/4&Prime;][\/vc_column][vc_column width=\u00a0\u00bb1\/2&Prime;][vc_column_text text_lead=\u00a0\u00bbyes\u00a0\u00bb css=\u00a0\u00bb.vc_custom_1567171226064{margin-left: 0px !important;border-right-width: 0px !important;}\u00a0\u00bb]<\/p>\n<h1 class=\"western\" lang=\"fr-FR\" style=\"text-align: center;\"><span lang=\"en-US\"><b>Direction g\u00e9n\u00e9rale des h\u00f4tels<\/b><\/span><\/h1>\n<p>[\/vc_column_text][vc_separator sep_color=\u00a0\u00bbcolor-uydo\u00a0\u00bb el_width=\u00a0\u00bb25%\u00a0\u00bb el_height=\u00a0\u00bb10px\u00a0\u00bb][vc_column_text text_lead=\u00a0\u00bbyes\u00a0\u00bb]<\/p>\n<p style=\"text-align: center; font-size: 30px; font-weight: 300; font-style: italic;\">Our professional, 360 approach to managing your hotel<\/p>\n<p>[\/vc_column_text][\/vc_column][vc_column width=\u00a0\u00bb1\/4&Prime;][\/vc_column][\/vc_row][vc_row row_height_percent=\u00a0\u00bb0&Prime; overlay_alpha=\u00a0\u00bb50&Prime; gutter_size=\u00a0\u00bb3&Prime; column_width_percent=\u00a0\u00bb100&Prime; shift_y=\u00a0\u00bb0&Prime; z_index=\u00a0\u00bb0&Prime;][vc_column width=\u00a0\u00bb1\/1&Prime;][vc_single_image media=\u00a0\u00bb82737&Prime; media_width_percent=\u00a0\u00bb100&Prime; media_ratio=\u00a0\u00bbtwentyone-nine\u00a0\u00bb alignment=\u00a0\u00bbcenter\u00a0\u00bb][\/vc_column][\/vc_row][vc_row row_height_percent=\u00a0\u00bb0&Prime; override_padding=\u00a0\u00bbyes\u00a0\u00bb h_padding=\u00a0\u00bb4&Prime; top_padding=\u00a0\u00bb2&Prime; bottom_padding=\u00a0\u00bb2&Prime; overlay_alpha=\u00a0\u00bb50&Prime; gutter_size=\u00a0\u00bb3&Prime; column_width_percent=\u00a0\u00bb100&Prime; shift_y=\u00a0\u00bb0&Prime; z_index=\u00a0\u00bb0&Prime;][vc_column width=\u00a0\u00bb1\/1&Prime;][vc_row_inner][vc_column_inner width=\u00a0\u00bb1\/2&Prime;][vc_column_text]Apr\u00e8s une \u00e9valuation approfondie de chaque h\u00f4tel, Mayor Hospitality Managementfournit une<br \/>\nlarge gamme de services adapt\u00e9s et de propositions d&rsquo;organisation d\u00e9taill\u00e9es, et aide<br \/>\nles propri\u00e9taires des h\u00f4tels \u00e0 obtenirles r\u00e9sultats souhait\u00e9s dans l\u2019 industrie du tourisme, c\u2019est-\u00e0-dire une augmentation des revenus gr\u00e2ce \u00e0 une strat\u00e9gie de p\u00e9n\u00e9tration du march\u00e9 solide.[\/vc_column_text][\/vc_column_inner][vc_column_inner width=\u00a0\u00bb1\/2&Prime;][vc_column_text]Ayant investi dans un personnel exp\u00e9riment\u00e9 poss\u00e9dant une expertise reconnue dans de nombreux domaines de l\u2019industrie de l&rsquo;h\u00f4tellerie et du tourisme , Mayor Hospitality Management fournit un mod\u00e8le de conseil sp\u00e9cialis\u00e9 proposant des solutions coh\u00e9rentes pour une gestion h\u00f4teli\u00e8re innovante et holistique, g\u00e9n\u00e9rant une croissance des revenus .[\/vc_column_text][\/vc_column_inner][\/vc_row_inner][\/vc_column][\/vc_row][vc_row][vc_column width=\u00a0\u00bb1\/4&Prime;][\/vc_column][vc_column width=\u00a0\u00bb1\/2&Prime;][vc_column_text text_lead=\u00a0\u00bbyes\u00a0\u00bb css=\u00a0\u00bb.vc_custom_1563868845491{margin-left: 0px !important;border-right-width: 0px !important;}\u00a0\u00bb]<\/p>\n<h1 style=\"text-align: center;\"><b>MORE SERVICES<\/b><\/h1>\n<p>[\/vc_column_text][vc_separator sep_color=\u00a0\u00bbcolor-uydo\u00a0\u00bb el_width=\u00a0\u00bb25%\u00a0\u00bb el_height=\u00a0\u00bb10px\u00a0\u00bb][vc_column_text text_lead=\u00a0\u00bbyes\u00a0\u00bb]<\/p>\n<p style=\"text-align: center; font-size: 30px; font-weight: 300; font-style: italic;\">Your 360 solution to Hospitality Management<\/p>\n<p>[\/vc_column_text][\/vc_column][vc_column width=\u00a0\u00bb1\/4&Prime;][\/vc_column][\/vc_row][vc_row row_height_percent=\u00a0\u00bb0&Prime; override_padding=\u00a0\u00bbyes\u00a0\u00bb h_padding=\u00a0\u00bb2&Prime; top_padding=\u00a0\u00bb3&Prime; bottom_padding=\u00a0\u00bb3&Prime; overlay_alpha=\u00a0\u00bb50&Prime; gutter_size=\u00a0\u00bb3&Prime; column_width_percent=\u00a0\u00bb100&Prime; border_color=\u00a0\u00bbcolor-gyho\u00a0\u00bb border_style=\u00a0\u00bbsolid\u00a0\u00bb shift_y=\u00a0\u00bb0&Prime; z_index=\u00a0\u00bb0&Prime; css=\u00a0\u00bb.vc_custom_1497254753995{border-top-width: 1px !important;}\u00a0\u00bb][vc_column column_width_percent=\u00a0\u00bb100&Prime; align_horizontal=\u00a0\u00bbalign_center\u00a0\u00bb overlay_alpha=\u00a0\u00bb50&Prime; gutter_size=\u00a0\u00bb3&Prime; medium_width=\u00a0\u00bb0&Prime; shift_x=\u00a0\u00bb0&Prime; shift_y=\u00a0\u00bb0&Prime; z_index=\u00a0\u00bb0&Prime; width=\u00a0\u00bb1\/1&Prime;][vc_custom_heading heading_semantic=\u00a0\u00bbh5&Prime; text_size=\u00a0\u00bbfontsize-160000&Prime; text_space=\u00a0\u00bbfontspace-502722&Prime; text_font=\u00a0\u00bbfont-762333&Prime; text_transform=\u00a0\u00bbuppercase\u00a0\u00bb]Related\u00a0Works[\/vc_custom_heading][uncode_block id=\u00a0\u00bb49597&Prime;][\/vc_column][\/vc_row]<\/p>\n","protected":false},"excerpt":{"rendered":"<p>[vc_row][vc_column width=\u00a0\u00bb1\/4&Prime;][\/vc_column][vc_column width=\u00a0\u00bb1\/2&Prime;][vc_column_text text_lead=\u00a0\u00bbyes\u00a0\u00bb css=\u00a0\u00bb.vc_custom_1567171226064{margin-left: 0px !important;border-right-width: 0px !important;}\u00a0\u00bb] Direction g\u00e9n\u00e9rale des h\u00f4tels [\/vc_column_text][vc_separator sep_color=\u00a0\u00bbcolor-uydo\u00a0\u00bb el_width=\u00a0\u00bb25%\u00a0\u00bb el_height=\u00a0\u00bb10px\u00a0\u00bb][vc_column_text text_lead=\u00a0\u00bbyes\u00a0\u00bb] Our professional, [&hellip;]<\/p>\n","protected":false},"author":1,"featured_media":83912,"parent":84588,"menu_order":0,"comment_status":"closed","ping_status":"closed","template":"","meta":{"footnotes":""},"class_list":["post-84683","page","type-page","status-publish","has-post-thumbnail","hentry","page_category-services"],"yoast_head":"<!-- This site is optimized with the Yoast SEO plugin v27.1 - https:\/\/yoast.com\/product\/yoast-seo-wordpress\/ -->\n<title>Direction g\u00e9n\u00e9rale des h\u00f4tels - Mayor Hospitality Managment<\/title>\n<meta name=\"robots\" content=\"index, follow, max-snippet:-1, max-image-preview:large, max-video-preview:-1\" \/>\n<link rel=\"canonical\" href=\"https:\/\/www.mayorhospitality.com\/fr\/our-services\/general-management-of-hotels\/\" \/>\n<meta property=\"og:locale\" content=\"fr_FR\" \/>\n<meta property=\"og:type\" content=\"article\" \/>\n<meta property=\"og:title\" content=\"Direction g\u00e9n\u00e9rale des h\u00f4tels - Mayor Hospitality Managment\" \/>\n<meta property=\"og:description\" content=\"[vc_row][vc_column width=\u00a0\u00bb1\/4&Prime;][\/vc_column][vc_column width=\u00a0\u00bb1\/2&Prime;][vc_column_text text_lead=\u00a0\u00bbyes\u00a0\u00bb css=\u00a0\u00bb.vc_custom_1567171226064{margin-left: 0px !important;border-right-width: 0px !important;}\u00a0\u00bb] Direction g\u00e9n\u00e9rale des h\u00f4tels [\/vc_column_text][vc_separator sep_color=\u00a0\u00bbcolor-uydo\u00a0\u00bb el_width=\u00a0\u00bb25%\u00a0\u00bb el_height=\u00a0\u00bb10px\u00a0\u00bb][vc_column_text text_lead=\u00a0\u00bbyes\u00a0\u00bb] Our professional, [&hellip;]\" \/>\n<meta property=\"og:url\" content=\"https:\/\/www.mayorhospitality.com\/fr\/our-services\/general-management-of-hotels\/\" \/>\n<meta property=\"og:site_name\" content=\"Mayor Hospitality Managment\" \/>\n<meta property=\"article:publisher\" content=\"https:\/\/www.facebook.com\/mayorhospitalitymanagement\/\" \/>\n<meta property=\"article:modified_time\" content=\"2019-09-05T10:36:27+00:00\" \/>\n<meta property=\"og:image\" content=\"https:\/\/www.mayorhospitality.com\/wp-content\/uploads\/2019\/07\/back-black-and-white-buildings-1435194-1-e1562680946172.jpg\" \/>\n\t<meta property=\"og:image:width\" content=\"1920\" \/>\n\t<meta property=\"og:image:height\" content=\"1219\" \/>\n\t<meta property=\"og:image:type\" content=\"image\/jpeg\" \/>\n<meta name=\"twitter:card\" content=\"summary_large_image\" \/>\n<meta name=\"twitter:site\" content=\"@ManagementMayor\" \/>\n<meta name=\"twitter:label1\" content=\"Dur\u00e9e de lecture estim\u00e9e\" \/>\n\t<meta name=\"twitter:data1\" content=\"2 minutes\" \/>\n<script type=\"application\/ld+json\" class=\"yoast-schema-graph\">{\"@context\":\"https:\/\/schema.org\",\"@graph\":[{\"@type\":\"WebPage\",\"@id\":\"https:\/\/www.mayorhospitality.com\/fr\/our-services\/general-management-of-hotels\/\",\"url\":\"https:\/\/www.mayorhospitality.com\/fr\/our-services\/general-management-of-hotels\/\",\"name\":\"Direction g\u00e9n\u00e9rale des h\u00f4tels - Mayor Hospitality Managment\",\"isPartOf\":{\"@id\":\"https:\/\/www.mayorhospitality.com\/#website\"},\"primaryImageOfPage\":{\"@id\":\"https:\/\/www.mayorhospitality.com\/fr\/our-services\/general-management-of-hotels\/#primaryimage\"},\"image\":{\"@id\":\"https:\/\/www.mayorhospitality.com\/fr\/our-services\/general-management-of-hotels\/#primaryimage\"},\"thumbnailUrl\":\"https:\/\/www.mayorhospitality.com\/wp-content\/uploads\/2019\/07\/back-black-and-white-buildings-1435194-1-e1562680946172.jpg\",\"datePublished\":\"2019-07-01T12:43:06+00:00\",\"dateModified\":\"2019-09-05T10:36:27+00:00\",\"breadcrumb\":{\"@id\":\"https:\/\/www.mayorhospitality.com\/fr\/our-services\/general-management-of-hotels\/#breadcrumb\"},\"inLanguage\":\"fr-FR\",\"potentialAction\":[{\"@type\":\"ReadAction\",\"target\":[\"https:\/\/www.mayorhospitality.com\/fr\/our-services\/general-management-of-hotels\/\"]}]},{\"@type\":\"ImageObject\",\"inLanguage\":\"fr-FR\",\"@id\":\"https:\/\/www.mayorhospitality.com\/fr\/our-services\/general-management-of-hotels\/#primaryimage\",\"url\":\"https:\/\/www.mayorhospitality.com\/wp-content\/uploads\/2019\/07\/back-black-and-white-buildings-1435194-1-e1562680946172.jpg\",\"contentUrl\":\"https:\/\/www.mayorhospitality.com\/wp-content\/uploads\/2019\/07\/back-black-and-white-buildings-1435194-1-e1562680946172.jpg\",\"width\":1920,\"height\":1219},{\"@type\":\"BreadcrumbList\",\"@id\":\"https:\/\/www.mayorhospitality.com\/fr\/our-services\/general-management-of-hotels\/#breadcrumb\",\"itemListElement\":[{\"@type\":\"ListItem\",\"position\":1,\"name\":\"Home\",\"item\":\"https:\/\/www.mayorhospitality.com\/fr\/\"},{\"@type\":\"ListItem\",\"position\":2,\"name\":\"Nos services\",\"item\":\"https:\/\/www.mayorhospitality.com\/fr\/our-services\/\"},{\"@type\":\"ListItem\",\"position\":3,\"name\":\"Direction g\u00e9n\u00e9rale des h\u00f4tels\"}]},{\"@type\":\"WebSite\",\"@id\":\"https:\/\/www.mayorhospitality.com\/#website\",\"url\":\"https:\/\/www.mayorhospitality.com\/\",\"name\":\"Mayor Hospitality Managment\",\"description\":\"360 Hospitality Management Services\",\"publisher\":{\"@id\":\"https:\/\/www.mayorhospitality.com\/#organization\"},\"potentialAction\":[{\"@type\":\"SearchAction\",\"target\":{\"@type\":\"EntryPoint\",\"urlTemplate\":\"https:\/\/www.mayorhospitality.com\/?s={search_term_string}\"},\"query-input\":{\"@type\":\"PropertyValueSpecification\",\"valueRequired\":true,\"valueName\":\"search_term_string\"}}],\"inLanguage\":\"fr-FR\"},{\"@type\":\"Organization\",\"@id\":\"https:\/\/www.mayorhospitality.com\/#organization\",\"name\":\"Mayor Hospitality Managment\",\"url\":\"https:\/\/www.mayorhospitality.com\/\",\"logo\":{\"@type\":\"ImageObject\",\"inLanguage\":\"fr-FR\",\"@id\":\"https:\/\/www.mayorhospitality.com\/#\/schema\/logo\/image\/\",\"url\":\"https:\/\/www.mayorhospitality.com\/wp-content\/uploads\/2019\/07\/mhm_logo.png\",\"contentUrl\":\"https:\/\/www.mayorhospitality.com\/wp-content\/uploads\/2019\/07\/mhm_logo.png\",\"width\":457,\"height\":112,\"caption\":\"Mayor Hospitality Managment\"},\"image\":{\"@id\":\"https:\/\/www.mayorhospitality.com\/#\/schema\/logo\/image\/\"},\"sameAs\":[\"https:\/\/www.facebook.com\/mayorhospitalitymanagement\/\",\"https:\/\/x.com\/ManagementMayor\",\"https:\/\/www.linkedin.com\/company\/mayor-hospitality-management\"]}]}<\/script>\n<!-- \/ Yoast SEO plugin. -->","yoast_head_json":{"title":"Direction g\u00e9n\u00e9rale des h\u00f4tels - Mayor Hospitality Managment","robots":{"index":"index","follow":"follow","max-snippet":"max-snippet:-1","max-image-preview":"max-image-preview:large","max-video-preview":"max-video-preview:-1"},"canonical":"https:\/\/www.mayorhospitality.com\/fr\/our-services\/general-management-of-hotels\/","og_locale":"fr_FR","og_type":"article","og_title":"Direction g\u00e9n\u00e9rale des h\u00f4tels - Mayor Hospitality Managment","og_description":"[vc_row][vc_column width=\u00a0\u00bb1\/4&Prime;][\/vc_column][vc_column width=\u00a0\u00bb1\/2&Prime;][vc_column_text text_lead=\u00a0\u00bbyes\u00a0\u00bb css=\u00a0\u00bb.vc_custom_1567171226064{margin-left: 0px !important;border-right-width: 0px !important;}\u00a0\u00bb] Direction g\u00e9n\u00e9rale des h\u00f4tels [\/vc_column_text][vc_separator sep_color=\u00a0\u00bbcolor-uydo\u00a0\u00bb el_width=\u00a0\u00bb25%\u00a0\u00bb el_height=\u00a0\u00bb10px\u00a0\u00bb][vc_column_text text_lead=\u00a0\u00bbyes\u00a0\u00bb] Our professional, [&hellip;]","og_url":"https:\/\/www.mayorhospitality.com\/fr\/our-services\/general-management-of-hotels\/","og_site_name":"Mayor Hospitality Managment","article_publisher":"https:\/\/www.facebook.com\/mayorhospitalitymanagement\/","article_modified_time":"2019-09-05T10:36:27+00:00","og_image":[{"width":1920,"height":1219,"url":"https:\/\/www.mayorhospitality.com\/wp-content\/uploads\/2019\/07\/back-black-and-white-buildings-1435194-1-e1562680946172.jpg","type":"image\/jpeg"}],"twitter_card":"summary_large_image","twitter_site":"@ManagementMayor","twitter_misc":{"Dur\u00e9e de lecture estim\u00e9e":"2 minutes"},"schema":{"@context":"https:\/\/schema.org","@graph":[{"@type":"WebPage","@id":"https:\/\/www.mayorhospitality.com\/fr\/our-services\/general-management-of-hotels\/","url":"https:\/\/www.mayorhospitality.com\/fr\/our-services\/general-management-of-hotels\/","name":"Direction g\u00e9n\u00e9rale des h\u00f4tels - Mayor Hospitality Managment","isPartOf":{"@id":"https:\/\/www.mayorhospitality.com\/#website"},"primaryImageOfPage":{"@id":"https:\/\/www.mayorhospitality.com\/fr\/our-services\/general-management-of-hotels\/#primaryimage"},"image":{"@id":"https:\/\/www.mayorhospitality.com\/fr\/our-services\/general-management-of-hotels\/#primaryimage"},"thumbnailUrl":"https:\/\/www.mayorhospitality.com\/wp-content\/uploads\/2019\/07\/back-black-and-white-buildings-1435194-1-e1562680946172.jpg","datePublished":"2019-07-01T12:43:06+00:00","dateModified":"2019-09-05T10:36:27+00:00","breadcrumb":{"@id":"https:\/\/www.mayorhospitality.com\/fr\/our-services\/general-management-of-hotels\/#breadcrumb"},"inLanguage":"fr-FR","potentialAction":[{"@type":"ReadAction","target":["https:\/\/www.mayorhospitality.com\/fr\/our-services\/general-management-of-hotels\/"]}]},{"@type":"ImageObject","inLanguage":"fr-FR","@id":"https:\/\/www.mayorhospitality.com\/fr\/our-services\/general-management-of-hotels\/#primaryimage","url":"https:\/\/www.mayorhospitality.com\/wp-content\/uploads\/2019\/07\/back-black-and-white-buildings-1435194-1-e1562680946172.jpg","contentUrl":"https:\/\/www.mayorhospitality.com\/wp-content\/uploads\/2019\/07\/back-black-and-white-buildings-1435194-1-e1562680946172.jpg","width":1920,"height":1219},{"@type":"BreadcrumbList","@id":"https:\/\/www.mayorhospitality.com\/fr\/our-services\/general-management-of-hotels\/#breadcrumb","itemListElement":[{"@type":"ListItem","position":1,"name":"Home","item":"https:\/\/www.mayorhospitality.com\/fr\/"},{"@type":"ListItem","position":2,"name":"Nos services","item":"https:\/\/www.mayorhospitality.com\/fr\/our-services\/"},{"@type":"ListItem","position":3,"name":"Direction g\u00e9n\u00e9rale des h\u00f4tels"}]},{"@type":"WebSite","@id":"https:\/\/www.mayorhospitality.com\/#website","url":"https:\/\/www.mayorhospitality.com\/","name":"Mayor Hospitality Managment","description":"360 Hospitality Management Services","publisher":{"@id":"https:\/\/www.mayorhospitality.com\/#organization"},"potentialAction":[{"@type":"SearchAction","target":{"@type":"EntryPoint","urlTemplate":"https:\/\/www.mayorhospitality.com\/?s={search_term_string}"},"query-input":{"@type":"PropertyValueSpecification","valueRequired":true,"valueName":"search_term_string"}}],"inLanguage":"fr-FR"},{"@type":"Organization","@id":"https:\/\/www.mayorhospitality.com\/#organization","name":"Mayor Hospitality Managment","url":"https:\/\/www.mayorhospitality.com\/","logo":{"@type":"ImageObject","inLanguage":"fr-FR","@id":"https:\/\/www.mayorhospitality.com\/#\/schema\/logo\/image\/","url":"https:\/\/www.mayorhospitality.com\/wp-content\/uploads\/2019\/07\/mhm_logo.png","contentUrl":"https:\/\/www.mayorhospitality.com\/wp-content\/uploads\/2019\/07\/mhm_logo.png","width":457,"height":112,"caption":"Mayor Hospitality Managment"},"image":{"@id":"https:\/\/www.mayorhospitality.com\/#\/schema\/logo\/image\/"},"sameAs":["https:\/\/www.facebook.com\/mayorhospitalitymanagement\/","https:\/\/x.com\/ManagementMayor","https:\/\/www.linkedin.com\/company\/mayor-hospitality-management"]}]}},"_links":{"self":[{"href":"https:\/\/www.mayorhospitality.com\/fr\/wp-json\/wp\/v2\/pages\/84683","targetHints":{"allow":["GET"]}}],"collection":[{"href":"https:\/\/www.mayorhospitality.com\/fr\/wp-json\/wp\/v2\/pages"}],"about":[{"href":"https:\/\/www.mayorhospitality.com\/fr\/wp-json\/wp\/v2\/types\/page"}],"author":[{"embeddable":true,"href":"https:\/\/www.mayorhospitality.com\/fr\/wp-json\/wp\/v2\/users\/1"}],"replies":[{"embeddable":true,"href":"https:\/\/www.mayorhospitality.com\/fr\/wp-json\/wp\/v2\/comments?post=84683"}],"version-history":[{"count":3,"href":"https:\/\/www.mayorhospitality.com\/fr\/wp-json\/wp\/v2\/pages\/84683\/revisions"}],"predecessor-version":[{"id":84689,"href":"https:\/\/www.mayorhospitality.com\/fr\/wp-json\/wp\/v2\/pages\/84683\/revisions\/84689"}],"up":[{"embeddable":true,"href":"https:\/\/www.mayorhospitality.com\/fr\/wp-json\/wp\/v2\/pages\/84588"}],"wp:featuredmedia":[{"embeddable":true,"href":"https:\/\/www.mayorhospitality.com\/fr\/wp-json\/wp\/v2\/media\/83912"}],"wp:attachment":[{"href":"https:\/\/www.mayorhospitality.com\/fr\/wp-json\/wp\/v2\/media?parent=84683"}],"curies":[{"name":"wp","href":"https:\/\/api.w.org\/{rel}","templated":true}]}}