{"id":84690,"date":"2019-07-01T13:24:24","date_gmt":"2019-07-01T13:24:24","guid":{"rendered":"https:\/\/www.mayorhospitality.com\/services\/marketing-and-sales\/"},"modified":"2019-09-05T10:32:15","modified_gmt":"2019-09-05T10:32:15","slug":"marketing-and-sales","status":"publish","type":"page","link":"https:\/\/www.mayorhospitality.com\/fr\/our-services\/marketing-and-sales\/","title":{"rendered":"Marketing et ventes"},"content":{"rendered":"<p>[vc_row][vc_column width=\u00a0\u00bb1\/4&Prime;][\/vc_column][vc_column width=\u00a0\u00bb1\/2&Prime;][vc_column_text text_lead=\u00a0\u00bbyes\u00a0\u00bb css=\u00a0\u00bb.vc_custom_1567171533014{margin-left: 0px !important;border-right-width: 0px !important;}\u00a0\u00bb]<\/p>\n<h1 class=\"western\" lang=\"fr-FR\" style=\"text-align: center;\"><span lang=\"en-US\"><b>Marketing et ventes<\/b><\/span><\/h1>\n<p>[\/vc_column_text][vc_separator sep_color=\u00a0\u00bbcolor-uydo\u00a0\u00bb el_width=\u00a0\u00bb25%\u00a0\u00bb el_height=\u00a0\u00bb10px\u00a0\u00bb][vc_column_text text_lead=\u00a0\u00bbyes\u00a0\u00bb]<\/p>\n<p style=\"text-align: center; font-size: 30px; font-weight: 300; font-style: italic;\">Setting the foundations for boosting hotel sales<\/p>\n<p>[\/vc_column_text][\/vc_column][vc_column width=\u00a0\u00bb1\/4&Prime;][\/vc_column][\/vc_row][vc_row row_height_percent=\u00a0\u00bb0&Prime; overlay_alpha=\u00a0\u00bb50&Prime; gutter_size=\u00a0\u00bb3&Prime; column_width_percent=\u00a0\u00bb100&Prime; shift_y=\u00a0\u00bb0&Prime; z_index=\u00a0\u00bb0&Prime;][vc_column width=\u00a0\u00bb1\/1&Prime;][vc_single_image media=\u00a0\u00bb82699&Prime; media_width_percent=\u00a0\u00bb100&Prime; media_ratio=\u00a0\u00bbtwentyone-nine\u00a0\u00bb alignment=\u00a0\u00bbcenter\u00a0\u00bb][\/vc_column][\/vc_row][vc_row row_height_percent=\u00a0\u00bb0&Prime; override_padding=\u00a0\u00bbyes\u00a0\u00bb h_padding=\u00a0\u00bb4&Prime; top_padding=\u00a0\u00bb2&Prime; bottom_padding=\u00a0\u00bb2&Prime; overlay_alpha=\u00a0\u00bb50&Prime; gutter_size=\u00a0\u00bb3&Prime; column_width_percent=\u00a0\u00bb100&Prime; shift_y=\u00a0\u00bb0&Prime; z_index=\u00a0\u00bb0&Prime;][vc_column width=\u00a0\u00bb1\/1&Prime;][vc_row_inner][vc_column_inner width=\u00a0\u00bb1\/2&Prime;][vc_column_text]<strong>Image de marque<\/strong><\/p>\n<p>La conception et le d\u00e9veloppement d&rsquo;une marque distincte et commercialisable constituent la pierre angulaire de toute la strat\u00e9gie marketing. Mayor Hospitality Management utilise son exp\u00e9rience cr\u00e9ative pour concevoir de nouveaux logos et marques ou pour am\u00e9liorer l&rsquo;efficacit\u00e9 des logos existants et des documents imprim\u00e9s appartenant \u00e0 l&rsquo;h\u00f4tel, afin d&rsquo;am\u00e9liorer l&rsquo;exp\u00e9rience du client et de lui laisser une marque durable.<\/p>\n<p><strong>Strat\u00e9gie de rebranding<\/strong><\/p>\n<p>L&rsquo;une des d\u00e9cisions marketing les plus importantes et les plus radicales consiste \u00e0 r\u00e9inventer le nom de marque d&rsquo;un h\u00f4tel dans le but de cr\u00e9er une nouvelle identit\u00e9 diff\u00e9renci\u00e9e accompagn\u00e9e d&rsquo;un ensemble de nouvelles caract\u00e9ristiques. Chez Mayor Hospitality Management, nous analysons l&rsquo;impact qu&rsquo;un changement de nom de marque apporte non seulement aux clients, mais \u00e9galement aux investisseurs, aux concurrents et aux divers intervenants.<\/p>\n<p><strong>Nom de marque<\/strong><\/p>\n<p>Une approche ax\u00e9e sur les processus est fondamentale pour le succ\u00e8s du nom de la marque, son futur d\u00e9veloppement commercial et sa prosp\u00e9rit\u00e9. Les experts de Mayor Hospitality Managementcr\u00e9ent des noms strat\u00e9giquement solides, distincts, m\u00e9morables et l\u00e9galement disponibles pour repr\u00e9senter avec succ\u00e8s l&rsquo;identit\u00e9 d&rsquo;un h\u00f4tel dans le secteur tr\u00e8s concurrentiel de l&rsquo;h\u00f4tellerie.<\/p>\n<p><strong>Internet et D\u00e9veloppement des sites Web<\/strong><\/p>\n<p>La pr\u00e9sence num\u00e9rique forte, le marketing correct et la promotion efficace d\u2019un h\u00f4tel sur Internet jouent un r\u00f4le important dans son succ\u00e8s, dans la promotion des ventes et dans l\u2019\u00e9tablissement de sa position sur le march\u00e9.<br \/>\nTout ce qui pr\u00e9c\u00e8de exigera une solide compr\u00e9hension approfondie du comportement des clients. En combinaison avec une \u00e9tude de march\u00e9 approfondie, les mesures n\u00e9cessaires sont prises pour garantir un retour sur l\u2019investissement positif. Dans le m\u00eame temps, des campagnes marketing sont planifi\u00e9es, converties en r\u00e9servations et am\u00e9liorent l&rsquo;exp\u00e9rience des visiteurs.<\/p>\n<p>L&rsquo;\u00e9quipe de commerce \u00e9lectronique de Mayor Hospitality Management (e-Commerce) applique une approche int\u00e9gr\u00e9e aux strat\u00e9gies de vente et de marketing afin de maximiser l&rsquo;efficacit\u00e9 du site Web de l&rsquo;h\u00f4tel, en mettant en \u00e9vidence sa dynamique et ses points de vente uniques.<\/p>\n<p>Des rapports pertinents sont envoy\u00e9s tous les mois afin de v\u00e9rifier les r\u00e9sultats de l&rsquo;exposition sur Internet. Il est d\u2019une importance vitale de comprendre que l&rsquo;exp\u00e9rience du client commence avant son arriv\u00e9e. Cela commence par les moteurs de recherche, sur la plateforme num\u00e9rique.<\/p>\n<p>Lors de la r\u00e9servation, un sens de l&rsquo;hospitalit\u00e9 anticip\u00e9 est cr\u00e9\u00e9 et des actions commerciales verticales sont mises en \u0153uvre. Ensuite, apr\u00e8s le d\u00e9part des invit\u00e9s, il est essentiel de rester en contact avec eux pendant les mois suivants afin de cr\u00e9er des clients fid\u00e8les qui voudront y revenir.<\/p>\n<p><strong>Marketing num\u00e9rique<\/strong><\/p>\n<p>L&rsquo;\u00e9quipe des professionnelsdu marketing num\u00e9rique de Mayor Hospitality Management con\u00e7oit, met en \u0153uvre et \u00e9value des plans et strat\u00e9gies de marketing sur mesure afin d&rsquo;augmenter les indicateurs de performance cl\u00e9s (KPI) les plus importants pour maximiser les revenus. Une vaste exp\u00e9rience dans le secteur de l&rsquo;h\u00f4tellerie en liaison avec le savoir-faire etla sp\u00e9cificit\u00e9 garantissent un avantage concurrentiel dans uneindustrie agressive o\u00f9 le retour sur investissement est le facteur d\u00e9terminant entre le succ\u00e8s et l\u2019\u00e9chec.<\/p>\n<p><strong>Optimisation des moteurs de recherche<\/strong><\/p>\n<p>Chaque jour, les analystes du commerce \u00e9lectronique de Mayor Hospitality Management surveillent et sont \u00e0 la recherche de mises \u00e0 jour, qui sont impl\u00e9ment\u00e9es sur les grands moteurs de recherche. Cette approche permet de d\u00e9tecter rapidement les modifications apport\u00e9es \u00e0 l&rsquo;algorithme du moteur de recherche et permet une planification strat\u00e9gique afin qu\u2019il soit assur\u00e9 que le site Web de l&rsquo;h\u00f4tel est directement accessible aux visiteurs.[\/vc_column_text][\/vc_column_inner][vc_column_inner width=\u00a0\u00bb1\/2&Prime;][vc_column_text]<strong>Marketing des moteurs de recherche<\/strong><\/p>\n<p>Campagnes de marketing des moteurs de recherche cibl\u00e9es sont souvent recommand\u00e9es (telles que: Google AdWords, annonces textuelles au paiement par clic, affichage de banni\u00e8res publicitaires, campagnes dans les m\u00e9dias sociaux via Facebook, Instagram, Twitter et Pinterest).<\/p>\n<p><strong>Distribution sur Internet<\/strong><\/p>\n<p>L&rsquo;\u00e9quipe de vente de Mayor Hospitality Management poss\u00e8de une connaissance approfondie du syst\u00e8me mondial de distribution et de la m\u00e9thode de gestion efficace des taux de parit\u00e9 des h\u00f4tels et de la disponibilit\u00e9 des chambres, qui sont achemin\u00e9s et distribu\u00e9s vers de divers canaux. Les informations affich\u00e9es sur toutes les plateformes sont v\u00e9rifi\u00e9es en termes de pr\u00e9cision, y compris du contenu photographique riche, ainsi que de l&#8217;emplacement exact de l&rsquo;h\u00f4tel pour une pr\u00e9sence num\u00e9rique coh\u00e9rente.<\/p>\n<p><strong>Gestion des ventes et des revenus<\/strong><\/p>\n<p>L&rsquo;un des plus grands avantages que nos clients h\u00f4teliers tirent de leur partenariat avec Mayor Hospitality Management est qu&rsquo;ils ont acc\u00e8s \u00e0 un r\u00e9seau de marketing mondial de partenaires strat\u00e9giques et de canaux de distribution, dont l\u2019objectif final est lacroissance du chiffre d&rsquo; affaires h\u00f4telier.<\/p>\n<p>L&rsquo;\u00e9quipe commerciale commence par \u00e9tudier les forces de chaque h\u00f4tel, ses concurrents et sa position sur le march\u00e9. Elle classe ensuite les types de chambres et concluent des contrats avec les partenaires touristiques et les agents de voyages les plus rentables. Elle guide et forme le personnel du d\u00e9partement des r\u00e9servations et fournissent les outils de vente n\u00e9cessaires. Dans le m\u00eame temps, elle fixe des objectifs r\u00e9alistes, conform\u00e9ment \u00e0 la demande du march\u00e9, et d\u00e9veloppent une politique de prix strat\u00e9gique comp\u00e9titive dont le but est de maximiser les revenus h\u00f4teliers lors de l&rsquo;exploitation de l&rsquo;h\u00f4tel, tout en proposant des solutions et des strat\u00e9gies pour augmenter les ventes en p\u00e9riode de faible demande.<\/p>\n<p>Les sites Web des h\u00f4tels individuels sont con\u00e7us selon les normes technologiques les plus r\u00e9centes en utilisant des plateformes modernes pour effectuer des r\u00e9servations directes sur le site Web.Un acc\u00e8s direct est, \u00e9galement, fourni \u00e0 tous les visiteurs vers toutes les informations n\u00e9cessaires, y compris la disponibilit\u00e9 des chambres.Des collaborations strat\u00e9giques avec des compagnies a\u00e9riennes, des soci\u00e9t\u00e9s \u00e9mettrices de carte de cr\u00e9dit, des agences de location de voitures, des guides touristiques et d\u2019autres collaborateurs ont \u00e9t\u00e9 int\u00e9gr\u00e9es de mani\u00e8re \u00e0 assurer une promotion efficace aupr\u00e8s de groupes et de march\u00e9s cibl\u00e9s pendant toutes les \u00e9tapes.<\/p>\n<p>Les r\u00e9servations sont surveill\u00e9es de mani\u00e8re constante, \u00e0 l&rsquo;aide de technologies modernes, de syst\u00e8mes de r\u00e9servation innovants et de rapports sur la gestion de la performance et des revenus. Notre but consiste \u00e0 maximiser et \u00e0 d\u00e9terminer efficacement le personnel et les stocks de l&rsquo;h\u00f4tel, en fonction des r\u00e9servations.<br \/>\nL&rsquo;\u00e9quipe de vente de Mayor Hospitality Management a pour objectif d&rsquo;augmenter la part de march\u00e9 et les revenus de chaque h\u00f4tel, ayant comme projet d&rsquo;atteindre et de d\u00e9passer les objectifs fixes.Gr\u00e2ce \u00e0 une surveillance constante et \u00e0 une flexibilit\u00e9 d&rsquo;adaptation, les besoins individuels de chaque h\u00f4tel sont satisfaits et les possibilit\u00e9s d&rsquo;augmenter les revenus et la part de march\u00e9 sont maximis\u00e9es.<\/p>\n<p>Notre exp\u00e9rience a montr\u00e9 que l\u2019augmentation des revenus et de la marge b\u00e9n\u00e9ficiaire des h\u00f4tels dans l\u2019industrie du tourismecomplexe et moderne n\u2019est possible que par une gestion de la performance sp\u00e9cialis\u00e9e et une compl\u00e9tude accrue.<br \/>\nNous sommes en mesure de fournir \u00e0 nos partenaires h\u00f4teliers des syst\u00e8mes de gestion des revenus qui g\u00e9n\u00e8rent des revenuspar des r\u00e9servations de chambres en augmentation constante, garantissant ainsi un avantage concurrentiel.<\/p>\n<p><strong>Gestion de la r\u00e9putation <\/strong><\/p>\n<p>Les \u00e9quipes des d\u00e9partements de marketing et des ventes, en collaboration avec l&rsquo;\u00e9quipe des r\u00e9servations de l&rsquo;h\u00f4tel, sont r\u00e9guli\u00e8rement inform\u00e9es et consultent les commentaires des clients sur Internet. Elles fournissent des instructions sur la mani\u00e8rela plus compl\u00e8te de contr\u00f4ler les commentaires, ainsi que des conseils sur la gestion de crise et sur la mani\u00e8re de r\u00e9agir correctement aux commentaires n\u00e9gatifs.[\/vc_column_text][\/vc_column_inner][\/vc_row_inner][\/vc_column][\/vc_row][vc_row][vc_column width=\u00a0\u00bb1\/4&Prime;][\/vc_column][vc_column width=\u00a0\u00bb1\/2&Prime;][vc_column_text text_lead=\u00a0\u00bbyes\u00a0\u00bb css=\u00a0\u00bb.vc_custom_1563868845491{margin-left: 0px !important;border-right-width: 0px !important;}\u00a0\u00bb]<\/p>\n<h1 style=\"text-align: center;\"><b>MORE SERVICES<\/b><\/h1>\n<p>[\/vc_column_text][vc_separator sep_color=\u00a0\u00bbcolor-uydo\u00a0\u00bb el_width=\u00a0\u00bb25%\u00a0\u00bb el_height=\u00a0\u00bb10px\u00a0\u00bb][vc_column_text text_lead=\u00a0\u00bbyes\u00a0\u00bb]<\/p>\n<p style=\"text-align: center; font-size: 30px; font-weight: 300; font-style: italic;\">Your 360 solution to Hospitality Management<\/p>\n<p>[\/vc_column_text][\/vc_column][vc_column width=\u00a0\u00bb1\/4&Prime;][\/vc_column][\/vc_row][vc_row row_height_percent=\u00a0\u00bb0&Prime; override_padding=\u00a0\u00bbyes\u00a0\u00bb h_padding=\u00a0\u00bb2&Prime; top_padding=\u00a0\u00bb3&Prime; bottom_padding=\u00a0\u00bb3&Prime; overlay_alpha=\u00a0\u00bb50&Prime; gutter_size=\u00a0\u00bb3&Prime; column_width_percent=\u00a0\u00bb100&Prime; border_color=\u00a0\u00bbcolor-gyho\u00a0\u00bb border_style=\u00a0\u00bbsolid\u00a0\u00bb shift_y=\u00a0\u00bb0&Prime; z_index=\u00a0\u00bb0&Prime; css=\u00a0\u00bb.vc_custom_1497254753995{border-top-width: 1px !important;}\u00a0\u00bb][vc_column column_width_percent=\u00a0\u00bb100&Prime; align_horizontal=\u00a0\u00bbalign_center\u00a0\u00bb overlay_alpha=\u00a0\u00bb50&Prime; gutter_size=\u00a0\u00bb3&Prime; medium_width=\u00a0\u00bb0&Prime; shift_x=\u00a0\u00bb0&Prime; shift_y=\u00a0\u00bb0&Prime; z_index=\u00a0\u00bb0&Prime; width=\u00a0\u00bb1\/1&Prime;][vc_custom_heading heading_semantic=\u00a0\u00bbh5&Prime; text_size=\u00a0\u00bbfontsize-160000&Prime; text_space=\u00a0\u00bbfontspace-502722&Prime; text_font=\u00a0\u00bbfont-762333&Prime; text_transform=\u00a0\u00bbuppercase\u00a0\u00bb]Related\u00a0Works[\/vc_custom_heading][uncode_block id=\u00a0\u00bb49597&Prime;][\/vc_column][\/vc_row]<\/p>\n","protected":false},"excerpt":{"rendered":"<p>[vc_row][vc_column width=\u00a0\u00bb1\/4&Prime;][\/vc_column][vc_column width=\u00a0\u00bb1\/2&Prime;][vc_column_text text_lead=\u00a0\u00bbyes\u00a0\u00bb css=\u00a0\u00bb.vc_custom_1567171533014{margin-left: 0px !important;border-right-width: 0px !important;}\u00a0\u00bb] Marketing et ventes [\/vc_column_text][vc_separator sep_color=\u00a0\u00bbcolor-uydo\u00a0\u00bb el_width=\u00a0\u00bb25%\u00a0\u00bb el_height=\u00a0\u00bb10px\u00a0\u00bb][vc_column_text text_lead=\u00a0\u00bbyes\u00a0\u00bb] Setting the foundations [&hellip;]<\/p>\n","protected":false},"author":1,"featured_media":83812,"parent":84588,"menu_order":0,"comment_status":"closed","ping_status":"closed","template":"","meta":{"footnotes":""},"class_list":["post-84690","page","type-page","status-publish","has-post-thumbnail","hentry","page_category-services"],"yoast_head":"<!-- This site is optimized with the Yoast SEO plugin v27.1 - https:\/\/yoast.com\/product\/yoast-seo-wordpress\/ -->\n<title>Marketing et ventes - Mayor Hospitality Managment<\/title>\n<meta name=\"robots\" content=\"index, follow, max-snippet:-1, max-image-preview:large, max-video-preview:-1\" \/>\n<link rel=\"canonical\" href=\"https:\/\/www.mayorhospitality.com\/fr\/our-services\/marketing-and-sales\/\" \/>\n<meta property=\"og:locale\" content=\"fr_FR\" \/>\n<meta property=\"og:type\" content=\"article\" \/>\n<meta property=\"og:title\" content=\"Marketing et ventes - Mayor Hospitality Managment\" \/>\n<meta property=\"og:description\" content=\"[vc_row][vc_column width=\u00a0\u00bb1\/4&Prime;][\/vc_column][vc_column width=\u00a0\u00bb1\/2&Prime;][vc_column_text text_lead=\u00a0\u00bbyes\u00a0\u00bb css=\u00a0\u00bb.vc_custom_1567171533014{margin-left: 0px !important;border-right-width: 0px !important;}\u00a0\u00bb] Marketing et ventes [\/vc_column_text][vc_separator sep_color=\u00a0\u00bbcolor-uydo\u00a0\u00bb el_width=\u00a0\u00bb25%\u00a0\u00bb el_height=\u00a0\u00bb10px\u00a0\u00bb][vc_column_text text_lead=\u00a0\u00bbyes\u00a0\u00bb] Setting the foundations [&hellip;]\" \/>\n<meta property=\"og:url\" content=\"https:\/\/www.mayorhospitality.com\/fr\/our-services\/marketing-and-sales\/\" \/>\n<meta property=\"og:site_name\" content=\"Mayor Hospitality Managment\" \/>\n<meta property=\"article:publisher\" content=\"https:\/\/www.facebook.com\/mayorhospitalitymanagement\/\" \/>\n<meta property=\"article:modified_time\" content=\"2019-09-05T10:32:15+00:00\" \/>\n<meta property=\"og:image\" content=\"https:\/\/www.mayorhospitality.com\/wp-content\/uploads\/2019\/07\/234491741.jpg\" \/>\n\t<meta property=\"og:image:width\" content=\"707\" \/>\n\t<meta property=\"og:image:height\" content=\"433\" \/>\n\t<meta property=\"og:image:type\" content=\"image\/jpeg\" \/>\n<meta name=\"twitter:card\" content=\"summary_large_image\" \/>\n<meta name=\"twitter:site\" content=\"@ManagementMayor\" \/>\n<meta name=\"twitter:label1\" content=\"Dur\u00e9e de lecture estim\u00e9e\" \/>\n\t<meta name=\"twitter:data1\" content=\"8 minutes\" \/>\n<script type=\"application\/ld+json\" class=\"yoast-schema-graph\">{\"@context\":\"https:\/\/schema.org\",\"@graph\":[{\"@type\":\"WebPage\",\"@id\":\"https:\/\/www.mayorhospitality.com\/fr\/our-services\/marketing-and-sales\/\",\"url\":\"https:\/\/www.mayorhospitality.com\/fr\/our-services\/marketing-and-sales\/\",\"name\":\"Marketing et ventes - Mayor Hospitality Managment\",\"isPartOf\":{\"@id\":\"https:\/\/www.mayorhospitality.com\/#website\"},\"primaryImageOfPage\":{\"@id\":\"https:\/\/www.mayorhospitality.com\/fr\/our-services\/marketing-and-sales\/#primaryimage\"},\"image\":{\"@id\":\"https:\/\/www.mayorhospitality.com\/fr\/our-services\/marketing-and-sales\/#primaryimage\"},\"thumbnailUrl\":\"https:\/\/www.mayorhospitality.com\/wp-content\/uploads\/2019\/07\/234491741.jpg\",\"datePublished\":\"2019-07-01T13:24:24+00:00\",\"dateModified\":\"2019-09-05T10:32:15+00:00\",\"breadcrumb\":{\"@id\":\"https:\/\/www.mayorhospitality.com\/fr\/our-services\/marketing-and-sales\/#breadcrumb\"},\"inLanguage\":\"fr-FR\",\"potentialAction\":[{\"@type\":\"ReadAction\",\"target\":[\"https:\/\/www.mayorhospitality.com\/fr\/our-services\/marketing-and-sales\/\"]}]},{\"@type\":\"ImageObject\",\"inLanguage\":\"fr-FR\",\"@id\":\"https:\/\/www.mayorhospitality.com\/fr\/our-services\/marketing-and-sales\/#primaryimage\",\"url\":\"https:\/\/www.mayorhospitality.com\/wp-content\/uploads\/2019\/07\/234491741.jpg\",\"contentUrl\":\"https:\/\/www.mayorhospitality.com\/wp-content\/uploads\/2019\/07\/234491741.jpg\",\"width\":707,\"height\":433},{\"@type\":\"BreadcrumbList\",\"@id\":\"https:\/\/www.mayorhospitality.com\/fr\/our-services\/marketing-and-sales\/#breadcrumb\",\"itemListElement\":[{\"@type\":\"ListItem\",\"position\":1,\"name\":\"Home\",\"item\":\"https:\/\/www.mayorhospitality.com\/fr\/\"},{\"@type\":\"ListItem\",\"position\":2,\"name\":\"Nos services\",\"item\":\"https:\/\/www.mayorhospitality.com\/fr\/our-services\/\"},{\"@type\":\"ListItem\",\"position\":3,\"name\":\"Marketing et ventes\"}]},{\"@type\":\"WebSite\",\"@id\":\"https:\/\/www.mayorhospitality.com\/#website\",\"url\":\"https:\/\/www.mayorhospitality.com\/\",\"name\":\"Mayor Hospitality Managment\",\"description\":\"360 Hospitality Management Services\",\"publisher\":{\"@id\":\"https:\/\/www.mayorhospitality.com\/#organization\"},\"potentialAction\":[{\"@type\":\"SearchAction\",\"target\":{\"@type\":\"EntryPoint\",\"urlTemplate\":\"https:\/\/www.mayorhospitality.com\/?s={search_term_string}\"},\"query-input\":{\"@type\":\"PropertyValueSpecification\",\"valueRequired\":true,\"valueName\":\"search_term_string\"}}],\"inLanguage\":\"fr-FR\"},{\"@type\":\"Organization\",\"@id\":\"https:\/\/www.mayorhospitality.com\/#organization\",\"name\":\"Mayor Hospitality Managment\",\"url\":\"https:\/\/www.mayorhospitality.com\/\",\"logo\":{\"@type\":\"ImageObject\",\"inLanguage\":\"fr-FR\",\"@id\":\"https:\/\/www.mayorhospitality.com\/#\/schema\/logo\/image\/\",\"url\":\"https:\/\/www.mayorhospitality.com\/wp-content\/uploads\/2019\/07\/mhm_logo.png\",\"contentUrl\":\"https:\/\/www.mayorhospitality.com\/wp-content\/uploads\/2019\/07\/mhm_logo.png\",\"width\":457,\"height\":112,\"caption\":\"Mayor Hospitality Managment\"},\"image\":{\"@id\":\"https:\/\/www.mayorhospitality.com\/#\/schema\/logo\/image\/\"},\"sameAs\":[\"https:\/\/www.facebook.com\/mayorhospitalitymanagement\/\",\"https:\/\/x.com\/ManagementMayor\",\"https:\/\/www.linkedin.com\/company\/mayor-hospitality-management\"]}]}<\/script>\n<!-- \/ Yoast SEO plugin. -->","yoast_head_json":{"title":"Marketing et ventes - Mayor Hospitality Managment","robots":{"index":"index","follow":"follow","max-snippet":"max-snippet:-1","max-image-preview":"max-image-preview:large","max-video-preview":"max-video-preview:-1"},"canonical":"https:\/\/www.mayorhospitality.com\/fr\/our-services\/marketing-and-sales\/","og_locale":"fr_FR","og_type":"article","og_title":"Marketing et ventes - Mayor Hospitality Managment","og_description":"[vc_row][vc_column width=\u00a0\u00bb1\/4&Prime;][\/vc_column][vc_column width=\u00a0\u00bb1\/2&Prime;][vc_column_text text_lead=\u00a0\u00bbyes\u00a0\u00bb css=\u00a0\u00bb.vc_custom_1567171533014{margin-left: 0px !important;border-right-width: 0px !important;}\u00a0\u00bb] Marketing et ventes [\/vc_column_text][vc_separator sep_color=\u00a0\u00bbcolor-uydo\u00a0\u00bb el_width=\u00a0\u00bb25%\u00a0\u00bb el_height=\u00a0\u00bb10px\u00a0\u00bb][vc_column_text text_lead=\u00a0\u00bbyes\u00a0\u00bb] Setting the foundations [&hellip;]","og_url":"https:\/\/www.mayorhospitality.com\/fr\/our-services\/marketing-and-sales\/","og_site_name":"Mayor Hospitality Managment","article_publisher":"https:\/\/www.facebook.com\/mayorhospitalitymanagement\/","article_modified_time":"2019-09-05T10:32:15+00:00","og_image":[{"width":707,"height":433,"url":"https:\/\/www.mayorhospitality.com\/wp-content\/uploads\/2019\/07\/234491741.jpg","type":"image\/jpeg"}],"twitter_card":"summary_large_image","twitter_site":"@ManagementMayor","twitter_misc":{"Dur\u00e9e de lecture estim\u00e9e":"8 minutes"},"schema":{"@context":"https:\/\/schema.org","@graph":[{"@type":"WebPage","@id":"https:\/\/www.mayorhospitality.com\/fr\/our-services\/marketing-and-sales\/","url":"https:\/\/www.mayorhospitality.com\/fr\/our-services\/marketing-and-sales\/","name":"Marketing et ventes - Mayor Hospitality Managment","isPartOf":{"@id":"https:\/\/www.mayorhospitality.com\/#website"},"primaryImageOfPage":{"@id":"https:\/\/www.mayorhospitality.com\/fr\/our-services\/marketing-and-sales\/#primaryimage"},"image":{"@id":"https:\/\/www.mayorhospitality.com\/fr\/our-services\/marketing-and-sales\/#primaryimage"},"thumbnailUrl":"https:\/\/www.mayorhospitality.com\/wp-content\/uploads\/2019\/07\/234491741.jpg","datePublished":"2019-07-01T13:24:24+00:00","dateModified":"2019-09-05T10:32:15+00:00","breadcrumb":{"@id":"https:\/\/www.mayorhospitality.com\/fr\/our-services\/marketing-and-sales\/#breadcrumb"},"inLanguage":"fr-FR","potentialAction":[{"@type":"ReadAction","target":["https:\/\/www.mayorhospitality.com\/fr\/our-services\/marketing-and-sales\/"]}]},{"@type":"ImageObject","inLanguage":"fr-FR","@id":"https:\/\/www.mayorhospitality.com\/fr\/our-services\/marketing-and-sales\/#primaryimage","url":"https:\/\/www.mayorhospitality.com\/wp-content\/uploads\/2019\/07\/234491741.jpg","contentUrl":"https:\/\/www.mayorhospitality.com\/wp-content\/uploads\/2019\/07\/234491741.jpg","width":707,"height":433},{"@type":"BreadcrumbList","@id":"https:\/\/www.mayorhospitality.com\/fr\/our-services\/marketing-and-sales\/#breadcrumb","itemListElement":[{"@type":"ListItem","position":1,"name":"Home","item":"https:\/\/www.mayorhospitality.com\/fr\/"},{"@type":"ListItem","position":2,"name":"Nos services","item":"https:\/\/www.mayorhospitality.com\/fr\/our-services\/"},{"@type":"ListItem","position":3,"name":"Marketing et ventes"}]},{"@type":"WebSite","@id":"https:\/\/www.mayorhospitality.com\/#website","url":"https:\/\/www.mayorhospitality.com\/","name":"Mayor Hospitality Managment","description":"360 Hospitality Management Services","publisher":{"@id":"https:\/\/www.mayorhospitality.com\/#organization"},"potentialAction":[{"@type":"SearchAction","target":{"@type":"EntryPoint","urlTemplate":"https:\/\/www.mayorhospitality.com\/?s={search_term_string}"},"query-input":{"@type":"PropertyValueSpecification","valueRequired":true,"valueName":"search_term_string"}}],"inLanguage":"fr-FR"},{"@type":"Organization","@id":"https:\/\/www.mayorhospitality.com\/#organization","name":"Mayor Hospitality Managment","url":"https:\/\/www.mayorhospitality.com\/","logo":{"@type":"ImageObject","inLanguage":"fr-FR","@id":"https:\/\/www.mayorhospitality.com\/#\/schema\/logo\/image\/","url":"https:\/\/www.mayorhospitality.com\/wp-content\/uploads\/2019\/07\/mhm_logo.png","contentUrl":"https:\/\/www.mayorhospitality.com\/wp-content\/uploads\/2019\/07\/mhm_logo.png","width":457,"height":112,"caption":"Mayor Hospitality Managment"},"image":{"@id":"https:\/\/www.mayorhospitality.com\/#\/schema\/logo\/image\/"},"sameAs":["https:\/\/www.facebook.com\/mayorhospitalitymanagement\/","https:\/\/x.com\/ManagementMayor","https:\/\/www.linkedin.com\/company\/mayor-hospitality-management"]}]}},"_links":{"self":[{"href":"https:\/\/www.mayorhospitality.com\/fr\/wp-json\/wp\/v2\/pages\/84690","targetHints":{"allow":["GET"]}}],"collection":[{"href":"https:\/\/www.mayorhospitality.com\/fr\/wp-json\/wp\/v2\/pages"}],"about":[{"href":"https:\/\/www.mayorhospitality.com\/fr\/wp-json\/wp\/v2\/types\/page"}],"author":[{"embeddable":true,"href":"https:\/\/www.mayorhospitality.com\/fr\/wp-json\/wp\/v2\/users\/1"}],"replies":[{"embeddable":true,"href":"https:\/\/www.mayorhospitality.com\/fr\/wp-json\/wp\/v2\/comments?post=84690"}],"version-history":[{"count":3,"href":"https:\/\/www.mayorhospitality.com\/fr\/wp-json\/wp\/v2\/pages\/84690\/revisions"}],"predecessor-version":[{"id":84696,"href":"https:\/\/www.mayorhospitality.com\/fr\/wp-json\/wp\/v2\/pages\/84690\/revisions\/84696"}],"up":[{"embeddable":true,"href":"https:\/\/www.mayorhospitality.com\/fr\/wp-json\/wp\/v2\/pages\/84588"}],"wp:featuredmedia":[{"embeddable":true,"href":"https:\/\/www.mayorhospitality.com\/fr\/wp-json\/wp\/v2\/media\/83812"}],"wp:attachment":[{"href":"https:\/\/www.mayorhospitality.com\/fr\/wp-json\/wp\/v2\/media?parent=84690"}],"curies":[{"name":"wp","href":"https:\/\/api.w.org\/{rel}","templated":true}]}}