{"id":84697,"date":"2019-07-01T12:57:13","date_gmt":"2019-07-01T12:57:13","guid":{"rendered":"https:\/\/www.mayorhospitality.com\/services\/operations-management\/"},"modified":"2019-09-05T10:33:14","modified_gmt":"2019-09-05T10:33:14","slug":"operations-management","status":"publish","type":"page","link":"https:\/\/www.mayorhospitality.com\/fr\/our-services\/operations-management\/","title":{"rendered":"Gestion des operations"},"content":{"rendered":"<p>[vc_row][vc_column width=\u00a0\u00bb1\/4&Prime;][\/vc_column][vc_column width=\u00a0\u00bb1\/2&Prime;][vc_column_text text_lead=\u00a0\u00bbyes\u00a0\u00bb css=\u00a0\u00bb.vc_custom_1567172306451{margin-left: 0px !important;border-right-width: 0px !important;}\u00a0\u00bb]<\/p>\n<h1 class=\"western\" lang=\"fr-FR\" style=\"text-align: center;\"><span lang=\"en-US\"><b>Gestion des operations<\/b><\/span><\/h1>\n<p>[\/vc_column_text][vc_separator sep_color=\u00a0\u00bbcolor-uydo\u00a0\u00bb el_width=\u00a0\u00bb25%\u00a0\u00bb el_height=\u00a0\u00bb10px\u00a0\u00bb][vc_column_text text_lead=\u00a0\u00bbyes\u00a0\u00bb]<\/p>\n<p style=\"text-align: center; font-size: 30px; font-weight: 300; font-style: italic;\">Ensuring the smooth running of your hotel<\/p>\n<p>[\/vc_column_text][\/vc_column][vc_column width=\u00a0\u00bb1\/4&Prime;][\/vc_column][\/vc_row][vc_row row_height_percent=\u00a0\u00bb0&Prime; overlay_alpha=\u00a0\u00bb50&Prime; gutter_size=\u00a0\u00bb3&Prime; column_width_percent=\u00a0\u00bb100&Prime; shift_y=\u00a0\u00bb0&Prime; z_index=\u00a0\u00bb0&Prime;][vc_column width=\u00a0\u00bb1\/1&Prime;][vc_single_image media=\u00a0\u00bb82750&Prime; media_width_percent=\u00a0\u00bb100&Prime; media_ratio=\u00a0\u00bbtwentyone-nine\u00a0\u00bb alignment=\u00a0\u00bbcenter\u00a0\u00bb][\/vc_column][\/vc_row][vc_row row_height_percent=\u00a0\u00bb0&Prime; override_padding=\u00a0\u00bbyes\u00a0\u00bb h_padding=\u00a0\u00bb4&Prime; top_padding=\u00a0\u00bb2&Prime; bottom_padding=\u00a0\u00bb2&Prime; overlay_alpha=\u00a0\u00bb50&Prime; gutter_size=\u00a0\u00bb3&Prime; column_width_percent=\u00a0\u00bb100&Prime; shift_y=\u00a0\u00bb0&Prime; z_index=\u00a0\u00bb0&Prime;][vc_column width=\u00a0\u00bb1\/1&Prime;][vc_row_inner][vc_column_inner width=\u00a0\u00bb1\/2&Prime;][vc_column_text]<strong>Direction g\u00e9n\u00e9rale des h\u00f4tels<\/strong><\/p>\n<p>Mayor Hospitality Management peut proc\u00e9der au recrutement, \u00e0 la supervision et \u00e0 l&rsquo;\u00e9valuation des performances du directeur g\u00e9n\u00e9ral, ou encore former et superviser la gestion existante de l&rsquo;h\u00f4tel.<\/p>\n<p><strong>Recrutement<\/strong><\/p>\n<p>Une hi\u00e9rarchie et une structure de gestion appropri\u00e9es sont essentielles au succ\u00e8s du bon fonctionnement de l&rsquo;h\u00f4tel. Notre \u00e9quipe proc\u00e8de \u00e0 l&rsquo;\u00e9valuation de tous les postes de recrutement de l&rsquo;h\u00f4tel en collaboration avec le directeur g\u00e9n\u00e9ral, afin de gagner en efficacit\u00e9, en optimisant les performances et en minimisant les co\u00fbts.<\/p>\n<p><strong>Proc\u00e9dures op\u00e9rationnelles<\/strong><\/p>\n<p>Dans le cadre de la proc\u00e9dure d&rsquo;\u00e9valuation de Mayor Hospitality Management, on \u00e9tudie la structure actuelle de chaque h\u00f4tel, en examinant toutes les proc\u00e9dures op\u00e9rationnelles standardis\u00e9es existantes. Des recommandations sont ensuite formul\u00e9es concernant tout changement \u00e9ventuel visant \u00e0 optimiser les efforts et les performances de chaque d\u00e9partement. Par la suite, la mise en \u0153uvre de ces nouvelles proc\u00e9dures est coordonn\u00e9e avec le directeur g\u00e9n\u00e9ral de l&rsquo;h\u00f4tel.<\/p>\n<p><strong>L\u2019exp\u00e9rience du client<\/strong><\/p>\n<p>La prise en compte des avis des clients et de leur taux de satisfaction est une partie cruciale de notre \u00e9valuation. En fait, les points mis en \u00e9vidence par les clients sont des facteurs tr\u00e8s importants qui d\u00e9termineront nos actions. Nous inspectons soigneusement toutes les plateformes sur lesquelles les clients qui ont utilis\u00e9 les installations et les services de l&rsquo;h\u00f4tel soumettent leurs commentaires.[\/vc_column_text][\/vc_column_inner][vc_column_inner width=\u00a0\u00bb1\/2&Prime;][vc_column_text]Plus pr\u00e9cis\u00e9ment, nous examinerons les proc\u00e9dures d\u2019arriv\u00e9e et de d\u00e9part, les services d\u2019h\u00e9bergement et les commodit\u00e9s offertes dans l\u2019ensemble de l\u2019\u00e9tablissement. Nous \u00e9laborerons donc un plan d\u2019action \u00e9clair\u00e9 sur les meilleures pratiques et nous indiquerons les domaines o\u00f9 des am\u00e9liorations sont possibles.<\/p>\n<p><strong>Formation du personnel<\/strong><\/p>\n<p>Le d\u00e9partement des ressources humaines comp\u00e9tent est responsable du contr\u00f4le de la qualit\u00e9 des services fournis \u00e0 l\u2019h\u00f4tel. Les proc\u00e9dures actuelles de formation du personnel sont examin\u00e9es en collaboration avec le directeur g\u00e9n\u00e9ral et une proposition suivante est con\u00e7ue, contenant des recommandations pour am\u00e9liorer les ateliers de formation existants. Ces changements ou la mise en \u0153uvre de programmes de formation suppl\u00e9mentaires \u00e9mergents ont pour objectif de maximiser les performances du personnel.<\/p>\n<p><strong>Contr\u00f4le de la qualit\u00e9<\/strong><\/p>\n<p>L&rsquo;\u00e9quipe de contr\u00f4le de la qualit\u00e9 de Mayor Hospitality Management m\u00e8ne des enqu\u00eates sur la qualit\u00e9 des services et des installations, met en \u0153uvre des programmes de surveillance des op\u00e9rations, assurant ainsi l&rsquo;am\u00e9lioration constante de la qualit\u00e9 dans tous les d\u00e9partements de l&rsquo;h\u00f4tel. De plus, nous utilisons un outil sp\u00e9cialement con\u00e7u, une plateforme d\u2019\u00e9valuation permettant au personnel de recueillir des informations et des avis des clients sur site. Ces commentaires servent \u00e0 \u00e9valuer les performances de l&rsquo;h\u00f4tel et de chaque d\u00e9partement, puis \u00e0 prendre les mesures correctives n\u00e9cessaires sous la forme d&rsquo;un plan d&rsquo;action imm\u00e9diat.[\/vc_column_text][\/vc_column_inner][\/vc_row_inner][\/vc_column][\/vc_row][vc_row][vc_column width=\u00a0\u00bb1\/4&Prime;][\/vc_column][vc_column width=\u00a0\u00bb1\/2&Prime;][vc_column_text text_lead=\u00a0\u00bbyes\u00a0\u00bb css=\u00a0\u00bb.vc_custom_1563868845491{margin-left: 0px !important;border-right-width: 0px !important;}\u00a0\u00bb]<\/p>\n<h1 style=\"text-align: center;\"><b>MORE SERVICES<\/b><\/h1>\n<p>[\/vc_column_text][vc_separator sep_color=\u00a0\u00bbcolor-uydo\u00a0\u00bb el_width=\u00a0\u00bb25%\u00a0\u00bb el_height=\u00a0\u00bb10px\u00a0\u00bb][vc_column_text text_lead=\u00a0\u00bbyes\u00a0\u00bb]<\/p>\n<p style=\"text-align: center; font-size: 30px; font-weight: 300; font-style: italic;\">Your 360 solution to Hospitality Management<\/p>\n<p>[\/vc_column_text][\/vc_column][vc_column width=\u00a0\u00bb1\/4&Prime;][\/vc_column][\/vc_row][vc_row row_height_percent=\u00a0\u00bb0&Prime; override_padding=\u00a0\u00bbyes\u00a0\u00bb h_padding=\u00a0\u00bb2&Prime; top_padding=\u00a0\u00bb3&Prime; bottom_padding=\u00a0\u00bb3&Prime; overlay_alpha=\u00a0\u00bb50&Prime; gutter_size=\u00a0\u00bb3&Prime; column_width_percent=\u00a0\u00bb100&Prime; border_color=\u00a0\u00bbcolor-gyho\u00a0\u00bb border_style=\u00a0\u00bbsolid\u00a0\u00bb shift_y=\u00a0\u00bb0&Prime; z_index=\u00a0\u00bb0&Prime; css=\u00a0\u00bb.vc_custom_1497254753995{border-top-width: 1px !important;}\u00a0\u00bb][vc_column column_width_percent=\u00a0\u00bb100&Prime; align_horizontal=\u00a0\u00bbalign_center\u00a0\u00bb overlay_alpha=\u00a0\u00bb50&Prime; gutter_size=\u00a0\u00bb3&Prime; medium_width=\u00a0\u00bb0&Prime; shift_x=\u00a0\u00bb0&Prime; shift_y=\u00a0\u00bb0&Prime; z_index=\u00a0\u00bb0&Prime; width=\u00a0\u00bb1\/1&Prime;][vc_custom_heading heading_semantic=\u00a0\u00bbh5&Prime; text_size=\u00a0\u00bbfontsize-160000&Prime; text_space=\u00a0\u00bbfontspace-502722&Prime; text_font=\u00a0\u00bbfont-762333&Prime; text_transform=\u00a0\u00bbuppercase\u00a0\u00bb]Related\u00a0Works[\/vc_custom_heading][uncode_block id=\u00a0\u00bb49597&Prime;][\/vc_column][\/vc_row]<\/p>\n","protected":false},"excerpt":{"rendered":"<p>[vc_row][vc_column width=\u00a0\u00bb1\/4&Prime;][\/vc_column][vc_column width=\u00a0\u00bb1\/2&Prime;][vc_column_text text_lead=\u00a0\u00bbyes\u00a0\u00bb css=\u00a0\u00bb.vc_custom_1567172306451{margin-left: 0px !important;border-right-width: 0px !important;}\u00a0\u00bb] Gestion des operations [\/vc_column_text][vc_separator sep_color=\u00a0\u00bbcolor-uydo\u00a0\u00bb el_width=\u00a0\u00bb25%\u00a0\u00bb el_height=\u00a0\u00bb10px\u00a0\u00bb][vc_column_text text_lead=\u00a0\u00bbyes\u00a0\u00bb] Ensuring the smooth [&hellip;]<\/p>\n","protected":false},"author":1,"featured_media":83876,"parent":84588,"menu_order":0,"comment_status":"closed","ping_status":"closed","template":"","meta":{"footnotes":""},"class_list":["post-84697","page","type-page","status-publish","has-post-thumbnail","hentry","page_category-services"],"yoast_head":"<!-- This site is optimized with the Yoast SEO plugin v27.1 - https:\/\/yoast.com\/product\/yoast-seo-wordpress\/ -->\n<title>Gestion des operations - Mayor Hospitality Managment<\/title>\n<meta name=\"robots\" content=\"index, follow, max-snippet:-1, max-image-preview:large, max-video-preview:-1\" \/>\n<link rel=\"canonical\" href=\"https:\/\/www.mayorhospitality.com\/fr\/our-services\/operations-management\/\" \/>\n<meta property=\"og:locale\" content=\"fr_FR\" \/>\n<meta property=\"og:type\" content=\"article\" \/>\n<meta property=\"og:title\" content=\"Gestion des operations - Mayor Hospitality Managment\" \/>\n<meta property=\"og:description\" content=\"[vc_row][vc_column width=\u00a0\u00bb1\/4&Prime;][\/vc_column][vc_column width=\u00a0\u00bb1\/2&Prime;][vc_column_text text_lead=\u00a0\u00bbyes\u00a0\u00bb css=\u00a0\u00bb.vc_custom_1567172306451{margin-left: 0px !important;border-right-width: 0px !important;}\u00a0\u00bb] Gestion des operations [\/vc_column_text][vc_separator sep_color=\u00a0\u00bbcolor-uydo\u00a0\u00bb el_width=\u00a0\u00bb25%\u00a0\u00bb el_height=\u00a0\u00bb10px\u00a0\u00bb][vc_column_text text_lead=\u00a0\u00bbyes\u00a0\u00bb] Ensuring the smooth [&hellip;]\" \/>\n<meta property=\"og:url\" content=\"https:\/\/www.mayorhospitality.com\/fr\/our-services\/operations-management\/\" \/>\n<meta property=\"og:site_name\" content=\"Mayor Hospitality Managment\" \/>\n<meta property=\"article:publisher\" content=\"https:\/\/www.facebook.com\/mayorhospitalitymanagement\/\" \/>\n<meta property=\"article:modified_time\" content=\"2019-09-05T10:33:14+00:00\" \/>\n<meta property=\"og:image\" content=\"https:\/\/www.mayorhospitality.com\/wp-content\/uploads\/2019\/07\/close-up-dark-equipment-333837.jpg\" \/>\n\t<meta property=\"og:image:width\" content=\"800\" \/>\n\t<meta property=\"og:image:height\" content=\"533\" \/>\n\t<meta property=\"og:image:type\" content=\"image\/jpeg\" \/>\n<meta name=\"twitter:card\" content=\"summary_large_image\" \/>\n<meta name=\"twitter:site\" content=\"@ManagementMayor\" \/>\n<meta name=\"twitter:label1\" content=\"Dur\u00e9e de lecture estim\u00e9e\" \/>\n\t<meta name=\"twitter:data1\" content=\"4 minutes\" \/>\n<script type=\"application\/ld+json\" class=\"yoast-schema-graph\">{\"@context\":\"https:\/\/schema.org\",\"@graph\":[{\"@type\":\"WebPage\",\"@id\":\"https:\/\/www.mayorhospitality.com\/fr\/our-services\/operations-management\/\",\"url\":\"https:\/\/www.mayorhospitality.com\/fr\/our-services\/operations-management\/\",\"name\":\"Gestion des operations - Mayor Hospitality Managment\",\"isPartOf\":{\"@id\":\"https:\/\/www.mayorhospitality.com\/#website\"},\"primaryImageOfPage\":{\"@id\":\"https:\/\/www.mayorhospitality.com\/fr\/our-services\/operations-management\/#primaryimage\"},\"image\":{\"@id\":\"https:\/\/www.mayorhospitality.com\/fr\/our-services\/operations-management\/#primaryimage\"},\"thumbnailUrl\":\"https:\/\/www.mayorhospitality.com\/wp-content\/uploads\/2019\/07\/close-up-dark-equipment-333837.jpg\",\"datePublished\":\"2019-07-01T12:57:13+00:00\",\"dateModified\":\"2019-09-05T10:33:14+00:00\",\"breadcrumb\":{\"@id\":\"https:\/\/www.mayorhospitality.com\/fr\/our-services\/operations-management\/#breadcrumb\"},\"inLanguage\":\"fr-FR\",\"potentialAction\":[{\"@type\":\"ReadAction\",\"target\":[\"https:\/\/www.mayorhospitality.com\/fr\/our-services\/operations-management\/\"]}]},{\"@type\":\"ImageObject\",\"inLanguage\":\"fr-FR\",\"@id\":\"https:\/\/www.mayorhospitality.com\/fr\/our-services\/operations-management\/#primaryimage\",\"url\":\"https:\/\/www.mayorhospitality.com\/wp-content\/uploads\/2019\/07\/close-up-dark-equipment-333837.jpg\",\"contentUrl\":\"https:\/\/www.mayorhospitality.com\/wp-content\/uploads\/2019\/07\/close-up-dark-equipment-333837.jpg\",\"width\":800,\"height\":533},{\"@type\":\"BreadcrumbList\",\"@id\":\"https:\/\/www.mayorhospitality.com\/fr\/our-services\/operations-management\/#breadcrumb\",\"itemListElement\":[{\"@type\":\"ListItem\",\"position\":1,\"name\":\"Home\",\"item\":\"https:\/\/www.mayorhospitality.com\/fr\/\"},{\"@type\":\"ListItem\",\"position\":2,\"name\":\"Nos services\",\"item\":\"https:\/\/www.mayorhospitality.com\/fr\/our-services\/\"},{\"@type\":\"ListItem\",\"position\":3,\"name\":\"Gestion des operations\"}]},{\"@type\":\"WebSite\",\"@id\":\"https:\/\/www.mayorhospitality.com\/#website\",\"url\":\"https:\/\/www.mayorhospitality.com\/\",\"name\":\"Mayor Hospitality Managment\",\"description\":\"360 Hospitality Management Services\",\"publisher\":{\"@id\":\"https:\/\/www.mayorhospitality.com\/#organization\"},\"potentialAction\":[{\"@type\":\"SearchAction\",\"target\":{\"@type\":\"EntryPoint\",\"urlTemplate\":\"https:\/\/www.mayorhospitality.com\/?s={search_term_string}\"},\"query-input\":{\"@type\":\"PropertyValueSpecification\",\"valueRequired\":true,\"valueName\":\"search_term_string\"}}],\"inLanguage\":\"fr-FR\"},{\"@type\":\"Organization\",\"@id\":\"https:\/\/www.mayorhospitality.com\/#organization\",\"name\":\"Mayor Hospitality Managment\",\"url\":\"https:\/\/www.mayorhospitality.com\/\",\"logo\":{\"@type\":\"ImageObject\",\"inLanguage\":\"fr-FR\",\"@id\":\"https:\/\/www.mayorhospitality.com\/#\/schema\/logo\/image\/\",\"url\":\"https:\/\/www.mayorhospitality.com\/wp-content\/uploads\/2019\/07\/mhm_logo.png\",\"contentUrl\":\"https:\/\/www.mayorhospitality.com\/wp-content\/uploads\/2019\/07\/mhm_logo.png\",\"width\":457,\"height\":112,\"caption\":\"Mayor Hospitality Managment\"},\"image\":{\"@id\":\"https:\/\/www.mayorhospitality.com\/#\/schema\/logo\/image\/\"},\"sameAs\":[\"https:\/\/www.facebook.com\/mayorhospitalitymanagement\/\",\"https:\/\/x.com\/ManagementMayor\",\"https:\/\/www.linkedin.com\/company\/mayor-hospitality-management\"]}]}<\/script>\n<!-- \/ Yoast SEO plugin. -->","yoast_head_json":{"title":"Gestion des operations - Mayor Hospitality Managment","robots":{"index":"index","follow":"follow","max-snippet":"max-snippet:-1","max-image-preview":"max-image-preview:large","max-video-preview":"max-video-preview:-1"},"canonical":"https:\/\/www.mayorhospitality.com\/fr\/our-services\/operations-management\/","og_locale":"fr_FR","og_type":"article","og_title":"Gestion des operations - Mayor Hospitality Managment","og_description":"[vc_row][vc_column width=\u00a0\u00bb1\/4&Prime;][\/vc_column][vc_column width=\u00a0\u00bb1\/2&Prime;][vc_column_text text_lead=\u00a0\u00bbyes\u00a0\u00bb css=\u00a0\u00bb.vc_custom_1567172306451{margin-left: 0px !important;border-right-width: 0px !important;}\u00a0\u00bb] Gestion des operations [\/vc_column_text][vc_separator sep_color=\u00a0\u00bbcolor-uydo\u00a0\u00bb el_width=\u00a0\u00bb25%\u00a0\u00bb el_height=\u00a0\u00bb10px\u00a0\u00bb][vc_column_text text_lead=\u00a0\u00bbyes\u00a0\u00bb] Ensuring the smooth [&hellip;]","og_url":"https:\/\/www.mayorhospitality.com\/fr\/our-services\/operations-management\/","og_site_name":"Mayor Hospitality Managment","article_publisher":"https:\/\/www.facebook.com\/mayorhospitalitymanagement\/","article_modified_time":"2019-09-05T10:33:14+00:00","og_image":[{"width":800,"height":533,"url":"https:\/\/www.mayorhospitality.com\/wp-content\/uploads\/2019\/07\/close-up-dark-equipment-333837.jpg","type":"image\/jpeg"}],"twitter_card":"summary_large_image","twitter_site":"@ManagementMayor","twitter_misc":{"Dur\u00e9e de lecture estim\u00e9e":"4 minutes"},"schema":{"@context":"https:\/\/schema.org","@graph":[{"@type":"WebPage","@id":"https:\/\/www.mayorhospitality.com\/fr\/our-services\/operations-management\/","url":"https:\/\/www.mayorhospitality.com\/fr\/our-services\/operations-management\/","name":"Gestion des operations - Mayor Hospitality Managment","isPartOf":{"@id":"https:\/\/www.mayorhospitality.com\/#website"},"primaryImageOfPage":{"@id":"https:\/\/www.mayorhospitality.com\/fr\/our-services\/operations-management\/#primaryimage"},"image":{"@id":"https:\/\/www.mayorhospitality.com\/fr\/our-services\/operations-management\/#primaryimage"},"thumbnailUrl":"https:\/\/www.mayorhospitality.com\/wp-content\/uploads\/2019\/07\/close-up-dark-equipment-333837.jpg","datePublished":"2019-07-01T12:57:13+00:00","dateModified":"2019-09-05T10:33:14+00:00","breadcrumb":{"@id":"https:\/\/www.mayorhospitality.com\/fr\/our-services\/operations-management\/#breadcrumb"},"inLanguage":"fr-FR","potentialAction":[{"@type":"ReadAction","target":["https:\/\/www.mayorhospitality.com\/fr\/our-services\/operations-management\/"]}]},{"@type":"ImageObject","inLanguage":"fr-FR","@id":"https:\/\/www.mayorhospitality.com\/fr\/our-services\/operations-management\/#primaryimage","url":"https:\/\/www.mayorhospitality.com\/wp-content\/uploads\/2019\/07\/close-up-dark-equipment-333837.jpg","contentUrl":"https:\/\/www.mayorhospitality.com\/wp-content\/uploads\/2019\/07\/close-up-dark-equipment-333837.jpg","width":800,"height":533},{"@type":"BreadcrumbList","@id":"https:\/\/www.mayorhospitality.com\/fr\/our-services\/operations-management\/#breadcrumb","itemListElement":[{"@type":"ListItem","position":1,"name":"Home","item":"https:\/\/www.mayorhospitality.com\/fr\/"},{"@type":"ListItem","position":2,"name":"Nos services","item":"https:\/\/www.mayorhospitality.com\/fr\/our-services\/"},{"@type":"ListItem","position":3,"name":"Gestion des operations"}]},{"@type":"WebSite","@id":"https:\/\/www.mayorhospitality.com\/#website","url":"https:\/\/www.mayorhospitality.com\/","name":"Mayor Hospitality Managment","description":"360 Hospitality Management Services","publisher":{"@id":"https:\/\/www.mayorhospitality.com\/#organization"},"potentialAction":[{"@type":"SearchAction","target":{"@type":"EntryPoint","urlTemplate":"https:\/\/www.mayorhospitality.com\/?s={search_term_string}"},"query-input":{"@type":"PropertyValueSpecification","valueRequired":true,"valueName":"search_term_string"}}],"inLanguage":"fr-FR"},{"@type":"Organization","@id":"https:\/\/www.mayorhospitality.com\/#organization","name":"Mayor Hospitality Managment","url":"https:\/\/www.mayorhospitality.com\/","logo":{"@type":"ImageObject","inLanguage":"fr-FR","@id":"https:\/\/www.mayorhospitality.com\/#\/schema\/logo\/image\/","url":"https:\/\/www.mayorhospitality.com\/wp-content\/uploads\/2019\/07\/mhm_logo.png","contentUrl":"https:\/\/www.mayorhospitality.com\/wp-content\/uploads\/2019\/07\/mhm_logo.png","width":457,"height":112,"caption":"Mayor Hospitality Managment"},"image":{"@id":"https:\/\/www.mayorhospitality.com\/#\/schema\/logo\/image\/"},"sameAs":["https:\/\/www.facebook.com\/mayorhospitalitymanagement\/","https:\/\/x.com\/ManagementMayor","https:\/\/www.linkedin.com\/company\/mayor-hospitality-management"]}]}},"_links":{"self":[{"href":"https:\/\/www.mayorhospitality.com\/fr\/wp-json\/wp\/v2\/pages\/84697","targetHints":{"allow":["GET"]}}],"collection":[{"href":"https:\/\/www.mayorhospitality.com\/fr\/wp-json\/wp\/v2\/pages"}],"about":[{"href":"https:\/\/www.mayorhospitality.com\/fr\/wp-json\/wp\/v2\/types\/page"}],"author":[{"embeddable":true,"href":"https:\/\/www.mayorhospitality.com\/fr\/wp-json\/wp\/v2\/users\/1"}],"replies":[{"embeddable":true,"href":"https:\/\/www.mayorhospitality.com\/fr\/wp-json\/wp\/v2\/comments?post=84697"}],"version-history":[{"count":3,"href":"https:\/\/www.mayorhospitality.com\/fr\/wp-json\/wp\/v2\/pages\/84697\/revisions"}],"predecessor-version":[{"id":84703,"href":"https:\/\/www.mayorhospitality.com\/fr\/wp-json\/wp\/v2\/pages\/84697\/revisions\/84703"}],"up":[{"embeddable":true,"href":"https:\/\/www.mayorhospitality.com\/fr\/wp-json\/wp\/v2\/pages\/84588"}],"wp:featuredmedia":[{"embeddable":true,"href":"https:\/\/www.mayorhospitality.com\/fr\/wp-json\/wp\/v2\/media\/83876"}],"wp:attachment":[{"href":"https:\/\/www.mayorhospitality.com\/fr\/wp-json\/wp\/v2\/media?parent=84697"}],"curies":[{"name":"wp","href":"https:\/\/api.w.org\/{rel}","templated":true}]}}