{"id":84704,"date":"2019-07-01T12:59:39","date_gmt":"2019-07-01T12:59:39","guid":{"rendered":"https:\/\/www.mayorhospitality.com\/services\/organization-and-control-of-individual-departments\/"},"modified":"2019-09-05T10:27:01","modified_gmt":"2019-09-05T10:27:01","slug":"organization-and-control-of-individual-departments","status":"publish","type":"page","link":"https:\/\/www.mayorhospitality.com\/fr\/our-services\/organization-and-control-of-individual-departments\/","title":{"rendered":"Organisation et contr\u00f4le des diff\u00e9rents d\u00e9partements"},"content":{"rendered":"<p>[vc_row][vc_column width=\u00a0\u00bb1\/6&Prime;][\/vc_column][vc_column width=\u00a0\u00bb2\/3&Prime;][vc_column_text text_lead=\u00a0\u00bbyes\u00a0\u00bb css=\u00a0\u00bb.vc_custom_1567172770343{margin-left: 0px !important;border-right-width: 0px !important;}\u00a0\u00bb]<\/p>\n<h1 class=\"western\" lang=\"fr-FR\" style=\"text-align: center;\"><b>Organisation et contr\u00f4le des diff\u00e9rents d\u00e9partements<\/b><\/h1>\n<p>[\/vc_column_text][vc_separator sep_color=\u00a0\u00bbcolor-uydo\u00a0\u00bb el_width=\u00a0\u00bb20%\u00a0\u00bb el_height=\u00a0\u00bb10px\u00a0\u00bb][vc_column_text text_lead=\u00a0\u00bbyes\u00a0\u00bb]<\/p>\n<p style=\"text-align: center; font-size: 30px; font-weight: 300; font-style: italic;\">Assisting hotels to achieve efficiency<\/p>\n<p>[\/vc_column_text][\/vc_column][vc_column width=\u00a0\u00bb1\/6&Prime;][\/vc_column][\/vc_row][vc_row row_height_percent=\u00a0\u00bb0&Prime; overlay_alpha=\u00a0\u00bb50&Prime; gutter_size=\u00a0\u00bb3&Prime; column_width_percent=\u00a0\u00bb100&Prime; shift_y=\u00a0\u00bb0&Prime; z_index=\u00a0\u00bb0&Prime;][vc_column width=\u00a0\u00bb1\/1&Prime;][vc_single_image media=\u00a0\u00bb82738&Prime; media_width_percent=\u00a0\u00bb100&Prime; media_ratio=\u00a0\u00bbtwentyone-nine\u00a0\u00bb alignment=\u00a0\u00bbcenter\u00a0\u00bb][\/vc_column][\/vc_row][vc_row row_height_percent=\u00a0\u00bb0&Prime; override_padding=\u00a0\u00bbyes\u00a0\u00bb h_padding=\u00a0\u00bb4&Prime; top_padding=\u00a0\u00bb2&Prime; bottom_padding=\u00a0\u00bb2&Prime; overlay_alpha=\u00a0\u00bb50&Prime; gutter_size=\u00a0\u00bb3&Prime; column_width_percent=\u00a0\u00bb100&Prime; shift_y=\u00a0\u00bb0&Prime; z_index=\u00a0\u00bb0&Prime;][vc_column width=\u00a0\u00bb1\/1&Prime;][vc_row_inner][vc_column_inner width=\u00a0\u00bb1\/2&Prime;][vc_column_text]<strong>D\u00e9partement de comptabilit\u00e9<\/strong><\/p>\n<p>L&rsquo;\u00e9quipe de Mayor Hospitality Management, ayant de nombreuses ann\u00e9es d&rsquo;exp\u00e9rience en ce qui concerne les processus d&rsquo;audit et lesquestions d&#8217;emploi, inspecte le service de comptabilit\u00e9 de l&rsquo;h\u00f4tel, ses accords financiers et l&rsquo;\u00e9tat des flux de tr\u00e9sorerie. Ensuite, un horaire de travail est \u00e9tabli (journalier, hebdomadaire, mensuel, annuel, etc.) qui est surveill\u00e9 afin quela conduite soigneuse de tous les travauxsoit assur\u00e9e.<\/p>\n<p>Des recommandations de changement surgissent, ainsi que la formation du personnel local, qui re\u00e7oit une s\u00e9rie de fichiers \u00e0 remettre \u00e0 la gestion de l&rsquo;h\u00f4tel afin de v\u00e9rifier que les proc\u00e9dures convenues sont observ\u00e9es et suivies, tout en appliquant une approche ax\u00e9e, visant \u00e0 atteindre l&rsquo;objectif financier mensuel\/annuel de l&rsquo;h\u00f4tel.<\/p>\n<p><strong>D\u00e9partement des aliments et des boissons<\/strong><\/p>\n<p>Apr\u00e8s avoir form\u00e9 des collaborations strat\u00e9giques avec des chefs audacieux et des conseillers gastronomiques, le d\u00e9partement des aliments et des boissons de Hospitality Management peut fournir des conseils pr\u00e9cieux \u00e0 l\u2019h\u00f4tel afin de proposer un ensemble complet d\u2019exp\u00e9riences gustatives uniques, r\u00e9sultant en l&rsquo;\u00e9tablissement de l&rsquo;h\u00f4tel comme une destination culinaire.<br \/>\nLes restaurants et les bars de tous les h\u00f4tels font partie int\u00e9grante de l&rsquo;exp\u00e9rience du client. Ils doivent donc \u00eatre nos alli\u00e9s pour maximiser la satisfaction de nos clients et, par la suite, pour augmenter les profits de l&rsquo;h\u00f4tel.<\/p>\n<p>Voici quelques exemples des services propos\u00e9s par le d\u00e9partement des aliments et boissons:<\/p>\n<p>\u2022 Cr\u00e9ation de propositions d\u00e9taill\u00e9es et composition \/ s\u00e9lection des ar\u00f4mes (en fonction de l&#8217;emplacement de l&rsquo;h\u00f4tel, des produits locaux et de l&rsquo;origine de la majorit\u00e9 des clients).<br \/>\n\u2022 Planification des menus pour les espaces de restauration<br \/>\n\u2022 D\u00e9gustation<br \/>\n\u2022 Calcul et contr\u00f4le des co\u00fbts et tarification des produits<br \/>\n\u2022 Recrutement du personnel (si demand\u00e9) et formation<br \/>\n\u2022 Photographier des produits et des espaces de restauration<br \/>\n\u2022 Cr\u00e9ation de politiques de marketing et de vente[\/vc_column_text][\/vc_column_inner][vc_column_inner width=\u00a0\u00bb1\/2&Prime;][vc_column_text]<strong>D\u00e9partement des Ressources Humaines<\/strong><\/p>\n<p>Notre avantage strat\u00e9gique r\u00e9side dans notre capacit\u00e9 \u00e0 coordonner un large \u00e9ventail d\u2019avantages et \u00e0 maximiser les march\u00e9s locaux et sectoriels.<\/p>\n<p>Une gestion efficace des ressources humaines est n\u00e9cessaire par rapport \u00e0 la croissance de l\u2019organisation et la mise en place d\u2019une exp\u00e9riencede l\u2019h\u00f4tellerie compl\u00e8te. L&rsquo;attitude positive du personnel de l&rsquo;h\u00f4tel est \u00e9troitement li\u00e9e aux exp\u00e9riences positives de ses clients.<br \/>\nLe d\u00e9partement des ressources humaines de Mayor Hospitality Management, apr\u00e8s avoir \u00e9tudi\u00e9 les postes op\u00e9rationnels n\u00e9cessaires de l\u2019h\u00f4tel, assiste l\u2019\u00e9valuation des candidats (\u00e0 partir de la r\u00e9serve disponible et de la plateforme actualis\u00e9e de Mayor Hospitality Management), en recommandant les meilleurs candidats pour les postes requis.<\/p>\n<p>En collaboration avec le directeur g\u00e9n\u00e9ral de l&rsquo;h\u00f4tel, des programmes de formation sont mis en place pour garantir que les employ\u00e9s disposent de la formation et des connaissances n\u00e9cessaires en fonction de leur poste. De cette mani\u00e8re, les employ\u00e9s sont en mesure d&rsquo;accomplir leurs devoirs sur la base des objectifs fix\u00e9s tout en obtenant une satisfaction maximale de clients.<\/p>\n<p>L&rsquo;\u00e9quipe des ressources humaines de Mayor Hospitality Management est toujours \u00e0 la disposition des dirigeants de l&rsquo;h\u00f4tel pour leur fournir du soutien, des solutions et des options. Enfin, nous fournissons des programmes de paie int\u00e9gr\u00e9s et des syst\u00e8mes qui aident \u00e0 organiser les d\u00e9partements, \u00e0 optimiser les op\u00e9rations, \u00e0 minimiser les co\u00fbts et \u00e0 maintenir l&rsquo;h\u00f4tel dans les limites du budget approuv\u00e9.[\/vc_column_text][\/vc_column_inner][\/vc_row_inner][\/vc_column][\/vc_row][vc_row][vc_column width=\u00a0\u00bb1\/4&Prime;][\/vc_column][vc_column width=\u00a0\u00bb1\/2&Prime;][vc_column_text text_lead=\u00a0\u00bbyes\u00a0\u00bb css=\u00a0\u00bb.vc_custom_1563868845491{margin-left: 0px !important;border-right-width: 0px !important;}\u00a0\u00bb]<\/p>\n<h1 style=\"text-align: center;\"><b>MORE SERVICES<\/b><\/h1>\n<p>[\/vc_column_text][vc_separator sep_color=\u00a0\u00bbcolor-uydo\u00a0\u00bb el_width=\u00a0\u00bb25%\u00a0\u00bb el_height=\u00a0\u00bb10px\u00a0\u00bb][vc_column_text text_lead=\u00a0\u00bbyes\u00a0\u00bb]<\/p>\n<p style=\"text-align: center; font-size: 30px; font-weight: 300; font-style: italic;\">Your 360 solution to Hospitality Management<\/p>\n<p>[\/vc_column_text][\/vc_column][vc_column width=\u00a0\u00bb1\/4&Prime;][\/vc_column][\/vc_row][vc_row row_height_percent=\u00a0\u00bb0&Prime; override_padding=\u00a0\u00bbyes\u00a0\u00bb h_padding=\u00a0\u00bb2&Prime; top_padding=\u00a0\u00bb3&Prime; bottom_padding=\u00a0\u00bb3&Prime; overlay_alpha=\u00a0\u00bb50&Prime; gutter_size=\u00a0\u00bb3&Prime; column_width_percent=\u00a0\u00bb100&Prime; border_color=\u00a0\u00bbcolor-gyho\u00a0\u00bb border_style=\u00a0\u00bbsolid\u00a0\u00bb shift_y=\u00a0\u00bb0&Prime; z_index=\u00a0\u00bb0&Prime; css=\u00a0\u00bb.vc_custom_1497254753995{border-top-width: 1px !important;}\u00a0\u00bb][vc_column column_width_percent=\u00a0\u00bb100&Prime; align_horizontal=\u00a0\u00bbalign_center\u00a0\u00bb overlay_alpha=\u00a0\u00bb50&Prime; gutter_size=\u00a0\u00bb3&Prime; medium_width=\u00a0\u00bb0&Prime; shift_x=\u00a0\u00bb0&Prime; shift_y=\u00a0\u00bb0&Prime; z_index=\u00a0\u00bb0&Prime; width=\u00a0\u00bb1\/1&Prime;][vc_custom_heading heading_semantic=\u00a0\u00bbh5&Prime; text_size=\u00a0\u00bbfontsize-160000&Prime; text_space=\u00a0\u00bbfontspace-502722&Prime; text_font=\u00a0\u00bbfont-762333&Prime; text_transform=\u00a0\u00bbuppercase\u00a0\u00bb]Related\u00a0Works[\/vc_custom_heading][uncode_block id=\u00a0\u00bb49597&Prime;][\/vc_column][\/vc_row]<\/p>\n","protected":false},"excerpt":{"rendered":"<p>[vc_row][vc_column width=\u00a0\u00bb1\/6&Prime;][\/vc_column][vc_column width=\u00a0\u00bb2\/3&Prime;][vc_column_text text_lead=\u00a0\u00bbyes\u00a0\u00bb css=\u00a0\u00bb.vc_custom_1567172770343{margin-left: 0px !important;border-right-width: 0px !important;}\u00a0\u00bb] Organisation et contr\u00f4le des diff\u00e9rents d\u00e9partements [\/vc_column_text][vc_separator sep_color=\u00a0\u00bbcolor-uydo\u00a0\u00bb el_width=\u00a0\u00bb20%\u00a0\u00bb el_height=\u00a0\u00bb10px\u00a0\u00bb][vc_column_text text_lead=\u00a0\u00bbyes\u00a0\u00bb] [&hellip;]<\/p>\n","protected":false},"author":1,"featured_media":83768,"parent":84588,"menu_order":0,"comment_status":"closed","ping_status":"closed","template":"","meta":{"footnotes":""},"class_list":["post-84704","page","type-page","status-publish","has-post-thumbnail","hentry","page_category-services"],"yoast_head":"<!-- This site is optimized with the Yoast SEO plugin v27.1 - https:\/\/yoast.com\/product\/yoast-seo-wordpress\/ -->\n<title>Organisation et contr\u00f4le des diff\u00e9rents d\u00e9partements - Mayor Hospitality Managment<\/title>\n<meta name=\"robots\" content=\"index, follow, max-snippet:-1, max-image-preview:large, max-video-preview:-1\" \/>\n<link rel=\"canonical\" href=\"https:\/\/www.mayorhospitality.com\/fr\/our-services\/organization-and-control-of-individual-departments\/\" \/>\n<meta property=\"og:locale\" content=\"fr_FR\" \/>\n<meta property=\"og:type\" content=\"article\" \/>\n<meta property=\"og:title\" content=\"Organisation et contr\u00f4le des diff\u00e9rents d\u00e9partements - Mayor Hospitality Managment\" \/>\n<meta property=\"og:description\" content=\"[vc_row][vc_column width=\u00a0\u00bb1\/6&Prime;][\/vc_column][vc_column width=\u00a0\u00bb2\/3&Prime;][vc_column_text text_lead=\u00a0\u00bbyes\u00a0\u00bb css=\u00a0\u00bb.vc_custom_1567172770343{margin-left: 0px !important;border-right-width: 0px !important;}\u00a0\u00bb] Organisation et contr\u00f4le des diff\u00e9rents d\u00e9partements [\/vc_column_text][vc_separator sep_color=\u00a0\u00bbcolor-uydo\u00a0\u00bb el_width=\u00a0\u00bb20%\u00a0\u00bb el_height=\u00a0\u00bb10px\u00a0\u00bb][vc_column_text text_lead=\u00a0\u00bbyes\u00a0\u00bb] [&hellip;]\" \/>\n<meta property=\"og:url\" content=\"https:\/\/www.mayorhospitality.com\/fr\/our-services\/organization-and-control-of-individual-departments\/\" \/>\n<meta property=\"og:site_name\" content=\"Mayor Hospitality Managment\" \/>\n<meta property=\"article:publisher\" content=\"https:\/\/www.facebook.com\/mayorhospitalitymanagement\/\" \/>\n<meta property=\"article:modified_time\" content=\"2019-09-05T10:27:01+00:00\" \/>\n<meta property=\"og:image\" content=\"https:\/\/www.mayorhospitality.com\/wp-content\/uploads\/2019\/07\/bigstock-Many-Happy-Business-People-Joi-287360107_result.jpg\" \/>\n\t<meta property=\"og:image:width\" content=\"1920\" \/>\n\t<meta property=\"og:image:height\" content=\"1280\" \/>\n\t<meta property=\"og:image:type\" content=\"image\/jpeg\" \/>\n<meta name=\"twitter:card\" content=\"summary_large_image\" \/>\n<meta name=\"twitter:site\" content=\"@ManagementMayor\" \/>\n<meta name=\"twitter:label1\" content=\"Dur\u00e9e de lecture estim\u00e9e\" \/>\n\t<meta name=\"twitter:data1\" content=\"5 minutes\" \/>\n<script type=\"application\/ld+json\" class=\"yoast-schema-graph\">{\"@context\":\"https:\/\/schema.org\",\"@graph\":[{\"@type\":\"WebPage\",\"@id\":\"https:\/\/www.mayorhospitality.com\/fr\/our-services\/organization-and-control-of-individual-departments\/\",\"url\":\"https:\/\/www.mayorhospitality.com\/fr\/our-services\/organization-and-control-of-individual-departments\/\",\"name\":\"Organisation et contr\u00f4le des diff\u00e9rents d\u00e9partements - Mayor Hospitality Managment\",\"isPartOf\":{\"@id\":\"https:\/\/www.mayorhospitality.com\/#website\"},\"primaryImageOfPage\":{\"@id\":\"https:\/\/www.mayorhospitality.com\/fr\/our-services\/organization-and-control-of-individual-departments\/#primaryimage\"},\"image\":{\"@id\":\"https:\/\/www.mayorhospitality.com\/fr\/our-services\/organization-and-control-of-individual-departments\/#primaryimage\"},\"thumbnailUrl\":\"https:\/\/www.mayorhospitality.com\/wp-content\/uploads\/2019\/07\/bigstock-Many-Happy-Business-People-Joi-287360107_result.jpg\",\"datePublished\":\"2019-07-01T12:59:39+00:00\",\"dateModified\":\"2019-09-05T10:27:01+00:00\",\"breadcrumb\":{\"@id\":\"https:\/\/www.mayorhospitality.com\/fr\/our-services\/organization-and-control-of-individual-departments\/#breadcrumb\"},\"inLanguage\":\"fr-FR\",\"potentialAction\":[{\"@type\":\"ReadAction\",\"target\":[\"https:\/\/www.mayorhospitality.com\/fr\/our-services\/organization-and-control-of-individual-departments\/\"]}]},{\"@type\":\"ImageObject\",\"inLanguage\":\"fr-FR\",\"@id\":\"https:\/\/www.mayorhospitality.com\/fr\/our-services\/organization-and-control-of-individual-departments\/#primaryimage\",\"url\":\"https:\/\/www.mayorhospitality.com\/wp-content\/uploads\/2019\/07\/bigstock-Many-Happy-Business-People-Joi-287360107_result.jpg\",\"contentUrl\":\"https:\/\/www.mayorhospitality.com\/wp-content\/uploads\/2019\/07\/bigstock-Many-Happy-Business-People-Joi-287360107_result.jpg\",\"width\":1920,\"height\":1280,\"caption\":\"Many happy business people stacking hands together with joy and success. Company employee celebrate after finishing successful work project. Corporate partnership and achievement concept.\"},{\"@type\":\"BreadcrumbList\",\"@id\":\"https:\/\/www.mayorhospitality.com\/fr\/our-services\/organization-and-control-of-individual-departments\/#breadcrumb\",\"itemListElement\":[{\"@type\":\"ListItem\",\"position\":1,\"name\":\"Home\",\"item\":\"https:\/\/www.mayorhospitality.com\/fr\/\"},{\"@type\":\"ListItem\",\"position\":2,\"name\":\"Nos services\",\"item\":\"https:\/\/www.mayorhospitality.com\/fr\/our-services\/\"},{\"@type\":\"ListItem\",\"position\":3,\"name\":\"Organisation et contr\u00f4le des diff\u00e9rents d\u00e9partements\"}]},{\"@type\":\"WebSite\",\"@id\":\"https:\/\/www.mayorhospitality.com\/#website\",\"url\":\"https:\/\/www.mayorhospitality.com\/\",\"name\":\"Mayor Hospitality Managment\",\"description\":\"360 Hospitality Management Services\",\"publisher\":{\"@id\":\"https:\/\/www.mayorhospitality.com\/#organization\"},\"potentialAction\":[{\"@type\":\"SearchAction\",\"target\":{\"@type\":\"EntryPoint\",\"urlTemplate\":\"https:\/\/www.mayorhospitality.com\/?s={search_term_string}\"},\"query-input\":{\"@type\":\"PropertyValueSpecification\",\"valueRequired\":true,\"valueName\":\"search_term_string\"}}],\"inLanguage\":\"fr-FR\"},{\"@type\":\"Organization\",\"@id\":\"https:\/\/www.mayorhospitality.com\/#organization\",\"name\":\"Mayor Hospitality Managment\",\"url\":\"https:\/\/www.mayorhospitality.com\/\",\"logo\":{\"@type\":\"ImageObject\",\"inLanguage\":\"fr-FR\",\"@id\":\"https:\/\/www.mayorhospitality.com\/#\/schema\/logo\/image\/\",\"url\":\"https:\/\/www.mayorhospitality.com\/wp-content\/uploads\/2019\/07\/mhm_logo.png\",\"contentUrl\":\"https:\/\/www.mayorhospitality.com\/wp-content\/uploads\/2019\/07\/mhm_logo.png\",\"width\":457,\"height\":112,\"caption\":\"Mayor Hospitality Managment\"},\"image\":{\"@id\":\"https:\/\/www.mayorhospitality.com\/#\/schema\/logo\/image\/\"},\"sameAs\":[\"https:\/\/www.facebook.com\/mayorhospitalitymanagement\/\",\"https:\/\/x.com\/ManagementMayor\",\"https:\/\/www.linkedin.com\/company\/mayor-hospitality-management\"]}]}<\/script>\n<!-- \/ Yoast SEO plugin. -->","yoast_head_json":{"title":"Organisation et contr\u00f4le des diff\u00e9rents d\u00e9partements - Mayor Hospitality Managment","robots":{"index":"index","follow":"follow","max-snippet":"max-snippet:-1","max-image-preview":"max-image-preview:large","max-video-preview":"max-video-preview:-1"},"canonical":"https:\/\/www.mayorhospitality.com\/fr\/our-services\/organization-and-control-of-individual-departments\/","og_locale":"fr_FR","og_type":"article","og_title":"Organisation et contr\u00f4le des diff\u00e9rents d\u00e9partements - Mayor Hospitality Managment","og_description":"[vc_row][vc_column width=\u00a0\u00bb1\/6&Prime;][\/vc_column][vc_column width=\u00a0\u00bb2\/3&Prime;][vc_column_text text_lead=\u00a0\u00bbyes\u00a0\u00bb css=\u00a0\u00bb.vc_custom_1567172770343{margin-left: 0px !important;border-right-width: 0px !important;}\u00a0\u00bb] Organisation et contr\u00f4le des diff\u00e9rents d\u00e9partements [\/vc_column_text][vc_separator sep_color=\u00a0\u00bbcolor-uydo\u00a0\u00bb el_width=\u00a0\u00bb20%\u00a0\u00bb el_height=\u00a0\u00bb10px\u00a0\u00bb][vc_column_text text_lead=\u00a0\u00bbyes\u00a0\u00bb] [&hellip;]","og_url":"https:\/\/www.mayorhospitality.com\/fr\/our-services\/organization-and-control-of-individual-departments\/","og_site_name":"Mayor Hospitality Managment","article_publisher":"https:\/\/www.facebook.com\/mayorhospitalitymanagement\/","article_modified_time":"2019-09-05T10:27:01+00:00","og_image":[{"width":1920,"height":1280,"url":"https:\/\/www.mayorhospitality.com\/wp-content\/uploads\/2019\/07\/bigstock-Many-Happy-Business-People-Joi-287360107_result.jpg","type":"image\/jpeg"}],"twitter_card":"summary_large_image","twitter_site":"@ManagementMayor","twitter_misc":{"Dur\u00e9e de lecture estim\u00e9e":"5 minutes"},"schema":{"@context":"https:\/\/schema.org","@graph":[{"@type":"WebPage","@id":"https:\/\/www.mayorhospitality.com\/fr\/our-services\/organization-and-control-of-individual-departments\/","url":"https:\/\/www.mayorhospitality.com\/fr\/our-services\/organization-and-control-of-individual-departments\/","name":"Organisation et contr\u00f4le des diff\u00e9rents d\u00e9partements - Mayor Hospitality Managment","isPartOf":{"@id":"https:\/\/www.mayorhospitality.com\/#website"},"primaryImageOfPage":{"@id":"https:\/\/www.mayorhospitality.com\/fr\/our-services\/organization-and-control-of-individual-departments\/#primaryimage"},"image":{"@id":"https:\/\/www.mayorhospitality.com\/fr\/our-services\/organization-and-control-of-individual-departments\/#primaryimage"},"thumbnailUrl":"https:\/\/www.mayorhospitality.com\/wp-content\/uploads\/2019\/07\/bigstock-Many-Happy-Business-People-Joi-287360107_result.jpg","datePublished":"2019-07-01T12:59:39+00:00","dateModified":"2019-09-05T10:27:01+00:00","breadcrumb":{"@id":"https:\/\/www.mayorhospitality.com\/fr\/our-services\/organization-and-control-of-individual-departments\/#breadcrumb"},"inLanguage":"fr-FR","potentialAction":[{"@type":"ReadAction","target":["https:\/\/www.mayorhospitality.com\/fr\/our-services\/organization-and-control-of-individual-departments\/"]}]},{"@type":"ImageObject","inLanguage":"fr-FR","@id":"https:\/\/www.mayorhospitality.com\/fr\/our-services\/organization-and-control-of-individual-departments\/#primaryimage","url":"https:\/\/www.mayorhospitality.com\/wp-content\/uploads\/2019\/07\/bigstock-Many-Happy-Business-People-Joi-287360107_result.jpg","contentUrl":"https:\/\/www.mayorhospitality.com\/wp-content\/uploads\/2019\/07\/bigstock-Many-Happy-Business-People-Joi-287360107_result.jpg","width":1920,"height":1280,"caption":"Many happy business people stacking hands together with joy and success. Company employee celebrate after finishing successful work project. Corporate partnership and achievement concept."},{"@type":"BreadcrumbList","@id":"https:\/\/www.mayorhospitality.com\/fr\/our-services\/organization-and-control-of-individual-departments\/#breadcrumb","itemListElement":[{"@type":"ListItem","position":1,"name":"Home","item":"https:\/\/www.mayorhospitality.com\/fr\/"},{"@type":"ListItem","position":2,"name":"Nos services","item":"https:\/\/www.mayorhospitality.com\/fr\/our-services\/"},{"@type":"ListItem","position":3,"name":"Organisation et contr\u00f4le des diff\u00e9rents d\u00e9partements"}]},{"@type":"WebSite","@id":"https:\/\/www.mayorhospitality.com\/#website","url":"https:\/\/www.mayorhospitality.com\/","name":"Mayor Hospitality Managment","description":"360 Hospitality Management Services","publisher":{"@id":"https:\/\/www.mayorhospitality.com\/#organization"},"potentialAction":[{"@type":"SearchAction","target":{"@type":"EntryPoint","urlTemplate":"https:\/\/www.mayorhospitality.com\/?s={search_term_string}"},"query-input":{"@type":"PropertyValueSpecification","valueRequired":true,"valueName":"search_term_string"}}],"inLanguage":"fr-FR"},{"@type":"Organization","@id":"https:\/\/www.mayorhospitality.com\/#organization","name":"Mayor Hospitality Managment","url":"https:\/\/www.mayorhospitality.com\/","logo":{"@type":"ImageObject","inLanguage":"fr-FR","@id":"https:\/\/www.mayorhospitality.com\/#\/schema\/logo\/image\/","url":"https:\/\/www.mayorhospitality.com\/wp-content\/uploads\/2019\/07\/mhm_logo.png","contentUrl":"https:\/\/www.mayorhospitality.com\/wp-content\/uploads\/2019\/07\/mhm_logo.png","width":457,"height":112,"caption":"Mayor Hospitality Managment"},"image":{"@id":"https:\/\/www.mayorhospitality.com\/#\/schema\/logo\/image\/"},"sameAs":["https:\/\/www.facebook.com\/mayorhospitalitymanagement\/","https:\/\/x.com\/ManagementMayor","https:\/\/www.linkedin.com\/company\/mayor-hospitality-management"]}]}},"_links":{"self":[{"href":"https:\/\/www.mayorhospitality.com\/fr\/wp-json\/wp\/v2\/pages\/84704","targetHints":{"allow":["GET"]}}],"collection":[{"href":"https:\/\/www.mayorhospitality.com\/fr\/wp-json\/wp\/v2\/pages"}],"about":[{"href":"https:\/\/www.mayorhospitality.com\/fr\/wp-json\/wp\/v2\/types\/page"}],"author":[{"embeddable":true,"href":"https:\/\/www.mayorhospitality.com\/fr\/wp-json\/wp\/v2\/users\/1"}],"replies":[{"embeddable":true,"href":"https:\/\/www.mayorhospitality.com\/fr\/wp-json\/wp\/v2\/comments?post=84704"}],"version-history":[{"count":4,"href":"https:\/\/www.mayorhospitality.com\/fr\/wp-json\/wp\/v2\/pages\/84704\/revisions"}],"predecessor-version":[{"id":85223,"href":"https:\/\/www.mayorhospitality.com\/fr\/wp-json\/wp\/v2\/pages\/84704\/revisions\/85223"}],"up":[{"embeddable":true,"href":"https:\/\/www.mayorhospitality.com\/fr\/wp-json\/wp\/v2\/pages\/84588"}],"wp:featuredmedia":[{"embeddable":true,"href":"https:\/\/www.mayorhospitality.com\/fr\/wp-json\/wp\/v2\/media\/83768"}],"wp:attachment":[{"href":"https:\/\/www.mayorhospitality.com\/fr\/wp-json\/wp\/v2\/media?parent=84704"}],"curies":[{"name":"wp","href":"https:\/\/api.w.org\/{rel}","templated":true}]}}