{"id":86066,"date":"2021-07-28T09:39:21","date_gmt":"2021-07-28T09:39:21","guid":{"rendered":"https:\/\/www.mayorhospitality.com\/?page_id=86066"},"modified":"2021-07-28T10:12:26","modified_gmt":"2021-07-28T10:12:26","slug":"https-www-mayorhospitality-com-clients-portfolio-plaza-resort","status":"publish","type":"page","link":"https:\/\/www.mayorhospitality.com\/fr\/our-projects\/https-www-mayorhospitality-com-clients-portfolio-plaza-resort\/","title":{"rendered":"Plaza Resort"},"content":{"rendered":"<p>[vc_row][vc_column column_width_percent=\u00a0\u00bb100&Prime; overlay_alpha=\u00a0\u00bb50&Prime; gutter_size=\u00a0\u00bb3&Prime; medium_width=\u00a0\u00bb0&Prime; mobile_width=\u00a0\u00bb0&Prime; shift_x=\u00a0\u00bb0&Prime; shift_y=\u00a0\u00bb0&Prime; shift_y_down=\u00a0\u00bb0&Prime; z_index=\u00a0\u00bb0&Prime; width=\u00a0\u00bb1\/6&Prime;][\/vc_column][vc_column width=\u00a0\u00bb2\/3&Prime;][vc_column_text text_lead=\u00a0\u00bbyes\u00a0\u00bb css=\u00a0\u00bb.vc_custom_1627464968374{margin-left: 0px !important;border-right-width: 0px !important;}\u00a0\u00bb]<\/p>\n<h1 style=\"text-align: center;\">Plaza Resort<\/h1>\n<p>[\/vc_column_text][vc_separator sep_color=\u00a0\u00bbcolor-uydo\u00a0\u00bb el_width=\u00a0\u00bb20%\u00a0\u00bb el_height=\u00a0\u00bb10px\u00a0\u00bb][\/vc_column][vc_column width=\u00a0\u00bb1\/6&Prime;][\/vc_column][\/vc_row][vc_row row_height_percent=\u00a0\u00bb0&Prime; overlay_alpha=\u00a0\u00bb50&Prime; gutter_size=\u00a0\u00bb3&Prime; column_width_percent=\u00a0\u00bb100&Prime; shift_y=\u00a0\u00bb0&Prime; z_index=\u00a0\u00bb0&Prime;][vc_column width=\u00a0\u00bb1\/1&Prime;][vc_single_image media=\u00a0\u00bb85764&Prime; media_width_percent=\u00a0\u00bb100&Prime; media_ratio=\u00a0\u00bbtwentyone-nine\u00a0\u00bb alignment=\u00a0\u00bbcenter\u00a0\u00bb][\/vc_column][\/vc_row][vc_row row_height_percent=\u00a0\u00bb0&Prime; override_padding=\u00a0\u00bbyes\u00a0\u00bb h_padding=\u00a0\u00bb4&Prime; top_padding=\u00a0\u00bb2&Prime; bottom_padding=\u00a0\u00bb2&Prime; overlay_alpha=\u00a0\u00bb50&Prime; gutter_size=\u00a0\u00bb3&Prime; column_width_percent=\u00a0\u00bb100&Prime; shift_y=\u00a0\u00bb0&Prime; z_index=\u00a0\u00bb0&Prime;][vc_column width=\u00a0\u00bb1\/1&Prime;][vc_column_text]Plaza Resort est un h\u00f4tel 5 \u00e9toiles situ\u00e9 dans le quartier le plus exclusif d&rsquo;Ath\u00e8nes. Cet h\u00f4tel luxueux et confortable est situe a une emplacement exceptionnel sur la plage d&rsquo;Anavyssos, offre une combinaison gagnante d&rsquo;hospitalit\u00e9 et d&rsquo;\u00e9quipements d&rsquo;un h\u00f4tel de ville dans un complexe.<\/p>\n<p>Id\u00e9al pour un week-end de d\u00e9tente, des vacances en famille ou des besoins d&rsquo;affaires. Quels que soient les choix des clients, Plaza Resort offrira le meilleur environnement et les meilleurs services pour les voyageurs d&rsquo;agr\u00e9ment et les voyageurs d&rsquo;affaires modernes.\u00a0L&rsquo;h\u00f4tel est situ\u00e9 sur la plage d&rsquo;Anavyssos, pr\u00e8s des villes d&rsquo;Anavyssos et de Palea Fokea, pr\u00e8s de la zone c\u00f4ti\u00e8re de l&rsquo;Attique.<\/p>\n<p>Plaza Resort est id\u00e9alement situ\u00e9 \u00e0 20 minutes de l&rsquo;a\u00e9roport international Eleftherios Venizelos, \u00e0 45 minutes du centre d&rsquo;Ath\u00e8nes et \u00e0 17 km de l&rsquo;ancien temple de Pos\u00e9idon au Sounion.\u00a0La Riviera d&rsquo;Ath\u00e8nes offre plus qu&rsquo;assez de baignade, de restauration, de shopping et de visites pour remplir chaque jour d&rsquo;une nouvelle exp\u00e9rience.[\/vc_column_text][vc_row_inner][vc_column_inner width=\u00a0\u00bb4\/6&Prime;][\/vc_column_inner][vc_column_inner column_width_percent=\u00a0\u00bb100&Prime; position_vertical=\u00a0\u00bbmiddle\u00a0\u00bb align_horizontal=\u00a0\u00bbalign_center\u00a0\u00bb gutter_size=\u00a0\u00bb3&Prime; overlay_alpha=\u00a0\u00bb50&Prime; medium_width=\u00a0\u00bb0&Prime; mobile_width=\u00a0\u00bb0&Prime; shift_x=\u00a0\u00bb0&Prime; shift_y=\u00a0\u00bb0&Prime; shift_y_down=\u00a0\u00bb0&Prime; z_index=\u00a0\u00bb0&Prime; width=\u00a0\u00bb1\/6&Prime;][\/vc_column_inner][vc_column_inner column_width_percent=\u00a0\u00bb100&Prime; align_horizontal=\u00a0\u00bbalign_center\u00a0\u00bb gutter_size=\u00a0\u00bb3&Prime; overlay_alpha=\u00a0\u00bb50&Prime; medium_width=\u00a0\u00bb0&Prime; mobile_width=\u00a0\u00bb0&Prime; shift_x=\u00a0\u00bb0&Prime; shift_y=\u00a0\u00bb0&Prime; shift_y_down=\u00a0\u00bb0&Prime; z_index=\u00a0\u00bb0&Prime; width=\u00a0\u00bb1\/6&Prime;][vc_button button_color=\u00a0\u00bbcolor-wvjs\u00a0\u00bb wide=\u00a0\u00bbyes\u00a0\u00bb border_width=\u00a0\u00bb0&Prime; display=\u00a0\u00bbinline\u00a0\u00bb link=\u00a0\u00bburl:https%3A%2F%2Fwww.plaza-resort.com%2F||target:%20_blank|\u00a0\u00bb el_class=\u00a0\u00bbportfolio-button\u00a0\u00bb]View Website[\/vc_button][\/vc_column_inner][\/vc_row_inner][\/vc_column][\/vc_row][vc_row][vc_column width=\u00a0\u00bb1\/1&Prime;][vc_gallery el_id=\u00a0\u00bbgallery-114147&Prime; type=\u00a0\u00bbjustified\u00a0\u00bb medias=\u00a0\u00bb85785,85800,86094,85795,85805,85774&Prime; justify_row_height=\u00a0\u00bb250&Prime; gutter_size=\u00a0\u00bb3&Prime; media_items=\u00a0\u00bbmedia|lightbox|original\u00a0\u00bb single_overlay_opacity=\u00a0\u00bb50&Prime; single_padding=\u00a0\u00bb2&Prime;][\/vc_column][\/vc_row]<\/p>\n","protected":false},"excerpt":{"rendered":"<p>[vc_row][vc_column column_width_percent=\u00a0\u00bb100&Prime; overlay_alpha=\u00a0\u00bb50&Prime; gutter_size=\u00a0\u00bb3&Prime; medium_width=\u00a0\u00bb0&Prime; mobile_width=\u00a0\u00bb0&Prime; shift_x=\u00a0\u00bb0&Prime; shift_y=\u00a0\u00bb0&Prime; shift_y_down=\u00a0\u00bb0&Prime; z_index=\u00a0\u00bb0&Prime; width=\u00a0\u00bb1\/6&Prime;][\/vc_column][vc_column width=\u00a0\u00bb2\/3&Prime;][vc_column_text text_lead=\u00a0\u00bbyes\u00a0\u00bb css=\u00a0\u00bb.vc_custom_1627464968374{margin-left: 0px !important;border-right-width: 0px !important;}\u00a0\u00bb] Plaza Resort [&hellip;]<\/p>\n","protected":false},"author":5,"featured_media":0,"parent":84622,"menu_order":0,"comment_status":"closed","ping_status":"closed","template":"","meta":{"footnotes":""},"class_list":["post-86066","page","type-page","status-publish","hentry"],"yoast_head":"<!-- This site is optimized with the Yoast SEO plugin v27.1 - https:\/\/yoast.com\/product\/yoast-seo-wordpress\/ -->\n<title>Plaza Resort - Mayor Hospitality Managment<\/title>\n<meta name=\"robots\" content=\"index, follow, max-snippet:-1, max-image-preview:large, max-video-preview:-1\" \/>\n<link rel=\"canonical\" href=\"https:\/\/www.mayorhospitality.com\/fr\/our-projects\/https-www-mayorhospitality-com-clients-portfolio-plaza-resort\/\" \/>\n<meta property=\"og:locale\" content=\"fr_FR\" \/>\n<meta property=\"og:type\" content=\"article\" \/>\n<meta property=\"og:title\" content=\"Plaza Resort - Mayor Hospitality Managment\" \/>\n<meta property=\"og:description\" content=\"[vc_row][vc_column column_width_percent=\u00a0\u00bb100&Prime; overlay_alpha=\u00a0\u00bb50&Prime; gutter_size=\u00a0\u00bb3&Prime; medium_width=\u00a0\u00bb0&Prime; mobile_width=\u00a0\u00bb0&Prime; shift_x=\u00a0\u00bb0&Prime; shift_y=\u00a0\u00bb0&Prime; shift_y_down=\u00a0\u00bb0&Prime; z_index=\u00a0\u00bb0&Prime; width=\u00a0\u00bb1\/6&Prime;][\/vc_column][vc_column width=\u00a0\u00bb2\/3&Prime;][vc_column_text text_lead=\u00a0\u00bbyes\u00a0\u00bb css=\u00a0\u00bb.vc_custom_1627464968374{margin-left: 0px !important;border-right-width: 0px !important;}\u00a0\u00bb] Plaza Resort [&hellip;]\" \/>\n<meta property=\"og:url\" content=\"https:\/\/www.mayorhospitality.com\/fr\/our-projects\/https-www-mayorhospitality-com-clients-portfolio-plaza-resort\/\" \/>\n<meta property=\"og:site_name\" content=\"Mayor Hospitality Managment\" \/>\n<meta property=\"article:publisher\" content=\"https:\/\/www.facebook.com\/mayorhospitalitymanagement\/\" \/>\n<meta property=\"article:modified_time\" content=\"2021-07-28T10:12:26+00:00\" \/>\n<meta name=\"twitter:card\" content=\"summary_large_image\" \/>\n<meta name=\"twitter:site\" content=\"@ManagementMayor\" \/>\n<meta name=\"twitter:label1\" content=\"Dur\u00e9e de lecture estim\u00e9e\" \/>\n\t<meta name=\"twitter:data1\" content=\"2 minutes\" \/>\n<script type=\"application\/ld+json\" class=\"yoast-schema-graph\">{\"@context\":\"https:\/\/schema.org\",\"@graph\":[{\"@type\":\"WebPage\",\"@id\":\"https:\/\/www.mayorhospitality.com\/fr\/our-projects\/https-www-mayorhospitality-com-clients-portfolio-plaza-resort\/\",\"url\":\"https:\/\/www.mayorhospitality.com\/fr\/our-projects\/https-www-mayorhospitality-com-clients-portfolio-plaza-resort\/\",\"name\":\"Plaza Resort - Mayor Hospitality Managment\",\"isPartOf\":{\"@id\":\"https:\/\/www.mayorhospitality.com\/#website\"},\"datePublished\":\"2021-07-28T09:39:21+00:00\",\"dateModified\":\"2021-07-28T10:12:26+00:00\",\"breadcrumb\":{\"@id\":\"https:\/\/www.mayorhospitality.com\/fr\/our-projects\/https-www-mayorhospitality-com-clients-portfolio-plaza-resort\/#breadcrumb\"},\"inLanguage\":\"fr-FR\",\"potentialAction\":[{\"@type\":\"ReadAction\",\"target\":[\"https:\/\/www.mayorhospitality.com\/fr\/our-projects\/https-www-mayorhospitality-com-clients-portfolio-plaza-resort\/\"]}]},{\"@type\":\"BreadcrumbList\",\"@id\":\"https:\/\/www.mayorhospitality.com\/fr\/our-projects\/https-www-mayorhospitality-com-clients-portfolio-plaza-resort\/#breadcrumb\",\"itemListElement\":[{\"@type\":\"ListItem\",\"position\":1,\"name\":\"Home\",\"item\":\"https:\/\/www.mayorhospitality.com\/fr\/\"},{\"@type\":\"ListItem\",\"position\":2,\"name\":\"Nos projets\",\"item\":\"https:\/\/www.mayorhospitality.com\/fr\/our-projects\/\"},{\"@type\":\"ListItem\",\"position\":3,\"name\":\"Plaza Resort\"}]},{\"@type\":\"WebSite\",\"@id\":\"https:\/\/www.mayorhospitality.com\/#website\",\"url\":\"https:\/\/www.mayorhospitality.com\/\",\"name\":\"Mayor Hospitality Managment\",\"description\":\"360 Hospitality Management Services\",\"publisher\":{\"@id\":\"https:\/\/www.mayorhospitality.com\/#organization\"},\"potentialAction\":[{\"@type\":\"SearchAction\",\"target\":{\"@type\":\"EntryPoint\",\"urlTemplate\":\"https:\/\/www.mayorhospitality.com\/?s={search_term_string}\"},\"query-input\":{\"@type\":\"PropertyValueSpecification\",\"valueRequired\":true,\"valueName\":\"search_term_string\"}}],\"inLanguage\":\"fr-FR\"},{\"@type\":\"Organization\",\"@id\":\"https:\/\/www.mayorhospitality.com\/#organization\",\"name\":\"Mayor Hospitality Managment\",\"url\":\"https:\/\/www.mayorhospitality.com\/\",\"logo\":{\"@type\":\"ImageObject\",\"inLanguage\":\"fr-FR\",\"@id\":\"https:\/\/www.mayorhospitality.com\/#\/schema\/logo\/image\/\",\"url\":\"https:\/\/www.mayorhospitality.com\/wp-content\/uploads\/2019\/07\/mhm_logo.png\",\"contentUrl\":\"https:\/\/www.mayorhospitality.com\/wp-content\/uploads\/2019\/07\/mhm_logo.png\",\"width\":457,\"height\":112,\"caption\":\"Mayor Hospitality Managment\"},\"image\":{\"@id\":\"https:\/\/www.mayorhospitality.com\/#\/schema\/logo\/image\/\"},\"sameAs\":[\"https:\/\/www.facebook.com\/mayorhospitalitymanagement\/\",\"https:\/\/x.com\/ManagementMayor\",\"https:\/\/www.linkedin.com\/company\/mayor-hospitality-management\"]}]}<\/script>\n<!-- \/ Yoast SEO plugin. -->","yoast_head_json":{"title":"Plaza Resort - Mayor Hospitality Managment","robots":{"index":"index","follow":"follow","max-snippet":"max-snippet:-1","max-image-preview":"max-image-preview:large","max-video-preview":"max-video-preview:-1"},"canonical":"https:\/\/www.mayorhospitality.com\/fr\/our-projects\/https-www-mayorhospitality-com-clients-portfolio-plaza-resort\/","og_locale":"fr_FR","og_type":"article","og_title":"Plaza Resort - Mayor Hospitality Managment","og_description":"[vc_row][vc_column column_width_percent=\u00a0\u00bb100&Prime; overlay_alpha=\u00a0\u00bb50&Prime; gutter_size=\u00a0\u00bb3&Prime; medium_width=\u00a0\u00bb0&Prime; mobile_width=\u00a0\u00bb0&Prime; shift_x=\u00a0\u00bb0&Prime; shift_y=\u00a0\u00bb0&Prime; shift_y_down=\u00a0\u00bb0&Prime; z_index=\u00a0\u00bb0&Prime; width=\u00a0\u00bb1\/6&Prime;][\/vc_column][vc_column width=\u00a0\u00bb2\/3&Prime;][vc_column_text text_lead=\u00a0\u00bbyes\u00a0\u00bb css=\u00a0\u00bb.vc_custom_1627464968374{margin-left: 0px !important;border-right-width: 0px !important;}\u00a0\u00bb] Plaza Resort [&hellip;]","og_url":"https:\/\/www.mayorhospitality.com\/fr\/our-projects\/https-www-mayorhospitality-com-clients-portfolio-plaza-resort\/","og_site_name":"Mayor Hospitality Managment","article_publisher":"https:\/\/www.facebook.com\/mayorhospitalitymanagement\/","article_modified_time":"2021-07-28T10:12:26+00:00","twitter_card":"summary_large_image","twitter_site":"@ManagementMayor","twitter_misc":{"Dur\u00e9e de lecture estim\u00e9e":"2 minutes"},"schema":{"@context":"https:\/\/schema.org","@graph":[{"@type":"WebPage","@id":"https:\/\/www.mayorhospitality.com\/fr\/our-projects\/https-www-mayorhospitality-com-clients-portfolio-plaza-resort\/","url":"https:\/\/www.mayorhospitality.com\/fr\/our-projects\/https-www-mayorhospitality-com-clients-portfolio-plaza-resort\/","name":"Plaza Resort - Mayor Hospitality Managment","isPartOf":{"@id":"https:\/\/www.mayorhospitality.com\/#website"},"datePublished":"2021-07-28T09:39:21+00:00","dateModified":"2021-07-28T10:12:26+00:00","breadcrumb":{"@id":"https:\/\/www.mayorhospitality.com\/fr\/our-projects\/https-www-mayorhospitality-com-clients-portfolio-plaza-resort\/#breadcrumb"},"inLanguage":"fr-FR","potentialAction":[{"@type":"ReadAction","target":["https:\/\/www.mayorhospitality.com\/fr\/our-projects\/https-www-mayorhospitality-com-clients-portfolio-plaza-resort\/"]}]},{"@type":"BreadcrumbList","@id":"https:\/\/www.mayorhospitality.com\/fr\/our-projects\/https-www-mayorhospitality-com-clients-portfolio-plaza-resort\/#breadcrumb","itemListElement":[{"@type":"ListItem","position":1,"name":"Home","item":"https:\/\/www.mayorhospitality.com\/fr\/"},{"@type":"ListItem","position":2,"name":"Nos projets","item":"https:\/\/www.mayorhospitality.com\/fr\/our-projects\/"},{"@type":"ListItem","position":3,"name":"Plaza Resort"}]},{"@type":"WebSite","@id":"https:\/\/www.mayorhospitality.com\/#website","url":"https:\/\/www.mayorhospitality.com\/","name":"Mayor Hospitality Managment","description":"360 Hospitality Management Services","publisher":{"@id":"https:\/\/www.mayorhospitality.com\/#organization"},"potentialAction":[{"@type":"SearchAction","target":{"@type":"EntryPoint","urlTemplate":"https:\/\/www.mayorhospitality.com\/?s={search_term_string}"},"query-input":{"@type":"PropertyValueSpecification","valueRequired":true,"valueName":"search_term_string"}}],"inLanguage":"fr-FR"},{"@type":"Organization","@id":"https:\/\/www.mayorhospitality.com\/#organization","name":"Mayor Hospitality Managment","url":"https:\/\/www.mayorhospitality.com\/","logo":{"@type":"ImageObject","inLanguage":"fr-FR","@id":"https:\/\/www.mayorhospitality.com\/#\/schema\/logo\/image\/","url":"https:\/\/www.mayorhospitality.com\/wp-content\/uploads\/2019\/07\/mhm_logo.png","contentUrl":"https:\/\/www.mayorhospitality.com\/wp-content\/uploads\/2019\/07\/mhm_logo.png","width":457,"height":112,"caption":"Mayor Hospitality Managment"},"image":{"@id":"https:\/\/www.mayorhospitality.com\/#\/schema\/logo\/image\/"},"sameAs":["https:\/\/www.facebook.com\/mayorhospitalitymanagement\/","https:\/\/x.com\/ManagementMayor","https:\/\/www.linkedin.com\/company\/mayor-hospitality-management"]}]}},"_links":{"self":[{"href":"https:\/\/www.mayorhospitality.com\/fr\/wp-json\/wp\/v2\/pages\/86066","targetHints":{"allow":["GET"]}}],"collection":[{"href":"https:\/\/www.mayorhospitality.com\/fr\/wp-json\/wp\/v2\/pages"}],"about":[{"href":"https:\/\/www.mayorhospitality.com\/fr\/wp-json\/wp\/v2\/types\/page"}],"author":[{"embeddable":true,"href":"https:\/\/www.mayorhospitality.com\/fr\/wp-json\/wp\/v2\/users\/5"}],"replies":[{"embeddable":true,"href":"https:\/\/www.mayorhospitality.com\/fr\/wp-json\/wp\/v2\/comments?post=86066"}],"version-history":[{"count":4,"href":"https:\/\/www.mayorhospitality.com\/fr\/wp-json\/wp\/v2\/pages\/86066\/revisions"}],"predecessor-version":[{"id":86129,"href":"https:\/\/www.mayorhospitality.com\/fr\/wp-json\/wp\/v2\/pages\/86066\/revisions\/86129"}],"up":[{"embeddable":true,"href":"https:\/\/www.mayorhospitality.com\/fr\/wp-json\/wp\/v2\/pages\/84622"}],"wp:attachment":[{"href":"https:\/\/www.mayorhospitality.com\/fr\/wp-json\/wp\/v2\/media?parent=86066"}],"curies":[{"name":"wp","href":"https:\/\/api.w.org\/{rel}","templated":true}]}}